{"id":701128,"date":"2025-12-22T18:40:25","date_gmt":"2025-12-22T15:40:25","guid":{"rendered":"https:\/\/nbg.eu\/product\/hurtigsag\/"},"modified":"2026-04-15T14:12:53","modified_gmt":"2026-04-15T11:12:53","slug":"hurtigsag","status":"publish","type":"product","link":"https:\/\/nbg.eu\/da\/vare\/hurtigsag\/","title":{"rendered":"Eberlestock Etui Recon Quickcase"},"content":{"rendered":"<h2>Quickcase: Din kompakte overlevelsesledsager<\/h2>\n<p>Quickcase er en alsidig lynl\u00e5staske designet til at sidde perfekt p\u00e5 Recon Modular Bino-selen. Denne kompakte tilbeh\u00f8rsdel giver den perfekte l\u00f8sning til opbevaring og sikring af dit vigtige overlevelsesudstyr, s\u00e5 du altid er forberedt p\u00e5 det uventede.<\/p>\n<p>Med den helt rigtige st\u00f8rrelse tilbyder Quickcase rigeligt plads til et lille overlevelsess\u00e6t, hvilket g\u00f8r den til en uundv\u00e6rlig ledsager, hvis du skulle blive adskilt fra din hovedrygs\u00e6k.Dens slidst\u00e6rke konstruktion og sikre lynl\u00e5slukning holder dine kritiske genstande sikre og tilg\u00e6ngelige, n\u00e5r du har brug for dem mest.<\/p>\n<p>Men Quickcase&#8217;s nyttev\u00e6rdi r\u00e6kker udover bare overlevelsesparathed. Brug den som en praktisk opbevaringspose til sm\u00e5 genstande, hold dem organiserede og inden for r\u00e6kkevidde, mens du er p\u00e5 farten. Uanset om du er p\u00e5 vandretur, campingtur eller besk\u00e6ftiger dig med anden udend\u00f8rsaktivitet, vil dette alsidige tilbeh\u00f8r blive en uundv\u00e6rlig del af dit udstyr.<\/p>\n<p>Designet til at integrere s\u00f8ml\u00f8st med Recon Modular Bino-selen, sidder Quickcase sikkert fast p\u00e5 stroppen med burreb\u00e5nd p\u00e5 selens bagside. Denne integration giver dig mulighed for at holde dine vigtigste genstande inden for r\u00e6kkevidde, samtidig med at du frig\u00f8r plads i din hovedrygs\u00e6k og sikrer, at du har alt, hvad du har brug for, lige ved h\u00e5nden.<\/p>\n","protected":false},"excerpt":{"rendered":"<p>En lille lynl\u00e5spose, der fastg\u00f8res til Recon Modular Bino Harness til overlevelsess\u00e6t eller opbevaring af sm\u00e5 genstande.<\/p>\n","protected":false},"featured_media":701149,"template":"","meta":{"_acf_changed":false},"product_brand":[15141],"product_cat":[13137],"product_tag":[],"class_list":{"0":"post-701128","1":"product","2":"type-product","3":"status-publish","4":"has-post-thumbnail","6":"product_brand-eberlestock","7":"product_cat-tasker","9":"first","10":"instock","11":"taxable","12":"shipping-taxable","13":"purchasable","14":"product-type-variable","15":"wvs-archive-product-wrapper"},"acf":[],"_links":{"self":[{"href":"https:\/\/nbg.eu\/da\/wp-json\/wp\/v2\/product\/701128","targetHints":{"allow":["GET"]}}],"collection":[{"href":"https:\/\/nbg.eu\/da\/wp-json\/wp\/v2\/product"}],"about":[{"href":"https:\/\/nbg.eu\/da\/wp-json\/wp\/v2\/types\/product"}],"wp:featuredmedia":[{"embeddable":true,"href":"https:\/\/nbg.eu\/da\/wp-json\/wp\/v2\/media\/701149"}],"wp:attachment":[{"href":"https:\/\/nbg.eu\/da\/wp-json\/wp\/v2\/media?parent=701128"}],"wp:term":[{"taxonomy":"product_brand","embeddable":true,"href":"https:\/\/nbg.eu\/da\/wp-json\/wp\/v2\/product_brand?post=701128"},{"taxonomy":"product_cat","embeddable":true,"href":"https:\/\/nbg.eu\/da\/wp-json\/wp\/v2\/product_cat?post=701128"},{"taxonomy":"product_tag","embeddable":true,"href":"https:\/\/nbg.eu\/da\/wp-json\/wp\/v2\/product_tag?post=701128"}],"curies":[{"name":"wp","href":"https:\/\/api.w.org\/{rel}","templated":true}]}}