{"id":701816,"date":"2025-12-23T11:39:12","date_gmt":"2025-12-23T08:39:12","guid":{"rendered":"https:\/\/nbg.eu\/product\/haandvarmelegeme\/"},"modified":"2026-04-15T14:12:49","modified_gmt":"2026-04-15T11:12:49","slug":"haandvarmelegeme","status":"publish","type":"product","link":"https:\/\/nbg.eu\/da\/vare\/haandvarmelegeme\/","title":{"rendered":"Eberlestock H\u00e5ndvarmer Recon"},"content":{"rendered":"<h2>Recon H\u00e5ndvarmer: Let varme til udend\u00f8rs eventyr<\/h2>\n<p>At holde dine h\u00e6nder varme uden at g\u00e5 p\u00e5 kompromis med fingerf\u00f8rligheden har aldrig v\u00e6ret nemmere med Recon H\u00e5ndvarmeren. Dette innovative tilbeh\u00f8r s\u00e6ttes nemt fast p\u00e5 Recon Modul\u00e6r Kikkertoph\u00e6ng, s\u00e5 du kan bibeholde den optimale h\u00e5ndposition for komfort, uanset om du sidder eller st\u00e5r. Recon H\u00e5ndvarmeren eliminerer behovet for volumin\u00f8se handsker, s\u00e5 du stadig kan udf\u00f8re finmotoriske opgaver med lethed.<\/p>\n<p>For yderligere bekvemmelighed har Recon H\u00e5ndvarmeren en forside-lynl\u00e5slomme, hvor du kan opbevare ekstra luftaktiverbare h\u00e5ndvarmere. Det g\u00f8r, at du kan bruge h\u00e5ndvarmeren uafh\u00e6ngigt af Recon Modul\u00e6r Kikkertoph\u00e6ng og give dig en p\u00e5lidelig varmekilde, uanset aktivitet eller omgivelser. Det medf\u00f8lgende hofteb\u00e6lte s\u00f8rger for en sikker og komfortabel pasform, s\u00e5 dine h\u00e6nder holdes i den perfekte position for maksimal effektivitet og komfort.<\/p>\n<p>Uanset om du er fuglekigger, j\u00e6ger eller blot nyder det store outdoor, er Recon H\u00e5ndvarmeren den perfekte ledsager til at holde dine h\u00e6nder varme og dine fingre smidige. Oplev den ultimative udend\u00f8rskomfort og -bekvemmelighed med dette alsidige og innovative tilbeh\u00f8r.<\/p>\n","protected":false},"excerpt":{"rendered":"<p>Recon H\u00e5ndvarmer holder h\u00e6nderne varme uden handsker, sidder fast p\u00e5 Recon selet\u00f8j.<\/p>\n","protected":false},"featured_media":701867,"template":"","meta":{"_acf_changed":false},"product_brand":[15141],"product_cat":[13147],"product_tag":[],"class_list":{"0":"post-701816","1":"product","2":"type-product","3":"status-publish","4":"has-post-thumbnail","6":"product_brand-eberlestock","7":"product_cat-udstyr","9":"first","10":"instock","11":"taxable","12":"shipping-taxable","13":"purchasable","14":"product-type-variable","15":"wvs-archive-product-wrapper"},"acf":[],"_links":{"self":[{"href":"https:\/\/nbg.eu\/da\/wp-json\/wp\/v2\/product\/701816","targetHints":{"allow":["GET"]}}],"collection":[{"href":"https:\/\/nbg.eu\/da\/wp-json\/wp\/v2\/product"}],"about":[{"href":"https:\/\/nbg.eu\/da\/wp-json\/wp\/v2\/types\/product"}],"wp:featuredmedia":[{"embeddable":true,"href":"https:\/\/nbg.eu\/da\/wp-json\/wp\/v2\/media\/701867"}],"wp:attachment":[{"href":"https:\/\/nbg.eu\/da\/wp-json\/wp\/v2\/media?parent=701816"}],"wp:term":[{"taxonomy":"product_brand","embeddable":true,"href":"https:\/\/nbg.eu\/da\/wp-json\/wp\/v2\/product_brand?post=701816"},{"taxonomy":"product_cat","embeddable":true,"href":"https:\/\/nbg.eu\/da\/wp-json\/wp\/v2\/product_cat?post=701816"},{"taxonomy":"product_tag","embeddable":true,"href":"https:\/\/nbg.eu\/da\/wp-json\/wp\/v2\/product_tag?post=701816"}],"curies":[{"name":"wp","href":"https:\/\/api.w.org\/{rel}","templated":true}]}}