{"id":702136,"date":"2025-12-23T11:44:19","date_gmt":"2025-12-23T08:44:19","guid":{"rendered":"https:\/\/nbg.eu\/product\/bravo-modulaer-kikkertpakning-stor\/"},"modified":"2026-04-15T14:12:46","modified_gmt":"2026-04-15T11:12:46","slug":"bravo-modulaer-kikkertpakning-stor","status":"publish","type":"product","link":"https:\/\/nbg.eu\/da\/vare\/bravo-modulaer-kikkertpakning-stor\/","title":{"rendered":"Eberlestock Kikkert Rygs\u00e6k Bravo Modular, Large"},"content":{"rendered":"<h2>Bravo Modul\u00e6r Bino Pack-Large: Tilpasselig Optikholder til Dine Udend\u00f8rsaktiviteter<\/h2>\n<p>Designet med modularitet i fokus er BRAVO MODUL\u00c6R BINO PACK bygget p\u00e5 en brystsele, som tilpasser sig dine behov med en r\u00e6kke tilbeh\u00f8rsdele. Den har magnetisk fremadvendt \u00e5bning til kikkertlommen, en rummelig frontlomme med lynl\u00e5s og str\u00e6klommer p\u00e5 siderne. Interne kikkertsnore holder dine kikkerter sikre, mens lavprofilerede MOLLE-kompatible vinger og et bagpanel lader dig nemt fastg\u00f8re lommer og tilbeh\u00f8r.<\/p>\n<p>Fremstillet af slidst\u00e6rkt 500D Ripstop Nylon og N140D materiale tilbyder Bravo Modul\u00e6r Bino Pack-Large p\u00e5lidelig ydeevne i naturen. Med en v\u00e6gt p\u00e5 kun 14 oz leverer denne alsidige pakke en behagelig og tilpasset b\u00e6rel\u00f8sning til dine kikkerter og essentielt udstyr.<\/p>\n<p>Med indvendige m\u00e5l p\u00e5 9&#8243;H x 5,5&#8243;B x 2,5&#8243;D og udvendige m\u00e5l p\u00e5 9,5&#8243;H x 6,25&#8243;B x 3,5&#8243;D giver Bravo Modul\u00e6r Bino Pack-Large rigelig plads til at rumme dine kikkerter og andre essentielle genstande. Det justerbare fremadrettede skuldersele og lavprofilerede MOLLE-kompatible vinger sikrer en sikker og personlig pasform, s\u00e5 du kan tilpasse pakken til dine behov.<\/p>\n<p>G\u00f8r dine udend\u00f8rsoplevelser endnu bedre med Bravo Modul\u00e6r Bino Pack-Large, en alsidig og tilpasset l\u00f8sning til at b\u00e6re dine kikkerter og essentielle genstande. Udforsk de tilg\u00e6ngelige tilbeh\u00f8rsdele for at tilpasse din pakke og maksimere dens funktionalitet, s\u00e5 den bliver den perfekte ledsager til dit n\u00e6ste eventyr.<\/p>\n","protected":false},"excerpt":{"rendered":"<p>Modul\u00e6r brystpakke med mag-fri bino-lomme, frontlomme og str\u00e6ksider.<\/p>\n","protected":false},"featured_media":702179,"template":"","meta":{"_acf_changed":false},"product_brand":[15141],"product_cat":[15223],"product_tag":[],"class_list":{"0":"post-702136","1":"product","2":"type-product","3":"status-publish","4":"has-post-thumbnail","6":"product_brand-eberlestock","7":"product_cat-binocular-harnesses-da","9":"first","10":"instock","11":"taxable","12":"shipping-taxable","13":"purchasable","14":"product-type-variable","15":"wvs-archive-product-wrapper"},"acf":[],"_links":{"self":[{"href":"https:\/\/nbg.eu\/da\/wp-json\/wp\/v2\/product\/702136","targetHints":{"allow":["GET"]}}],"collection":[{"href":"https:\/\/nbg.eu\/da\/wp-json\/wp\/v2\/product"}],"about":[{"href":"https:\/\/nbg.eu\/da\/wp-json\/wp\/v2\/types\/product"}],"wp:featuredmedia":[{"embeddable":true,"href":"https:\/\/nbg.eu\/da\/wp-json\/wp\/v2\/media\/702179"}],"wp:attachment":[{"href":"https:\/\/nbg.eu\/da\/wp-json\/wp\/v2\/media?parent=702136"}],"wp:term":[{"taxonomy":"product_brand","embeddable":true,"href":"https:\/\/nbg.eu\/da\/wp-json\/wp\/v2\/product_brand?post=702136"},{"taxonomy":"product_cat","embeddable":true,"href":"https:\/\/nbg.eu\/da\/wp-json\/wp\/v2\/product_cat?post=702136"},{"taxonomy":"product_tag","embeddable":true,"href":"https:\/\/nbg.eu\/da\/wp-json\/wp\/v2\/product_tag?post=702136"}],"curies":[{"name":"wp","href":"https:\/\/api.w.org\/{rel}","templated":true}]}}