{"id":702952,"date":"2025-12-23T11:50:14","date_gmt":"2025-12-23T08:50:14","guid":{"rendered":"https:\/\/nbg.eu\/product\/bravo-modulaer-kikkertmappe-lille\/"},"modified":"2026-04-15T14:12:42","modified_gmt":"2026-04-15T11:12:42","slug":"bravo-modulaer-kikkertmappe-lille","status":"publish","type":"product","link":"https:\/\/nbg.eu\/da\/vare\/bravo-modulaer-kikkertmappe-lille\/","title":{"rendered":"Eberlestock Kikkert Rygs\u00e6k Bravo Modular, Small"},"content":{"rendered":"<h2>Bravo Modular Bino Pack-Small: Alsidigt og sikkert opbevaringssted til kikkert<\/h2>\n<p>Designet med modularitet i fokus er BRAVO MODULAR BINO PACK bygget p\u00e5 en brystriggeplatform, som tilpasser sig dine behov med et s\u00e6t tilbeh\u00f8rsartikler. Den har magnetisk fremmadrettet adgang til kikkertkassen, en rummelig frontlomme med lynl\u00e5s og sidestr\u00e6klommer. Interne kikkert-t\u00f8jre holder dine kikkerter sikre, mens lavprofil-MOLLE-kompatible vinger og et bagpanel giver dig mulighed for at montere lommer og tilbeh\u00f8r s\u00f8ml\u00f8st.<\/p>\n<p>Fremstillet af holdbart 500D Ripstop Nylon og N140D stoffer tilbyder Bravo Modular Bino Pack-Small en lettv\u00e6gts og robust l\u00f8sning til udend\u00f8rsentusiaster, j\u00e6gere og taktiske operat\u00f8rer.<\/p>\n<p>N\u00f8glefunktioner omfatter en magnet-fri lukning for hurtig adgang, kompatibilitet med otte tilg\u00e6ngelige tilbeh\u00f8rsartikler, en stor frontlomme med lynl\u00e5s, dobbelte sidelommer med str\u00e6k, en justerbar fremadvendt skuldersele og lavprofil-MOLLE-kompatible vinger for at tilpasse dit udstyrsops\u00e6tning. Uanset om du birdwatcher, vandrer eller deltager i taktiske operationer, tilbyder Bravo Modular Bino Pack-Small en alsidige og sikker l\u00f8sning til dine kikkertopbevaringsbehov.<\/p>\n","protected":false},"excerpt":{"rendered":"<p>Modul\u00e6r kikkertpakke med magnet-fri lukning, MOLLE-kompatible vinger og justerbar sele.<\/p>\n","protected":false},"featured_media":702983,"template":"","meta":{"_acf_changed":false},"product_brand":[15141],"product_cat":[15223],"product_tag":[],"class_list":{"0":"post-702952","1":"product","2":"type-product","3":"status-publish","4":"has-post-thumbnail","6":"product_brand-eberlestock","7":"product_cat-binocular-harnesses-da","9":"first","10":"instock","11":"taxable","12":"shipping-taxable","13":"purchasable","14":"product-type-variable","15":"wvs-archive-product-wrapper"},"acf":[],"_links":{"self":[{"href":"https:\/\/nbg.eu\/da\/wp-json\/wp\/v2\/product\/702952","targetHints":{"allow":["GET"]}}],"collection":[{"href":"https:\/\/nbg.eu\/da\/wp-json\/wp\/v2\/product"}],"about":[{"href":"https:\/\/nbg.eu\/da\/wp-json\/wp\/v2\/types\/product"}],"wp:featuredmedia":[{"embeddable":true,"href":"https:\/\/nbg.eu\/da\/wp-json\/wp\/v2\/media\/702983"}],"wp:attachment":[{"href":"https:\/\/nbg.eu\/da\/wp-json\/wp\/v2\/media?parent=702952"}],"wp:term":[{"taxonomy":"product_brand","embeddable":true,"href":"https:\/\/nbg.eu\/da\/wp-json\/wp\/v2\/product_brand?post=702952"},{"taxonomy":"product_cat","embeddable":true,"href":"https:\/\/nbg.eu\/da\/wp-json\/wp\/v2\/product_cat?post=702952"},{"taxonomy":"product_tag","embeddable":true,"href":"https:\/\/nbg.eu\/da\/wp-json\/wp\/v2\/product_tag?post=702952"}],"curies":[{"name":"wp","href":"https:\/\/api.w.org\/{rel}","templated":true}]}}