{"id":703298,"date":"2025-12-23T12:02:01","date_gmt":"2025-12-23T09:02:01","guid":{"rendered":"https:\/\/nbg.eu\/product\/bando-bag-xl\/"},"modified":"2026-04-15T14:12:39","modified_gmt":"2026-04-15T11:12:39","slug":"bando-bag-xl","status":"publish","type":"product","link":"https:\/\/nbg.eu\/da\/vare\/bando-bag-xl\/","title":{"rendered":"Eberlestock Taske Bando XL"},"content":{"rendered":"<h2>Bando Bag-XL: Alsidig og praktisk EDC-transport<\/h2>\n<p>Bando Bag-XL er en let og praktisk m\u00e5de at transportere dine daglige genstande (EDC) p\u00e5. Baglommen med fuld lynl\u00e5s p\u00e5 Bando Bag-XL m\u00e5ler 6&#8243;h x 11&#8243;b x 3&#8243;d, hvilket er tilstr\u00e6kkeligt til at opbevare de fleste fuldrammepistolgev\u00e6r og mindre skydev\u00e5ben. Hovedrummet har en indvendig lynl\u00e5slomme af net og to lommekig til yderligere organisering, mens en lille lynl\u00e5slomme foran er perfekt til n\u00f8gler, kabler eller andre sm\u00e5 genstande.<\/p>\n<p>Det justerbare hofteb\u00e6lte p\u00e5 Bando Bag-XL muligg\u00f8r en tilpasset pasform fra 31,5&#8243; til 44&#8243; i l\u00e6ngden. Bando Bag-XL vil ogs\u00e5 omfatte en integreret holder til at b\u00e6re en tourniquet under topklappen p\u00e5 hovedrummet, hvilket giver nem adgang til dette vigtige n\u00f8dudstyr.<\/p>\n<h2>N\u00f8glefunktioner:<\/h2>\n<ul>\n<li>-Baglomme med fuld lynl\u00e5s (6&#8243;h x 11&#8243;b x 3&#8243;d) til opbevaring af sidearm<\/li>\n<li>-Indvendig lynl\u00e5slomme af net og to lommekig til organisering<\/li>\n<li>-Lille lynl\u00e5slomme foran til n\u00f8gler, kabler og andre sm\u00e5 genstande<\/li>\n<li>-Justerbart hofteb\u00e6lte (31,5&#8243;-44&#8243;)<\/li>\n<li>-Integreret holder til at b\u00e6re en tourniquet<\/li>\n<\/ul>\n","protected":false},"excerpt":{"rendered":"<p>Let mig overs\u00e6tte dette for dig:<\/p>\n<p>Let, helzip EDC-taske med lommer p\u00e5 6 &#8220;h x 11&#8221; b x 3 &#8220;d til fuld st\u00f8rrelse sidevaaben.<\/p>\n","protected":false},"featured_media":703360,"template":"","meta":{"_acf_changed":false},"product_brand":[15141],"product_cat":[13079],"product_tag":[],"class_list":{"0":"post-703298","1":"product","2":"type-product","3":"status-publish","4":"has-post-thumbnail","6":"product_brand-eberlestock","7":"product_cat-rangetasker","9":"first","10":"instock","11":"taxable","12":"shipping-taxable","13":"purchasable","14":"product-type-variable","15":"wvs-archive-product-wrapper"},"acf":[],"_links":{"self":[{"href":"https:\/\/nbg.eu\/da\/wp-json\/wp\/v2\/product\/703298","targetHints":{"allow":["GET"]}}],"collection":[{"href":"https:\/\/nbg.eu\/da\/wp-json\/wp\/v2\/product"}],"about":[{"href":"https:\/\/nbg.eu\/da\/wp-json\/wp\/v2\/types\/product"}],"wp:featuredmedia":[{"embeddable":true,"href":"https:\/\/nbg.eu\/da\/wp-json\/wp\/v2\/media\/703360"}],"wp:attachment":[{"href":"https:\/\/nbg.eu\/da\/wp-json\/wp\/v2\/media?parent=703298"}],"wp:term":[{"taxonomy":"product_brand","embeddable":true,"href":"https:\/\/nbg.eu\/da\/wp-json\/wp\/v2\/product_brand?post=703298"},{"taxonomy":"product_cat","embeddable":true,"href":"https:\/\/nbg.eu\/da\/wp-json\/wp\/v2\/product_cat?post=703298"},{"taxonomy":"product_tag","embeddable":true,"href":"https:\/\/nbg.eu\/da\/wp-json\/wp\/v2\/product_tag?post=703298"}],"curies":[{"name":"wp","href":"https:\/\/api.w.org\/{rel}","templated":true}]}}