{"id":704038,"date":"2025-12-23T12:03:47","date_gmt":"2025-12-23T09:03:47","guid":{"rendered":"https:\/\/nbg.eu\/product\/bando-taske\/"},"modified":"2026-04-15T14:12:35","modified_gmt":"2026-04-15T11:12:35","slug":"bando-taske","status":"publish","type":"product","link":"https:\/\/nbg.eu\/da\/vare\/bando-taske\/","title":{"rendered":"Eberlestock Taske Bando"},"content":{"rendered":"<h2>Bando-taske: Bekvem og let EDC-transport<\/h2>\n<p>Bando-tasken er en let og bekvem m\u00e5de at transportere dine EDC-artikler p\u00e5. En fuld-zip-lomme p\u00e5 bagsiden af Bando m\u00e5ler 5.5&#8243;h x 9.5&#8243;b x 1&#8243;d, stor nok til at sikre de fleste subkompakte og kompakte skydev\u00e5ben som Glock-19 og lignende i st\u00f8rrelse. Hovedrummet har en indvendig net-lynl\u00e5slomme og to glidel\u00e5slommer til yderligere organisering. En lille lynl\u00e5slomme fortil er perfekt til n\u00f8gler, ledninger eller andre sm\u00e5 genstande. B\u00e6ltel\u00e6ngden kan justeres fra 31.5&#8243; &#8211; 44&#8243;.<\/p>\n<h2>N\u00f8glefunktioner<\/h2>\n<ul>\n<li>Fuld-zip-baglomme<\/li>\n<li>Indvendig net-lynl\u00e5slomme<\/li>\n<li>To indvendige glidel\u00e5slommer<\/li>\n<li>Lille lynl\u00e5slomme fortil<\/li>\n<li>Justerbart b\u00e6lte (31.5&#8243;-44&#8243;)<\/li>\n<li>Integreret \u00e6rme til bekvem transport af en tourniquet<\/li>\n<\/ul>\n","protected":false},"excerpt":{"rendered":"<p>Den Bando-taske er en let og praktisk m\u00e5de at transportere dine EDC-artikler. Passer de fleste kompakte til fuld st\u00f8rrelse sidearms.<\/p>\n","protected":false},"featured_media":704060,"template":"","meta":{"_acf_changed":false},"product_brand":[15141],"product_cat":[13079],"product_tag":[],"class_list":{"0":"post-704038","1":"product","2":"type-product","3":"status-publish","4":"has-post-thumbnail","6":"product_brand-eberlestock","7":"product_cat-rangetasker","9":"first","10":"instock","11":"taxable","12":"shipping-taxable","13":"purchasable","14":"product-type-variable","15":"wvs-archive-product-wrapper"},"acf":[],"_links":{"self":[{"href":"https:\/\/nbg.eu\/da\/wp-json\/wp\/v2\/product\/704038","targetHints":{"allow":["GET"]}}],"collection":[{"href":"https:\/\/nbg.eu\/da\/wp-json\/wp\/v2\/product"}],"about":[{"href":"https:\/\/nbg.eu\/da\/wp-json\/wp\/v2\/types\/product"}],"wp:featuredmedia":[{"embeddable":true,"href":"https:\/\/nbg.eu\/da\/wp-json\/wp\/v2\/media\/704060"}],"wp:attachment":[{"href":"https:\/\/nbg.eu\/da\/wp-json\/wp\/v2\/media?parent=704038"}],"wp:term":[{"taxonomy":"product_brand","embeddable":true,"href":"https:\/\/nbg.eu\/da\/wp-json\/wp\/v2\/product_brand?post=704038"},{"taxonomy":"product_cat","embeddable":true,"href":"https:\/\/nbg.eu\/da\/wp-json\/wp\/v2\/product_cat?post=704038"},{"taxonomy":"product_tag","embeddable":true,"href":"https:\/\/nbg.eu\/da\/wp-json\/wp\/v2\/product_tag?post=704038"}],"curies":[{"name":"wp","href":"https:\/\/api.w.org\/{rel}","templated":true}]}}