{"id":704232,"date":"2025-12-23T12:08:03","date_gmt":"2025-12-23T09:08:03","guid":{"rendered":"https:\/\/nbg.eu\/product\/banditterpakning\/"},"modified":"2026-04-24T15:09:37","modified_gmt":"2026-04-24T12:09:37","slug":"banditterpakning","status":"publish","type":"product","link":"https:\/\/nbg.eu\/da\/vare\/banditterpakning\/","title":{"rendered":"Eberlestock Bandit Rygs\u00e6k"},"content":{"rendered":"<h2>Bandit-pakke &#8211; Den alsidige ledsager til dagsture<\/h2>\n<p>Den mest alsidige pakke i vores daglige b\u00e6reudstyr, Bandit\u2122, er konstrueret til dagsture og vandreture. Frontpanelet har laser-sk\u00e5ret MOLLE-v\u00e6v, som g\u00f8r det muligt at fastg\u00f8re kompatibelt tilbeh\u00f8r og lommer, og til at b\u00e6re en jakke eller udstyr til hurtig adgang. Sideposkerne kan rumme vandflasker og l\u00e6ngere genstande som et stativ, kikkert eller vandrestave.<\/p>\n<p>Frontpanelets stropper vil fastg\u00f8re udstyr p\u00e5 siden t\u00e6t, eller hj\u00e6lpe med at komprimere en delvist fyldt pakke. Inden i toppladen finder du sm\u00e5 organisatorer som en lynl\u00e5slomme i net og en magasinlomme.<\/p>\n<p>Kompatibel med vores standardhofteb\u00e6lte for at hj\u00e6lpe med v\u00e6gtfordeling ved tungere belastninger.<\/p>\n<h2>Dimensioner<\/h2>\n<p>Volumen: 835 c.i. \/ 13,68 l<br \/>\nV\u00e6gt: 2,50 lbs<br \/>\nDimensioner: 18,25H x 7B x 6,5D<\/p>\n<h2>Funktioner<\/h2>\n<p>Laser-sk\u00e5ret MOLLE-panel p\u00e5 fronten til at fastg\u00f8re eksternt udstyr<br \/>\nToporganisatorisk l\u00e5g med netpose til tilbeh\u00f8r<br \/>\nJusterbar skuldersele<br \/>\n\u00c5bning til et justerbart hofteb\u00e6lte for at b\u00e6re ekstra v\u00e6gt<br \/>\nHovedkammer \u00e5bner fra top til bund for fuld adgang<br \/>\nIndvendig krog til fastg\u00f8relse af 2L eller 3L Source\u00ae hydreringssystem<\/p>\n","protected":false},"excerpt":{"rendered":"<p>Den mest alsidige rygs\u00e6k i vores sortiment til daglig brug, Bandit\u2122, er bygget til dagslange jagte- og vandreture. Det ydre nyttepanel har laser-sk\u00e5ret MOLLE-strop, s\u00e5 du kan fastg\u00f8re kompatibelt tilbeh\u00f8r og lommer og b\u00e6re en jakke eller udstyret til hurtig adgang. De str\u00e6kkelige sidelommer kan rumme vandflasker og l\u00e6ngere genstande som et stativ, kikkert eller vandrestave.<\/p>\n","protected":false},"featured_media":704253,"template":"","meta":{"_acf_changed":false},"product_brand":[15141],"product_cat":[13083],"product_tag":[],"class_list":{"0":"post-704232","1":"product","2":"type-product","3":"status-publish","4":"has-post-thumbnail","6":"product_brand-eberlestock","7":"product_cat-rygsaekke","9":"first","10":"instock","11":"taxable","12":"shipping-taxable","13":"purchasable","14":"product-type-variable","15":"wvs-archive-product-wrapper"},"acf":[],"_links":{"self":[{"href":"https:\/\/nbg.eu\/da\/wp-json\/wp\/v2\/product\/704232","targetHints":{"allow":["GET"]}}],"collection":[{"href":"https:\/\/nbg.eu\/da\/wp-json\/wp\/v2\/product"}],"about":[{"href":"https:\/\/nbg.eu\/da\/wp-json\/wp\/v2\/types\/product"}],"wp:featuredmedia":[{"embeddable":true,"href":"https:\/\/nbg.eu\/da\/wp-json\/wp\/v2\/media\/704253"}],"wp:attachment":[{"href":"https:\/\/nbg.eu\/da\/wp-json\/wp\/v2\/media?parent=704232"}],"wp:term":[{"taxonomy":"product_brand","embeddable":true,"href":"https:\/\/nbg.eu\/da\/wp-json\/wp\/v2\/product_brand?post=704232"},{"taxonomy":"product_cat","embeddable":true,"href":"https:\/\/nbg.eu\/da\/wp-json\/wp\/v2\/product_cat?post=704232"},{"taxonomy":"product_tag","embeddable":true,"href":"https:\/\/nbg.eu\/da\/wp-json\/wp\/v2\/product_tag?post=704232"}],"curies":[{"name":"wp","href":"https:\/\/api.w.org\/{rel}","templated":true}]}}