{"id":704606,"date":"2025-12-23T12:15:29","date_gmt":"2025-12-23T09:15:29","guid":{"rendered":"https:\/\/nbg.eu\/product\/switchblade-pakke\/"},"modified":"2026-04-15T14:12:31","modified_gmt":"2026-04-15T11:12:31","slug":"switchblade-pakke","status":"publish","type":"product","link":"https:\/\/nbg.eu\/da\/vare\/switchblade-pakke\/","title":{"rendered":"Eberlestock Rygs\u00e6k Switchblade"},"content":{"rendered":"<h2>Switchblade-rygs\u00e6k: Maksimalt plads og diskret b\u00e6ring<\/h2>\n<p>Switchblade\u2122-rygs\u00e6kken er designet til at holde en lav profil, mens den tilbyder maksimal plads og organisering. \u00c5bn lommens overdel for at f\u00e5 adgang til to magasintasker og andre sm\u00e5 organiseringsfunktioner. Inde finder du en dokumentadskiller, der er perfekt til en iPad, b\u00e6rbar computer eller endda et kortl\u00f8bet riffel.<\/p>\n<p>Foran p\u00e5 rygs\u00e6kken er der en stor lomme til hurtig adgang til dine vigtige ting. P\u00e5 hver side er der et par snorstrukne kopholderlommer samt en flad sideLynl\u00e5s-lomme. Rygs\u00e6kken har ogs\u00e5 en skjult, magnetisk \u00e5ben, hurtig adgangs-CCW-lomme til diskret skjult b\u00e6ring.<\/p>\n<p>Med et samlet volumen p\u00e5 1.785 kubiktommer (29,3 L) og en v\u00e6gt p\u00e5 kun 3,60 lbs tilbyder Switchblade\u2122 rigeligt med plads og b\u00e6rbarhed. Hoveds\u00e6kkens m\u00e5l er 20,5H x 12B x 8D tommer, hvilket g\u00f8r den til et alsidigt valg til daglig brug eller taktiske operationer.<\/p>\n<p>N\u00f8glefunktioner omfatter sj\u00e6ldne jordelektriske magnetiske \u00e5bninger til hurtig adgang til skjulte v\u00e5benlommer, loop-velcro PALS-v\u00e6v til montering af MOLLE- eller velcro-udstyrede tilbeh\u00f8r og indvendige lommer til vandbl\u00e6re, magasiner og sm\u00e5 organisatorer. Det aftagelige sele- og hoftestyksesystem \u00f8ger rygs\u00e6kkens tilpasningsevne.<\/p>\n<p>Switchblade\u2122 har ogs\u00e5 det nye MOLLE-10-v\u00e6v, som tilbyder en v\u00e6gtbesparelse p\u00e5 60% i forhold til standard 25mm MOLLE-matricer, samt et ambidekst skjult hylster, der passer til de fleste h\u00e5ndv\u00e5ben, herunder fuldramme-automatiske. Til vejrbeskyttelse kan du bruge vores Small Reversible Rain Cover.<\/p>\n","protected":false},"excerpt":{"rendered":"<p>Det Switchblade\u2122 -rygs\u00e6k har en diskret profil med maksimal plads og organisering. \u00c5bn lommens overdel, og du finder to magasintasker og andre sm\u00e5 organiseringsfunktioner. Inden i finder du en dokumentdeler til en iPad, b\u00e6rbar computer eller endda et kortl\u00f8bet riffel. Foran p\u00e5 rygs\u00e6kken er der en stor lomme til hurtig adgang til dine vigtige ting. P\u00e5 hver side er der et par sn\u00f8retr\u00e6kkerlommer til kopper samt en flad sidegangslomme. Den har ogs\u00e5 en skjult, magnetisk \u00e5ben, hurtig-adgang CCW-lomme.<\/p>\n","protected":false},"featured_media":704691,"template":"","meta":{"_acf_changed":false},"product_brand":[15141],"product_cat":[13083],"product_tag":[],"class_list":{"0":"post-704606","1":"product","2":"type-product","3":"status-publish","4":"has-post-thumbnail","6":"product_brand-eberlestock","7":"product_cat-rygsaekke","9":"first","10":"instock","11":"taxable","12":"shipping-taxable","13":"purchasable","14":"product-type-variable","15":"wvs-archive-product-wrapper"},"acf":[],"_links":{"self":[{"href":"https:\/\/nbg.eu\/da\/wp-json\/wp\/v2\/product\/704606","targetHints":{"allow":["GET"]}}],"collection":[{"href":"https:\/\/nbg.eu\/da\/wp-json\/wp\/v2\/product"}],"about":[{"href":"https:\/\/nbg.eu\/da\/wp-json\/wp\/v2\/types\/product"}],"wp:featuredmedia":[{"embeddable":true,"href":"https:\/\/nbg.eu\/da\/wp-json\/wp\/v2\/media\/704691"}],"wp:attachment":[{"href":"https:\/\/nbg.eu\/da\/wp-json\/wp\/v2\/media?parent=704606"}],"wp:term":[{"taxonomy":"product_brand","embeddable":true,"href":"https:\/\/nbg.eu\/da\/wp-json\/wp\/v2\/product_brand?post=704606"},{"taxonomy":"product_cat","embeddable":true,"href":"https:\/\/nbg.eu\/da\/wp-json\/wp\/v2\/product_cat?post=704606"},{"taxonomy":"product_tag","embeddable":true,"href":"https:\/\/nbg.eu\/da\/wp-json\/wp\/v2\/product_tag?post=704606"}],"curies":[{"name":"wp","href":"https:\/\/api.w.org\/{rel}","templated":true}]}}