{"id":719777,"date":"2026-01-26T13:11:03","date_gmt":"2026-01-26T10:11:03","guid":{"rendered":"https:\/\/nbg.eu\/product\/manly-peak-orange-14c28n\/"},"modified":"2026-05-13T16:03:01","modified_gmt":"2026-05-13T13:03:01","slug":"manly-peak-orange-14c28n","status":"publish","type":"product","link":"https:\/\/nbg.eu\/da\/vare\/manly-peak-orange-14c28n\/","title":{"rendered":"Manly PEAK ORANGE 14C28N"},"content":{"rendered":"<h2>Manly PEAK ORANGE 14C28N foldekniv<\/h2>\n<p>Manly PEAK ORANGE 14C28N foldekniven har et vendbart clip, hvilket g\u00f8r den tilg\u00e6ngelig for b\u00e5de venstre- og h\u00f8jreh\u00e5ndede brugere. Med dens robuste Backlock-l\u00e5semekanisme yder denne kniv sikker og p\u00e5lidelig ydelse.<\/p>\n<p>Fremstillet med pr\u00e6cision har PEAK ORANGE 14C28N et 9,4 cm 14C28N st\u00e5lblad og et holdbart G10-h\u00e5ndtag, der sikrer et behageligt og p\u00e5lideligt greb. Den samlede l\u00e6ngde p\u00e5 22 cm g\u00f8r den til et alsidigt valg til forskellige opgaver. Med en v\u00e6gt p\u00e5 115 g er denne kniv v\u00e6gtsbalanceret og let at man\u00f8vrere.<\/p>\n<p>Nail Nick-\u00e5bningsmekanismen muligg\u00f8r let \u00e9ngrebsoperering, mens Backlock-l\u00e5sesystemet holder bladet sikkert p\u00e5 plads under brug. Med sin slanke orange farve tilf\u00f8jer PEAK ORANGE 14C28N et strejf af stil til din daglige b\u00e6ring.<\/p>\n","protected":false},"excerpt":{"rendered":"<p>Vendbar klips, ambidekster. Bagklemmende l\u00e5s. PEAK ORANGE 14C28N.<\/p>\n","protected":false},"featured_media":719808,"template":"","meta":{"_acf_changed":false},"product_brand":[15076],"product_cat":[15383,15363],"product_tag":[],"class_list":{"0":"post-719777","1":"product","2":"type-product","3":"status-publish","4":"has-post-thumbnail","6":"product_brand-manly-knives","7":"product_cat-folding-knives-da","8":"product_cat-knives-da","10":"first","11":"outofstock","12":"taxable","13":"shipping-taxable","14":"purchasable","15":"product-type-simple"},"acf":[],"_links":{"self":[{"href":"https:\/\/nbg.eu\/da\/wp-json\/wp\/v2\/product\/719777","targetHints":{"allow":["GET"]}}],"collection":[{"href":"https:\/\/nbg.eu\/da\/wp-json\/wp\/v2\/product"}],"about":[{"href":"https:\/\/nbg.eu\/da\/wp-json\/wp\/v2\/types\/product"}],"wp:featuredmedia":[{"embeddable":true,"href":"https:\/\/nbg.eu\/da\/wp-json\/wp\/v2\/media\/719808"}],"wp:attachment":[{"href":"https:\/\/nbg.eu\/da\/wp-json\/wp\/v2\/media?parent=719777"}],"wp:term":[{"taxonomy":"product_brand","embeddable":true,"href":"https:\/\/nbg.eu\/da\/wp-json\/wp\/v2\/product_brand?post=719777"},{"taxonomy":"product_cat","embeddable":true,"href":"https:\/\/nbg.eu\/da\/wp-json\/wp\/v2\/product_cat?post=719777"},{"taxonomy":"product_tag","embeddable":true,"href":"https:\/\/nbg.eu\/da\/wp-json\/wp\/v2\/product_tag?post=719777"}],"curies":[{"name":"wp","href":"https:\/\/api.w.org\/{rel}","templated":true}]}}