{"id":720232,"date":"2025-05-21T16:04:06","date_gmt":"2025-05-21T13:04:06","guid":{"rendered":"https:\/\/nbg.eu\/product\/magasin-kmr-l-02-orca-kal-40-sw-18-skud\/"},"modified":"2026-04-16T16:18:28","modified_gmt":"2026-04-16T13:18:28","slug":"magasin-kmr-l-02-orca-kal-40-sw-18-skud","status":"publish","type":"product","link":"https:\/\/nbg.eu\/da\/vare\/magasin-kmr-l-02-orca-kal-40-sw-18-skud\/","title":{"rendered":"KMR Magasin L-02 ORCA .40 S&amp;W 18 Ptr."},"content":{"rendered":"<h2>MAGASIN KMR L-02 ORCA &#8211; For\u00f8g din ildkraft<\/h2>\n<p>Pr\u00e6senterer MAGASIN KMR L-02 ORCA, et magasin med h\u00f8j kapacitet, der er designet til at forbedre din skydeoplevelse. Kammeret til den kraftige .40 S&amp;W-patron giver dette magasin en bem\u00e6rkelsesv\u00e6rdig kapacitet p\u00e5 18 patroner, hvilket giver dig \u00f8get ildkraft og reducerede genladningsintervaller.<\/p>\n<p>Fremstillet med pr\u00e6cision og opm\u00e6rksomhed p\u00e5 detaljer er magasinet et essentielt tilbeh\u00f8r for skytter, der kr\u00e6ver det bedste. Dets robuste konstruktion sikrer p\u00e5lidelig ydeevne selv under de mest kr\u00e6vende forhold.<\/p>\n<p>Med et elegant og ergonomisk design integreres MAGASIN KMR L-02 ORCA s\u00f8ml\u00f8st med dit skydev\u00e5ben og giver et behageligt og sikkert greb. Den \u00f8gede kapacitet lader dig blive i kampen i l\u00e6ngere tid, hvilket reducerer behovet for hyppige magasinskift og maksimerer din taktiske fordel.<\/p>\n<p>Oplev kraften og alsidigheden i MAGASIN KMR L-02 ORCA, det ultimative magasin med h\u00f8j kapacitet til din .40 S&amp;W-pistol.<\/p>\n<p>Ref: 1152-02403-0001.<\/p>\n","protected":false},"excerpt":{"rendered":"<p>MAGASIN KMR L-02 ORCA, kal. 40 S&amp;W, 18 skud, h\u00f8jkapacitetsmagasin til for\u00f8get ildkraft.<\/p>\n","protected":false},"featured_media":365264,"template":"","meta":{"_acf_changed":false},"product_brand":[11506],"product_cat":[13089,13085],"product_tag":[],"class_list":{"0":"post-720232","1":"product","2":"type-product","3":"status-publish","4":"has-post-thumbnail","6":"product_brand-kmr-precision","7":"product_cat-kmr-dele","8":"product_cat-pistoldele","10":"first","11":"instock","12":"taxable","13":"shipping-taxable","14":"product-type-simple"},"acf":[],"_links":{"self":[{"href":"https:\/\/nbg.eu\/da\/wp-json\/wp\/v2\/product\/720232","targetHints":{"allow":["GET"]}}],"collection":[{"href":"https:\/\/nbg.eu\/da\/wp-json\/wp\/v2\/product"}],"about":[{"href":"https:\/\/nbg.eu\/da\/wp-json\/wp\/v2\/types\/product"}],"wp:featuredmedia":[{"embeddable":true,"href":"https:\/\/nbg.eu\/da\/wp-json\/wp\/v2\/media\/365264"}],"wp:attachment":[{"href":"https:\/\/nbg.eu\/da\/wp-json\/wp\/v2\/media?parent=720232"}],"wp:term":[{"taxonomy":"product_brand","embeddable":true,"href":"https:\/\/nbg.eu\/da\/wp-json\/wp\/v2\/product_brand?post=720232"},{"taxonomy":"product_cat","embeddable":true,"href":"https:\/\/nbg.eu\/da\/wp-json\/wp\/v2\/product_cat?post=720232"},{"taxonomy":"product_tag","embeddable":true,"href":"https:\/\/nbg.eu\/da\/wp-json\/wp\/v2\/product_tag?post=720232"}],"curies":[{"name":"wp","href":"https:\/\/api.w.org\/{rel}","templated":true}]}}