{"id":721230,"date":"2024-08-18T11:07:42","date_gmt":"2024-08-18T08:07:42","guid":{"rendered":"https:\/\/nbg.eu\/product\/gribeskrue-m35-torx-kmr\/"},"modified":"2026-04-16T16:22:27","modified_gmt":"2026-04-16T13:22:27","slug":"gribeskrue-m35-torx-kmr","status":"publish","type":"product","link":"https:\/\/nbg.eu\/da\/vare\/gribeskrue-m35-torx-kmr\/","title":{"rendered":"KMR Grebskrue M3.5 Torx"},"content":{"rendered":"<h2>Grip Skrue M3,5 Torx KMR<\/h2>\n<p>Konstrueret med pr\u00e6cision og opm\u00e6rksomhed p\u00e5 detaljer, sikrer denne gribeskrue et sikkert og p\u00e5lideligt greb, hvilket forbedrer den samlede ydelse og funktionalitet af dit Weapons KMR. Med et Torx-design giver den en sikker og konsistent forbindelse og forhindrer u\u00f8nsket l\u00f8sning eller forskydning under brug.<\/p>\n<p>Uanset om du er en erfaren skytte eller en taktisk entusiast, er dette et must-have-tilbeh\u00f8r til at opretholde integriteten og p\u00e5lideligheden af dit Weapons KMR. Forh\u00f8j din skydeoplevelse med denne essentielle komponent, der er designet til at integrere s\u00f8ml\u00f8st med din foretrukne KMR-model.<\/p>\n<p>Til Weapons KMR:<\/p>\n<p>KMR L-02 EMIQ<\/p>\n<p>KMR L-02 EMIQ (OR)<\/p>\n<p>KMR L-02 ORCA FRA 2024<\/p>\n<p>KMR L-02 ORCA INDTIL 2023<\/p>\n<p>KMR L-02 SPECTRA FRA 2024<\/p>\n<p>KMR L-02 SPECTRA INDTIL 2023<\/p>\n<p>KMR L-02 UMBRA (OR) SR<\/p>\n<p>KMR S-01 LANCE (OR)<\/p>\n<p>KMR S-02 FRA 2024<\/p>\n<p>KMR S-02 INDTIL 2023<\/p>\n<p>KMR W-02 CUDA (OR)<\/p>\n<p>KMR W-02 UMBRA<\/p>\n<p>KMR W-02 UMBRA (OR)<\/p>\n","protected":false},"excerpt":{"rendered":"<p>Gribesky M3,5 Torx KMR til v\u00e5ben KMR-modeller kompatibel.<\/p>\n","protected":false},"featured_media":25284,"template":"","meta":{"_acf_changed":false},"product_brand":[11506],"product_cat":[13089,14873],"product_tag":[],"class_list":{"0":"post-721230","1":"product","2":"type-product","3":"status-publish","4":"has-post-thumbnail","6":"product_brand-kmr-precision","7":"product_cat-kmr-dele","8":"product_cat-pistol-grips-da","10":"first","11":"instock","12":"taxable","13":"shipping-taxable","14":"product-type-simple"},"acf":[],"_links":{"self":[{"href":"https:\/\/nbg.eu\/da\/wp-json\/wp\/v2\/product\/721230","targetHints":{"allow":["GET"]}}],"collection":[{"href":"https:\/\/nbg.eu\/da\/wp-json\/wp\/v2\/product"}],"about":[{"href":"https:\/\/nbg.eu\/da\/wp-json\/wp\/v2\/types\/product"}],"wp:featuredmedia":[{"embeddable":true,"href":"https:\/\/nbg.eu\/da\/wp-json\/wp\/v2\/media\/25284"}],"wp:attachment":[{"href":"https:\/\/nbg.eu\/da\/wp-json\/wp\/v2\/media?parent=721230"}],"wp:term":[{"taxonomy":"product_brand","embeddable":true,"href":"https:\/\/nbg.eu\/da\/wp-json\/wp\/v2\/product_brand?post=721230"},{"taxonomy":"product_cat","embeddable":true,"href":"https:\/\/nbg.eu\/da\/wp-json\/wp\/v2\/product_cat?post=721230"},{"taxonomy":"product_tag","embeddable":true,"href":"https:\/\/nbg.eu\/da\/wp-json\/wp\/v2\/product_tag?post=721230"}],"curies":[{"name":"wp","href":"https:\/\/api.w.org\/{rel}","templated":true}]}}