{"id":721385,"date":"2026-01-19T18:48:06","date_gmt":"2026-01-19T15:48:06","guid":{"rendered":"https:\/\/nbg.eu\/product\/rh-crocy-magasinholder\/"},"modified":"2026-02-27T16:44:14","modified_gmt":"2026-02-27T13:44:14","slug":"rh-crocy-magasinholder","status":"publish","type":"product","link":"https:\/\/nbg.eu\/da\/vare\/rh-crocy-magasinholder\/","title":{"rendered":"RH Crocy magasinholder"},"content":{"rendered":"<h2>RH Crocy magasinholder<\/h2>\n<p>RH Crocy magasinholderen er en dedikeret AIWB magasinholder designet til at passe sammen med RH Crocy hylstersystemet. Fastg\u00f8res via Crocy Gizmo-forbindelsesstykket eller kan b\u00e6res selvst\u00e6ndigt med st\u00e5lkrogen.<\/p>\n<h3>Vigtigste egenskaber:<\/h3>\n<ul>\n<li>St\u00e5lkrog for sikker b\u00e6ltefastg\u00f8relse<\/li>\n<li>Kompatibel med 40 mm b\u00e6lte<\/li>\n<li>Justerbar fastholdelse via skruer<\/li>\n<li>Kydex-konstruktion for pr\u00e6cis magasinpasning<\/li>\n<li>Designet til AIWB-b\u00e6ring foran p\u00e5 kroppen<\/li>\n<li>Kompatibel med Crocy Gizmo for modul\u00e6r hylsterintegration<\/li>\n<\/ul>\n","protected":false},"excerpt":{"rendered":"<p>RH Crocy magasinholder: AIWB magasinholder med st\u00e5lkrog og justerbar fastholdelse.<\/p>\n","protected":false},"featured_media":721386,"template":"","meta":{"_acf_changed":false},"product_brand":[11631],"product_cat":[13120],"product_tag":[],"class_list":{"0":"post-721385","1":"product","2":"type-product","3":"status-publish","4":"has-post-thumbnail","6":"product_brand-rh-holsters","7":"product_cat-hylstertilbehor","9":"first","10":"instock","11":"taxable","12":"shipping-taxable","13":"purchasable","14":"product-type-simple"},"acf":[],"_links":{"self":[{"href":"https:\/\/nbg.eu\/da\/wp-json\/wp\/v2\/product\/721385","targetHints":{"allow":["GET"]}}],"collection":[{"href":"https:\/\/nbg.eu\/da\/wp-json\/wp\/v2\/product"}],"about":[{"href":"https:\/\/nbg.eu\/da\/wp-json\/wp\/v2\/types\/product"}],"wp:featuredmedia":[{"embeddable":true,"href":"https:\/\/nbg.eu\/da\/wp-json\/wp\/v2\/media\/721386"}],"wp:attachment":[{"href":"https:\/\/nbg.eu\/da\/wp-json\/wp\/v2\/media?parent=721385"}],"wp:term":[{"taxonomy":"product_brand","embeddable":true,"href":"https:\/\/nbg.eu\/da\/wp-json\/wp\/v2\/product_brand?post=721385"},{"taxonomy":"product_cat","embeddable":true,"href":"https:\/\/nbg.eu\/da\/wp-json\/wp\/v2\/product_cat?post=721385"},{"taxonomy":"product_tag","embeddable":true,"href":"https:\/\/nbg.eu\/da\/wp-json\/wp\/v2\/product_tag?post=721385"}],"curies":[{"name":"wp","href":"https:\/\/api.w.org\/{rel}","templated":true}]}}