{"id":723177,"date":"2026-03-06T17:34:43","date_gmt":"2026-03-06T14:34:43","guid":{"rendered":"https:\/\/nbg.eu\/product\/eberlestock-w2-spectre\/"},"modified":"2026-04-15T14:12:16","modified_gmt":"2026-04-15T11:12:16","slug":"eberlestock-w2-spectre","status":"publish","type":"product","link":"https:\/\/nbg.eu\/da\/vare\/eberlestock-w2-spectre\/","title":{"rendered":"Eberlestock W2-Spectre"},"content":{"rendered":"<h2>Eberlestock W2-Spectre<\/h2>\n<p>Spectre er Eberlestocks mest innovative og alsidige sniperrygs\u00e6k, der omdefinerer, hvordan professionelle b\u00e6rer deres pr\u00e6cisionsv\u00e5bensystemer. Udstyret med den patentanmeldte RAID\u2122 skede \u2014 en polstret, lukket skede optimeret til rifler med foldbart chassis, clip-on nattesyn og termiske enheder samt v\u00e5benmonterede laserafstandsm\u00e5lere.<\/p>\n<h3>M\u00e5lrettet bygget til moderne platforme<\/h3>\n<p>Spectre har en bredere profil, der er specielt designet til at rumme nutidens st\u00f8rre pr\u00e6cisionsv\u00e5benplatforme med moderne tilbeh\u00f8r. Designet giver hurtig, effektiv adgang ved udtagning eller opbevaring af et gev\u00e6r, og eliminerer den fumlen, der plager konventionelle skedesystemer.<\/p>\n<h3>Professionelt b\u00e6resystem<\/h3>\n<p>En intern ramme parret med det nye Ladder Shoulder Harness b\u00e6resystem og et forbedret hofteb\u00e6lte leverer en m\u00e6rkbar opgradering i pasform, komfort og lastvfordeling. N\u00e5r den er tilpasset din overkrop, fungerer Spectre gnidningsl\u00f8st med taktiske b\u00e6lter og pladeb\u00e6rere og opretholder adgang til kritisk udstyr p\u00e5 din krop.<\/p>\n<h3>Feltdrevet design<\/h3>\n<p>Designet med direkte feedback fra professionelle i felten, Spectre har flere b\u00e6reh\u00e5ndtag: to p\u00e5 toppen, et p\u00e5 hver side og et holdbart Hypalon h\u00e5ndtag foran. Uanset om du klatrer op ad en stige, kryber lavt gennem vegetation eller omplacerer dig under pres, kan du effektivt man\u00f8vrere rygs\u00e6kken fra enhver position.<\/p>\n<table>\n<thead>\n<tr>\n<th>Specifikation<\/th>\n<th>Detalje<\/th>\n<\/tr>\n<\/thead>\n<tbody>\n<tr>\n<td>Skede<\/td>\n<td>RAID\u2122 patentanmeldt lukket skede<\/td>\n<\/tr>\n<tr>\n<td>Ramme<\/td>\n<td>Intern ramme<\/td>\n<\/tr>\n<tr>\n<td>B\u00e6resystem<\/td>\n<td>Ladder Shoulder Harness<\/td>\n<\/tr>\n<tr>\n<td>B\u00e6reh\u00e5ndtag<\/td>\n<td>5 (2 top, 2 side, 1 front Hypalon)<\/td>\n<\/tr>\n<tr>\n<td>Kompatibilitet<\/td>\n<td>Taktiske b\u00e6lter, pladeb\u00e6rere<\/td>\n<\/tr>\n<tr>\n<td>Optimeret til<\/td>\n<td>Foldbare chassiser, NV\/termiske clip-ons, LRF&#8217;er<\/td>\n<\/tr>\n<\/tbody>\n<\/table>\n","protected":false},"excerpt":{"rendered":"<p>Eberlestock W2-Spectre er en specialbygget sniperrygs\u00e6k med det patenterede RAID\u2122-hylster optimeret til foldbare riffelchassis, clip-on nattesynsenheder, termiske enheder og v\u00e5benmonterede laserafstandsm\u00e5lere. Indre ramme med Ladder Shoulder Harness.<\/p>\n","protected":false},"featured_media":723178,"template":"","meta":{"_acf_changed":false},"product_brand":[15141],"product_cat":[13083,13147],"product_tag":[],"class_list":{"0":"post-723177","1":"product","2":"type-product","3":"status-publish","4":"has-post-thumbnail","6":"product_brand-eberlestock","7":"product_cat-rygsaekke","8":"product_cat-udstyr","10":"first","11":"instock","12":"taxable","13":"shipping-taxable","14":"purchasable","15":"product-type-variable","16":"wvs-archive-product-wrapper"},"acf":[],"_links":{"self":[{"href":"https:\/\/nbg.eu\/da\/wp-json\/wp\/v2\/product\/723177","targetHints":{"allow":["GET"]}}],"collection":[{"href":"https:\/\/nbg.eu\/da\/wp-json\/wp\/v2\/product"}],"about":[{"href":"https:\/\/nbg.eu\/da\/wp-json\/wp\/v2\/types\/product"}],"wp:featuredmedia":[{"embeddable":true,"href":"https:\/\/nbg.eu\/da\/wp-json\/wp\/v2\/media\/723178"}],"wp:attachment":[{"href":"https:\/\/nbg.eu\/da\/wp-json\/wp\/v2\/media?parent=723177"}],"wp:term":[{"taxonomy":"product_brand","embeddable":true,"href":"https:\/\/nbg.eu\/da\/wp-json\/wp\/v2\/product_brand?post=723177"},{"taxonomy":"product_cat","embeddable":true,"href":"https:\/\/nbg.eu\/da\/wp-json\/wp\/v2\/product_cat?post=723177"},{"taxonomy":"product_tag","embeddable":true,"href":"https:\/\/nbg.eu\/da\/wp-json\/wp\/v2\/product_tag?post=723177"}],"curies":[{"name":"wp","href":"https:\/\/api.w.org\/{rel}","templated":true}]}}