{"id":723892,"date":"2026-03-10T16:14:33","date_gmt":"2026-03-10T13:14:33","guid":{"rendered":"https:\/\/nbg.eu\/product\/area-419-can-koozie-clip-on-natsigtsskaerm\/"},"modified":"2026-03-10T17:16:57","modified_gmt":"2026-03-10T14:16:57","slug":"area-419-can-koozie-clip-on-natsigtsskaerm","status":"publish","type":"product","link":"https:\/\/nbg.eu\/da\/vare\/area-419-can-koozie-clip-on-natsigtsskaerm\/","title":{"rendered":"Area 419 Can Koozie \/ Clip-on Natsigtssk\u00e6rm"},"content":{"rendered":"<h2>Area 419 Can Koozie \/ Clip-on Natsynskappe<\/h2>\n<p>Designet af Area 419 tjener denne neoprenkappe et taktisk form\u00e5l: klik den p\u00e5 optikkens objektivende for at bygge bro mellem sigtemiddel og clip-on natsynsapparat, blokerer st\u00f8v og streglys.<\/p>\n<h3>Clip-on Natsynskappe<\/h3>\n<p>Kappen str\u00e6kkes over optikkens objektivklokke og giver en t\u00e6t, lyst\u00e6t bro til dit clip-on NV-apparat \u2014 eliminerer mellemrummet der lukker omgivende lys og st\u00f8v ind. Skytter bruger den ogs\u00e5 som effektiv solsk\u00e6rm mod objektivbl\u00e6nding uden Velcro-wraps eller klodset tilbeh\u00f8r.<\/p>\n<h3>Specifikationer<\/h3>\n<table>\n<tbody>\n<tr>\n<td><strong>Materiale<\/strong><\/td>\n<td>Neoprene<\/td>\n<\/tr>\n<tr>\n<td><strong>V\u00e6gt<\/strong><\/td>\n<td>0.1 lbs<\/td>\n<\/tr>\n<tr>\n<td><strong>M\u00e5l<\/strong><\/td>\n<td>2 x 2 x 0.5 in<\/td>\n<\/tr>\n<tr>\n<td><strong>Fremstillet i<\/strong><\/td>\n<td>USA<\/td>\n<\/tr>\n<\/tbody>\n<\/table>\n","protected":false},"excerpt":{"rendered":"<p>Neopren clip-on kappe designet til at bygge bro mellem optikkens objektivklokke og et clip-on natsynsapparat. Blokerer st\u00f8v, streglys og eliminerer objektivbl\u00e6nding. Fungerer ogs\u00e5 som effektiv solsk\u00e6rm til dagskydning.<\/p>\n","protected":false},"featured_media":723893,"template":"","meta":{"_acf_changed":false},"product_brand":[11042],"product_cat":[13115,13147],"product_tag":[],"class_list":{"0":"post-723892","1":"product","2":"type-product","3":"status-publish","4":"has-post-thumbnail","6":"product_brand-area-419","7":"product_cat-sigtetilbehor","8":"product_cat-udstyr","10":"first","11":"instock","12":"taxable","13":"shipping-taxable","14":"purchasable","15":"product-type-simple"},"acf":[],"_links":{"self":[{"href":"https:\/\/nbg.eu\/da\/wp-json\/wp\/v2\/product\/723892","targetHints":{"allow":["GET"]}}],"collection":[{"href":"https:\/\/nbg.eu\/da\/wp-json\/wp\/v2\/product"}],"about":[{"href":"https:\/\/nbg.eu\/da\/wp-json\/wp\/v2\/types\/product"}],"wp:featuredmedia":[{"embeddable":true,"href":"https:\/\/nbg.eu\/da\/wp-json\/wp\/v2\/media\/723893"}],"wp:attachment":[{"href":"https:\/\/nbg.eu\/da\/wp-json\/wp\/v2\/media?parent=723892"}],"wp:term":[{"taxonomy":"product_brand","embeddable":true,"href":"https:\/\/nbg.eu\/da\/wp-json\/wp\/v2\/product_brand?post=723892"},{"taxonomy":"product_cat","embeddable":true,"href":"https:\/\/nbg.eu\/da\/wp-json\/wp\/v2\/product_cat?post=723892"},{"taxonomy":"product_tag","embeddable":true,"href":"https:\/\/nbg.eu\/da\/wp-json\/wp\/v2\/product_tag?post=723892"}],"curies":[{"name":"wp","href":"https:\/\/api.w.org\/{rel}","templated":true}]}}