{"id":732158,"date":"2026-03-13T17:33:16","date_gmt":"2026-03-13T14:33:16","guid":{"rendered":"https:\/\/nbg.eu\/product\/microtech-dirac-delta-d-e-dlc-shadow-signature-series-2\/"},"modified":"2026-03-30T15:45:45","modified_gmt":"2026-03-30T12:45:45","slug":"microtech-dirac-delta-d-e-dlc-shadow-signature-series-2","status":"publish","type":"product","link":"https:\/\/nbg.eu\/da\/vare\/microtech-dirac-delta-d-e-dlc-shadow-signature-series-2\/","title":{"rendered":"Microtech Dirac Delta D\/E DLC Shadow Signature Series"},"content":{"rendered":"<h2>Oversigt<\/h2>\n<p>Microtech Dirac Delta D\/E DLC Shadow er en Signature Series-variant af Microtechs innovative top-fire OTF-automatik. M\u00f8nstret efter pioneren Dirac, har Delta det samme ergonomiske chassis og innovative interne mekanisme i en mere robust st\u00f8rrelse, med denne Shadow-udgave med en komplet DLC (Diamond-Like Carbon) bel\u00e6gning p\u00e5 M390MK dolkbladet, aluminiumsh\u00e5ndtag, hardware og lommeclips. Den definerende topmonterede affyringsknap muligg\u00f8r intuitiv, ambidextrous klingeudfoldelse og tilbagetr\u00e6kning med en naturlig tommelfingerbev\u00e6gelse.<\/p>\n<h3>Topmonteret affyringsknap<\/h3>\n<p>I mods\u00e6tning til sideskydende OTF-knive giver Dirac Delta&#8217;s d\u00e6kselmonterede knap et naturligt, intuitivt tommelfingertryk til bladets udfoldelse og tilbagetr\u00e6kning. Designet muligg\u00f8r \u00e6gte ambidextrous drift uden at flytte h\u00e5nden.<\/p>\n<h3>Ergonomisk HALO-inspireret chassis<\/h3>\n<p>Dirac Deltas chassis har buede linjer inspireret af den legendariske Microtech HALO, hvilket skaber en karakteristisk f\u00f8lelse i h\u00e5nden, der adskiller den fra traditionelle ligesidede OTF-designs.<\/p>\n<h3>DLC Shadow Finish<\/h3>\n<p>Den komplette diamantlignende kulstofbel\u00e6gning p\u00e5 tv\u00e6rs af alle overflader giver ekstrem h\u00e5rdhed, slidstyrke og en slank m\u00f8rklagt \u00e6stetik. DLC-finishen tilf\u00f8jer ogs\u00e5 et lag af korrosionsbeskyttelse ud over det allerede resistente M390MK-st\u00e5l.<\/p>\n<h3>Premium-komponenter<\/h3>\n<ul>\n<li>Bohler M390MK dobbeltkantet dolkblad med DLC-bel\u00e6gning<\/li>\n<li>6061-T6 aluminiumsh\u00e5ndtag med DLC Shadow finish<\/li>\n<li>DLC-belagt hardware og lommeclips<\/li>\n<li>Topmonteret affyringsknap til ambidextrous drift<\/li>\n<li>Integreret glasknuser<\/li>\n<li>Signatur Series betegnelse<\/li>\n<\/ul>\n<h3>Specifikationer<\/h3>\n<table class=\"shop_attributes\">\n<tbody>\n<tr>\n<td><strong>Type<\/strong><\/td>\n<td>Automatisk ude foran<\/td>\n<\/tr>\n<tr>\n<td><strong>Klingenl\u00e6ngde<\/strong><\/td>\n<td>3,79&#8243;<\/td>\n<\/tr>\n<tr>\n<td><strong>Samlet l\u00e6ngde<\/strong><\/td>\n<td>9,40&#8243;<\/td>\n<\/tr>\n<tr>\n<td><strong>H\u00e5ndtagsl\u00e6ngde<\/strong><\/td>\n<td>5,50&#8243;<\/td>\n<\/tr>\n<tr>\n<td><strong>Klingest\u00e5l<\/strong><\/td>\n<td>Bohler M390MK (DLC-coated)<\/td>\n<\/tr>\n<tr>\n<td><strong>H\u00e5ndtagsmateriale<\/strong><\/td>\n<td>6061-T6 Aluminium (DLC Shadow)<\/td>\n<\/tr>\n<tr>\n<td><strong>V\u00e6gt<\/strong><\/td>\n<td>4,60 oz<\/td>\n<\/tr>\n<tr>\n<td><strong>Klingestil<\/strong><\/td>\n<td>Dolk\/dobbeltkant (D\/E)<\/td>\n<\/tr>\n<tr>\n<td><strong>Klingefinish<\/strong><\/td>\n<td>DLC Shadow<\/td>\n<\/tr>\n<tr>\n<td><strong>Hardware<\/strong><\/td>\n<td>DLC Coated<\/td>\n<\/tr>\n<tr>\n<td><strong>Kanttype<\/strong><\/td>\n<td>Almindelig<\/td>\n<\/tr>\n<tr>\n<td><strong>Serie<\/strong><\/td>\n<td>Signaturserie<\/td>\n<\/tr>\n<tr>\n<td><strong>Oprindelsesland<\/strong><\/td>\n<td>USA<\/td>\n<\/tr>\n<\/tbody>\n<\/table>\n","protected":false},"excerpt":{"rendered":"<p>Dirac Delta Signature Series OTF automatisk med fuld DLC Shadow finish \u2013 DLC-belagt M390MK dobbeltkantet dolkblad og DLC \u200b\u200baluminiumsh\u00e5ndtag. Topmonteret affyringsknap. 3,79&#8243; klinge, 9,40&#8243; samlet, 4,6 oz.<\/p>\n","protected":false},"featured_media":731070,"template":"","meta":{"_acf_changed":false},"product_brand":[15526],"product_cat":[15363,15989],"product_tag":[],"class_list":{"0":"post-732158","1":"product","2":"type-product","3":"status-publish","4":"has-post-thumbnail","6":"product_brand-microtech","7":"product_cat-knives-da","8":"product_cat-otf-knives-da","10":"first","11":"outofstock","12":"taxable","13":"shipping-taxable","14":"purchasable","15":"product-type-simple"},"acf":[],"_links":{"self":[{"href":"https:\/\/nbg.eu\/da\/wp-json\/wp\/v2\/product\/732158","targetHints":{"allow":["GET"]}}],"collection":[{"href":"https:\/\/nbg.eu\/da\/wp-json\/wp\/v2\/product"}],"about":[{"href":"https:\/\/nbg.eu\/da\/wp-json\/wp\/v2\/types\/product"}],"wp:featuredmedia":[{"embeddable":true,"href":"https:\/\/nbg.eu\/da\/wp-json\/wp\/v2\/media\/731070"}],"wp:attachment":[{"href":"https:\/\/nbg.eu\/da\/wp-json\/wp\/v2\/media?parent=732158"}],"wp:term":[{"taxonomy":"product_brand","embeddable":true,"href":"https:\/\/nbg.eu\/da\/wp-json\/wp\/v2\/product_brand?post=732158"},{"taxonomy":"product_cat","embeddable":true,"href":"https:\/\/nbg.eu\/da\/wp-json\/wp\/v2\/product_cat?post=732158"},{"taxonomy":"product_tag","embeddable":true,"href":"https:\/\/nbg.eu\/da\/wp-json\/wp\/v2\/product_tag?post=732158"}],"curies":[{"name":"wp","href":"https:\/\/api.w.org\/{rel}","templated":true}]}}