{"id":732159,"date":"2026-03-13T17:33:20","date_gmt":"2026-03-13T14:33:20","guid":{"rendered":"https:\/\/nbg.eu\/product\/microtech-6-utility-knife-stonewash-titanium-bolster-black-g-10-2\/"},"modified":"2026-03-16T12:26:55","modified_gmt":"2026-03-16T09:26:55","slug":"microtech-6-utility-knife-stonewash-titanium-bolster-black-g-10-2","status":"publish","type":"product","link":"https:\/\/nbg.eu\/da\/vare\/microtech-6-utility-knife-stonewash-titanium-bolster-black-g-10-2\/","title":{"rendered":"Microtech 6&#8243; Utility Knife Stonewash Titanium Bolster Black G-10"},"content":{"rendered":"<h2>Oversigt<\/h2>\n<p>Microtech 6&#8243; Utility Knife bringer den samme kompromisl\u00f8se kvalitet og pr\u00e6cisionsteknik, som findes i Microtechs taktiske knive, til den kulinariske verden. Denne Utility Knife bygger bro mellem en sk\u00e6rekniv og en kokkekniv med dens slanke, men robuste 6-tommer M390MK blade, perfekt til sm\u00e5 gr\u00f8ntsager og bagv\u00e6rk, perfekt til sm\u00e5 gr\u00f8ntsager. knive. Stenvask-finishen giver en f\u00f8devaresikker overflade med lav bl\u00e6nding med fremragende korrosionsbestandighed, mens titanium-st\u00f8tterne og det sorte G-10-h\u00e5ndtag giver et professionelt greb, der forbliver sikkert, selv n\u00e5r det er v\u00e5dt.<\/p>\n<h3>M390MK Culinary Blade<\/h3>\n<p>Det samme Bohler M390MK-st\u00e5l, der bruges i Microtechs taktiske knive, leverer knivskarpe kantfastholdelse, enest\u00e5ende korrosionsbestandighed og nem efterslibning til mange \u00e5rs professionel k\u00f8kkenbrug.<\/p>\n<h3>Titanium Bolster Konstruktion<\/h3>\n<p>Perlebl\u00e6st 6AL-4V titanium bolster giver en behagelig, afbalanceret f\u00f8lelse med en naturlig overgang mellem h\u00e5ndtag og klinge. Titanium tilf\u00f8jer stort set ingen v\u00e6gt, samtidig med at det giver enest\u00e5ende holdbarhed.<\/p>\n<h3>G-10 h\u00e5ndtagsv\u00e6gte<\/h3>\n<p>Sorte G-10 sammensatte h\u00e5ndtagsv\u00e6gte er uigennemtr\u00e6ngelige for fugt, varme og kemikalier, der findes i professionelle k\u00f8kkener, hvilket sikrer en hygiejnisk og holdbar grebsoverflade.<\/p>\n<h3>Premium-komponenter<\/h3>\n<ul>\n<li>Bohler M390MK klinge med fladslibning og stenvasket finish<\/li>\n<li>Perlebl\u00e6ste 6AL-4V titanium bolstere<\/li>\n<li>Sort G-10 h\u00e5ndtagsv\u00e6gt<\/li>\n<li>F\u00f8devaresikker korrosionsbestandig konstruktion<\/li>\n<li>Livstidsgaranti<\/li>\n<\/ul>\n<h3>Specifikationer<\/h3>\n<table class=\"shop_attributes\">\n<tbody>\n<tr>\n<td><strong>Type<\/strong><\/td>\n<td>Fast klinge (kulinarisk)<\/td>\n<\/tr>\n<tr>\n<td><strong>Klingenl\u00e6ngde<\/strong><\/td>\n<td>6,00&#8243;<\/td>\n<\/tr>\n<tr>\n<td><strong>Samlet l\u00e6ngde<\/strong><\/td>\n<td>10,54&#8243;<\/td>\n<\/tr>\n<tr>\n<td><strong>Klingest\u00e5l<\/strong><\/td>\n<td>Bohler M390MK<\/td>\n<\/tr>\n<tr>\n<td><strong>Klingefinish<\/strong><\/td>\n<td>Stenvask<\/td>\n<\/tr>\n<tr>\n<td><strong>Klingeslibning<\/strong><\/td>\n<td>Flad<\/td>\n<\/tr>\n<tr>\n<td><strong>H\u00e5ndtagsmateriale<\/strong><\/td>\n<td>Sort G-10 med Titanium Bolsters<\/td>\n<\/tr>\n<tr>\n<td><strong>Bolstermateriale<\/strong><\/td>\n<td>Perlebl\u00e6st 6AL-4V Titanium<\/td>\n<\/tr>\n<tr>\n<td><strong>V\u00e6gt<\/strong><\/td>\n<td>4,54 oz<\/td>\n<\/tr>\n<tr>\n<td><strong>Oprindelsesland<\/strong><\/td>\n<td>USA<\/td>\n<\/tr>\n<\/tbody>\n<\/table>\n","protected":false},"excerpt":{"rendered":"<p>Microtech 6&#8243; kulinarisk v\u00e6rkt\u00f8jskniv med M390MK stenvasket blad, titanium bolster og sort G-10 h\u00e5ndtag. Bygger bro mellem sk\u00e6ring og kokkekniv. 6,00&#8243; klinge, 10,54&#8243; samlet, 4,54 oz.<\/p>\n","protected":false},"featured_media":731074,"template":"","meta":{"_acf_changed":false},"product_brand":[15526],"product_cat":[15854,15363],"product_tag":[],"class_list":{"0":"post-732159","1":"product","2":"type-product","3":"status-publish","4":"has-post-thumbnail","6":"product_brand-microtech","7":"product_cat-fixed-blade-knives-da","8":"product_cat-knives-da","10":"first","11":"outofstock","12":"taxable","13":"shipping-taxable","14":"purchasable","15":"product-type-simple"},"acf":[],"_links":{"self":[{"href":"https:\/\/nbg.eu\/da\/wp-json\/wp\/v2\/product\/732159","targetHints":{"allow":["GET"]}}],"collection":[{"href":"https:\/\/nbg.eu\/da\/wp-json\/wp\/v2\/product"}],"about":[{"href":"https:\/\/nbg.eu\/da\/wp-json\/wp\/v2\/types\/product"}],"wp:featuredmedia":[{"embeddable":true,"href":"https:\/\/nbg.eu\/da\/wp-json\/wp\/v2\/media\/731074"}],"wp:attachment":[{"href":"https:\/\/nbg.eu\/da\/wp-json\/wp\/v2\/media?parent=732159"}],"wp:term":[{"taxonomy":"product_brand","embeddable":true,"href":"https:\/\/nbg.eu\/da\/wp-json\/wp\/v2\/product_brand?post=732159"},{"taxonomy":"product_cat","embeddable":true,"href":"https:\/\/nbg.eu\/da\/wp-json\/wp\/v2\/product_cat?post=732159"},{"taxonomy":"product_tag","embeddable":true,"href":"https:\/\/nbg.eu\/da\/wp-json\/wp\/v2\/product_tag?post=732159"}],"curies":[{"name":"wp","href":"https:\/\/api.w.org\/{rel}","templated":true}]}}