{"id":749232,"date":"2026-04-24T11:17:23","date_gmt":"2026-04-24T08:17:23","guid":{"rendered":"https:\/\/nbg.eu\/product\/eberlestock-wrs-retention-strap\/"},"modified":"2026-04-24T11:58:23","modified_gmt":"2026-04-24T08:58:23","slug":"eberlestock-wrs-retention-strap","status":"publish","type":"product","link":"https:\/\/nbg.eu\/da\/vare\/eberlestock-wrs-retention-strap\/","title":{"rendered":"Eberlestock WRS-Retention Strap"},"content":{"rendered":"<h2>Eberlestock WRS-Retention Strap<\/h2>\n<p>Eberlestock WRS Retention Strap er et simpelt, men yderst effektivt tilbeh\u00f8r designet til at forbedre kontrol og tilpasningsevne i dit b\u00e6resystem. Tilg\u00e6ngelig i flere farvemuligheder, der matcher dit eksisterende Eberlestock-udstyr, giver denne lette rem brugerne st\u00f8rre fleksibilitet til at fastg\u00f8re v\u00e5ben, udstyr og tilbeh\u00f8r til MOLLE-kompatible platforme.<\/p>\n<h3>N\u00f8glefunktioner<\/h3>\n<ul>\n<li>Universel MOLLE-kompatibel fastg\u00f8relse til brug med Eberlestock-rygs\u00e6kke og tilbeh\u00f8r<\/li>\n<li>Designet til v\u00e5benretention og generel fastg\u00f8relse af udstyr<\/li>\n<li>Lavprofil design, der integreres problemfrit med eksisterende ops\u00e6tninger<\/li>\n<li>Hurtigjusteringsfunktion til hurtig udfoldelse og opbevaring<\/li>\n<li>Tilg\u00e6ngelig i flere farver: Dry Earth, Military Green, Coyote Brown og Multicam<\/li>\n<li>D\u00e6kket af Eberlestock livstidsgaranti<\/li>\n<\/ul>\n<h3>Specifikationer<\/h3>\n<table>\n<tr>\n<td><strong>Varenumre<\/strong><\/td>\n<td>WRSME (Dry Earth), WRSMJ (Military Green), WRSMC (Coyote Brown), WRSMM (Multicam)<\/td>\n<\/tr>\n<tr>\n<td><strong>V\u00e6gt<\/strong><\/td>\n<td>4 oz<\/td>\n<\/tr>\n<tr>\n<td><strong>Kompatibilitet<\/strong><\/td>\n<td>MOLLE \/ PALS<\/td>\n<\/tr>\n<tr>\n<td><strong>Producent<\/strong><\/td>\n<td>Eberlestock (Veteranejet virksomhed)<\/td>\n<\/tr>\n<\/table>\n","protected":false},"excerpt":{"rendered":"<p>Eberlestock WRS Retention Strap er et simpelt, men yderst effektivt tilbeh\u00f8r designet til at forbedre kontrol og tilpasningsevne i dit b\u00e6resystem. Tilg\u00e6ngelig i flere farvemuligheder, der matcher dit eksisterende Eberlestock-udstyr, giver denne lette rem brugerne st\u00f8rre fleksibilitet til at fastg\u00f8re v\u00e5ben, udstyr og tilbeh\u00f8r til MOLLE-kompatible platforme.<\/p>\n","protected":false},"featured_media":749233,"template":"","meta":{"_acf_changed":false},"product_brand":[15141],"product_cat":[13147],"product_tag":[],"class_list":{"0":"post-749232","1":"product","2":"type-product","3":"status-publish","4":"has-post-thumbnail","6":"product_brand-eberlestock","7":"product_cat-udstyr","9":"first","10":"outofstock","11":"taxable","12":"shipping-taxable","13":"purchasable","14":"product-type-variable","15":"wvs-archive-product-wrapper"},"acf":[],"_links":{"self":[{"href":"https:\/\/nbg.eu\/da\/wp-json\/wp\/v2\/product\/749232","targetHints":{"allow":["GET"]}}],"collection":[{"href":"https:\/\/nbg.eu\/da\/wp-json\/wp\/v2\/product"}],"about":[{"href":"https:\/\/nbg.eu\/da\/wp-json\/wp\/v2\/types\/product"}],"wp:featuredmedia":[{"embeddable":true,"href":"https:\/\/nbg.eu\/da\/wp-json\/wp\/v2\/media\/749233"}],"wp:attachment":[{"href":"https:\/\/nbg.eu\/da\/wp-json\/wp\/v2\/media?parent=749232"}],"wp:term":[{"taxonomy":"product_brand","embeddable":true,"href":"https:\/\/nbg.eu\/da\/wp-json\/wp\/v2\/product_brand?post=749232"},{"taxonomy":"product_cat","embeddable":true,"href":"https:\/\/nbg.eu\/da\/wp-json\/wp\/v2\/product_cat?post=749232"},{"taxonomy":"product_tag","embeddable":true,"href":"https:\/\/nbg.eu\/da\/wp-json\/wp\/v2\/product_tag?post=749232"}],"curies":[{"name":"wp","href":"https:\/\/api.w.org\/{rel}","templated":true}]}}