{"id":749658,"date":"2026-04-24T11:17:35","date_gmt":"2026-04-24T08:17:35","guid":{"rendered":"https:\/\/nbg.eu\/product\/eberlestock-freefall-3000-rygsaek\/"},"modified":"2026-04-24T12:00:21","modified_gmt":"2026-04-24T09:00:21","slug":"eberlestock-freefall-3000-rygsaek","status":"publish","type":"product","link":"https:\/\/nbg.eu\/da\/vare\/eberlestock-freefall-3000-rygsaek\/","title":{"rendered":"Eberlestock FreeFall 3000 Rygs\u00e6k"},"content":{"rendered":"<h2>Eberlestock FreeFall 3000 Rygs\u00e6k<\/h2>\n<p>Eberlestock FreeFall 3000 er den st\u00f8rre udgave i FreeFall-serien og tilbyder 3000 kubiktommer kapacitet til udvidede ture i naturen og flerdages operationer. Med det samme gennempr\u00f8vede design med robust aluminiumsramme, syv indvendige lommer og omfattende organisering h\u00e5ndterer denne rygs\u00e6k tungere belastninger med lethed.<\/p>\n<h3>N\u00f8glefunktioner<\/h3>\n<ul>\n<li>3000 c.i. \/ 49.2L capacity<\/li>\n<li>Spacious top lid<\/li>\n<li>Seven interior pockets<\/li>\n<li>Water bladder sleeve<\/li>\n<li>Compression straps<\/li>\n<li>Hip-belt pockets<\/li>\n<li>Aluminum frame<\/li>\n<li>Eberlestock Lifetime Warranty<\/li>\n<\/ul>\n<h3>Specifikationer<\/h3>\n<table>\n<tr>\n<td><strong>Volumen<\/strong><\/td>\n<td>3000 c.i. \/ 49.2L<\/td>\n<\/tr>\n<tr>\n<td><strong>V\u00e6gt<\/strong><\/td>\n<td>5 lbs 1 oz<\/td>\n<\/tr>\n<tr>\n<td><strong>Ramme<\/strong><\/td>\n<td>Aluminum<\/td>\n<\/tr>\n<tr>\n<td><strong>Varenumre<\/strong><\/td>\n<td>V8MC, V8GY, V8MB, V8ME, V8MJ, V8MM<\/td>\n<\/tr>\n<tr>\n<td><strong>Producent<\/strong><\/td>\n<td>Eberlestock (Veteranejet virksomhed)<\/td>\n<\/tr>\n<\/table>\n","protected":false},"excerpt":{"rendered":"<p>Eberlestock FreeFall 3000 er den st\u00f8rre udgave i FreeFall-serien og tilbyder 3000 kubiktommer kapacitet til udvidede ture i naturen og flerdages operationer. Med det samme gennempr\u00f8vede design med robust aluminiumsramme, syv indvendige lommer og omfattende organisering h\u00e5ndterer denne rygs\u00e6k tungere belastninger med lethed.<\/p>\n","protected":false},"featured_media":749659,"template":"","meta":{"_acf_changed":false},"product_brand":[15141],"product_cat":[13083],"product_tag":[],"class_list":{"0":"post-749658","1":"product","2":"type-product","3":"status-publish","4":"has-post-thumbnail","6":"product_brand-eberlestock","7":"product_cat-rygsaekke","9":"first","10":"outofstock","11":"taxable","12":"shipping-taxable","13":"purchasable","14":"product-type-variable","15":"wvs-archive-product-wrapper"},"acf":[],"_links":{"self":[{"href":"https:\/\/nbg.eu\/da\/wp-json\/wp\/v2\/product\/749658","targetHints":{"allow":["GET"]}}],"collection":[{"href":"https:\/\/nbg.eu\/da\/wp-json\/wp\/v2\/product"}],"about":[{"href":"https:\/\/nbg.eu\/da\/wp-json\/wp\/v2\/types\/product"}],"wp:featuredmedia":[{"embeddable":true,"href":"https:\/\/nbg.eu\/da\/wp-json\/wp\/v2\/media\/749659"}],"wp:attachment":[{"href":"https:\/\/nbg.eu\/da\/wp-json\/wp\/v2\/media?parent=749658"}],"wp:term":[{"taxonomy":"product_brand","embeddable":true,"href":"https:\/\/nbg.eu\/da\/wp-json\/wp\/v2\/product_brand?post=749658"},{"taxonomy":"product_cat","embeddable":true,"href":"https:\/\/nbg.eu\/da\/wp-json\/wp\/v2\/product_cat?post=749658"},{"taxonomy":"product_tag","embeddable":true,"href":"https:\/\/nbg.eu\/da\/wp-json\/wp\/v2\/product_tag?post=749658"}],"curies":[{"name":"wp","href":"https:\/\/api.w.org\/{rel}","templated":true}]}}