{"id":749905,"date":"2026-04-24T11:17:42","date_gmt":"2026-04-24T08:17:42","guid":{"rendered":"https:\/\/nbg.eu\/product\/eberlestock-mission-ruck-multicam\/"},"modified":"2026-04-24T12:01:20","modified_gmt":"2026-04-24T09:01:20","slug":"eberlestock-mission-ruck-multicam","status":"publish","type":"product","link":"https:\/\/nbg.eu\/da\/vare\/eberlestock-mission-ruck-multicam\/","title":{"rendered":"Eberlestock Mission Ruck &#8211; Multicam"},"content":{"rendered":"<h2>Eberlestock Mission Ruck<\/h2>\n<p>Bygget til langvarige feltoperationer integrerer Eberlestock Mission Ruck sig problemfrit med Eberlestock Mission System. Denne konfigurerbare, MOLLE-kompatible rygs\u00e6k har 4834 kubiktommer volumen og er designet til at h\u00e5ndtere de mest kr\u00e6vende taktiske og milit\u00e6re missioner, mens den er bygget til at holde en livstid.<\/p>\n<h3>N\u00f8glefunktioner<\/h3>\n<ul>\n<li>4834 c.i. internal volume<\/li>\n<li>Full MOLLE\/PALS compatibility<\/li>\n<li>Mission System integration<\/li>\n<li>Configurable design<\/li>\n<li>Padded shoulder straps and hip belt<\/li>\n<li>Eberlestock Lifetime Warranty<\/li>\n<\/ul>\n<h3>Specifikationer<\/h3>\n<table>\n<tr>\n<td><strong>Volumen<\/strong><\/td>\n<td>4834 c.i.<\/td>\n<\/tr>\n<tr>\n<td><strong>V\u00e6gt<\/strong><\/td>\n<td>3 lbs 5 oz<\/td>\n<\/tr>\n<tr>\n<td><strong>Dimensioner<\/strong><\/td>\n<td>36&#8243;H x 12&#8243;W x 8.5&#8243;D<\/td>\n<\/tr>\n<tr>\n<td><strong>Varenumre<\/strong><\/td>\n<td>MR1MM (Multicam), MR1MC (Coyote Brown), MR1MJ (Military Green)<\/td>\n<\/tr>\n<tr>\n<td><strong>Producent<\/strong><\/td>\n<td>Eberlestock (Veteranejet virksomhed)<\/td>\n<\/tr>\n<\/table>\n","protected":false},"excerpt":{"rendered":"<p>Bygget til langvarige feltoperationer integrerer Eberlestock Mission Ruck sig problemfrit med Eberlestock Mission System. Denne konfigurerbare, MOLLE-kompatible rygs\u00e6k har 4834 kubiktommer volumen og er designet til at h\u00e5ndtere de mest kr\u00e6vende taktiske og milit\u00e6re missioner, mens den er bygget til at holde en livstid.<\/p>\n","protected":false},"featured_media":749906,"template":"","meta":{"_acf_changed":false},"product_brand":[15141],"product_cat":[13083],"product_tag":[],"class_list":{"0":"post-749905","1":"product","2":"type-product","3":"status-publish","4":"has-post-thumbnail","6":"product_brand-eberlestock","7":"product_cat-rygsaekke","9":"first","10":"outofstock","11":"taxable","12":"shipping-taxable","13":"purchasable","14":"product-type-simple"},"acf":[],"_links":{"self":[{"href":"https:\/\/nbg.eu\/da\/wp-json\/wp\/v2\/product\/749905","targetHints":{"allow":["GET"]}}],"collection":[{"href":"https:\/\/nbg.eu\/da\/wp-json\/wp\/v2\/product"}],"about":[{"href":"https:\/\/nbg.eu\/da\/wp-json\/wp\/v2\/types\/product"}],"wp:featuredmedia":[{"embeddable":true,"href":"https:\/\/nbg.eu\/da\/wp-json\/wp\/v2\/media\/749906"}],"wp:attachment":[{"href":"https:\/\/nbg.eu\/da\/wp-json\/wp\/v2\/media?parent=749905"}],"wp:term":[{"taxonomy":"product_brand","embeddable":true,"href":"https:\/\/nbg.eu\/da\/wp-json\/wp\/v2\/product_brand?post=749905"},{"taxonomy":"product_cat","embeddable":true,"href":"https:\/\/nbg.eu\/da\/wp-json\/wp\/v2\/product_cat?post=749905"},{"taxonomy":"product_tag","embeddable":true,"href":"https:\/\/nbg.eu\/da\/wp-json\/wp\/v2\/product_tag?post=749905"}],"curies":[{"name":"wp","href":"https:\/\/api.w.org\/{rel}","templated":true}]}}