{"id":750112,"date":"2026-04-24T11:17:44","date_gmt":"2026-04-24T08:17:44","guid":{"rendered":"https:\/\/nbg.eu\/product\/eberlestock-spectre-rygsaek-multicam\/"},"modified":"2026-04-24T12:02:14","modified_gmt":"2026-04-24T09:02:14","slug":"eberlestock-spectre-rygsaek-multicam","status":"publish","type":"product","link":"https:\/\/nbg.eu\/da\/vare\/eberlestock-spectre-rygsaek-multicam\/","title":{"rendered":"Eberlestock Spectre Rygs\u00e6k &#8211; Multicam"},"content":{"rendered":"<h2>Eberlestock Spectre Rygs\u00e6k<\/h2>\n<p>Eberlestock Spectre er den mest innovative og alsidige snigskyttepakning i Eberlestock-sortimentet, der omdefinerer pr\u00e6cisionskampberedskab. Med en kapacitet p\u00e5 3100 k.i., integreret riffelskede og omfattende organiseringsmuligheder er Spectre bygget til operat\u00f8rer, der kr\u00e6ver den h\u00f8jeste ydeevne fra deres udstyr.<\/p>\n<h3>N\u00f8glefunktioner<\/h3>\n<ul>\n<li>3,100 c.i. \/ 50.8L capacity<\/li>\n<li>Integrated rifle scabbard (34&#8243;)<\/li>\n<li>Full MOLLE\/PALS webbing<\/li>\n<li>Adjustable torso length<\/li>\n<li>Hydration compatible<\/li>\n<li>Eberlestock Lifetime Warranty<\/li>\n<\/ul>\n<h3>Specifikationer<\/h3>\n<table>\n<tr>\n<td><strong>Kapacitet<\/strong><\/td>\n<td>3,100 c.i. \/ 50.8L<\/td>\n<\/tr>\n<tr>\n<td><strong>V\u00e6gt<\/strong><\/td>\n<td>6 lbs 6 oz<\/td>\n<\/tr>\n<tr>\n<td><strong>Dimensioner<\/strong><\/td>\n<td>23&#8243; x 12&#8243; (Scabbard: 34&#8243;)<\/td>\n<\/tr>\n<tr>\n<td><strong>Varenumre<\/strong><\/td>\n<td>W2MM, W2ME, W2MC, W2MJ<\/td>\n<\/tr>\n<tr>\n<td><strong>Producent<\/strong><\/td>\n<td>Eberlestock (Veteranejet virksomhed)<\/td>\n<\/tr>\n<\/table>\n","protected":false},"excerpt":{"rendered":"<p>Eberlestock Spectre er den mest innovative og alsidige snigskyttepakning i Eberlestock-sortimentet, der omdefinerer pr\u00e6cisionskampberedskab. Med en kapacitet p\u00e5 3100 k.i., integreret riffelskede og omfattende organiseringsmuligheder er Spectre bygget til operat\u00f8rer, der kr\u00e6ver den h\u00f8jeste ydeevne fra deres udstyr.<\/p>\n","protected":false},"featured_media":750113,"template":"","meta":{"_acf_changed":false},"product_brand":[15141],"product_cat":[13083],"product_tag":[],"class_list":{"0":"post-750112","1":"product","2":"type-product","3":"status-publish","4":"has-post-thumbnail","6":"product_brand-eberlestock","7":"product_cat-rygsaekke","9":"first","10":"outofstock","11":"taxable","12":"shipping-taxable","13":"purchasable","14":"product-type-simple"},"acf":[],"_links":{"self":[{"href":"https:\/\/nbg.eu\/da\/wp-json\/wp\/v2\/product\/750112","targetHints":{"allow":["GET"]}}],"collection":[{"href":"https:\/\/nbg.eu\/da\/wp-json\/wp\/v2\/product"}],"about":[{"href":"https:\/\/nbg.eu\/da\/wp-json\/wp\/v2\/types\/product"}],"wp:featuredmedia":[{"embeddable":true,"href":"https:\/\/nbg.eu\/da\/wp-json\/wp\/v2\/media\/750113"}],"wp:attachment":[{"href":"https:\/\/nbg.eu\/da\/wp-json\/wp\/v2\/media?parent=750112"}],"wp:term":[{"taxonomy":"product_brand","embeddable":true,"href":"https:\/\/nbg.eu\/da\/wp-json\/wp\/v2\/product_brand?post=750112"},{"taxonomy":"product_cat","embeddable":true,"href":"https:\/\/nbg.eu\/da\/wp-json\/wp\/v2\/product_cat?post=750112"},{"taxonomy":"product_tag","embeddable":true,"href":"https:\/\/nbg.eu\/da\/wp-json\/wp\/v2\/product_tag?post=750112"}],"curies":[{"name":"wp","href":"https:\/\/api.w.org\/{rel}","templated":true}]}}