{"id":751468,"date":"2026-04-24T11:17:58","date_gmt":"2026-04-24T08:17:58","guid":{"rendered":"https:\/\/nbg.eu\/product\/eberlestock-p12-knee-pad-saet-med-2\/"},"modified":"2026-04-24T12:08:33","modified_gmt":"2026-04-24T09:08:33","slug":"eberlestock-p12-knee-pad-saet-med-2","status":"publish","type":"product","link":"https:\/\/nbg.eu\/da\/vare\/eberlestock-p12-knee-pad-saet-med-2\/","title":{"rendered":"Eberlestock P12 Knee Pad S\u00e6t med 2"},"content":{"rendered":"<h2>Eberlestock P12 Knee Pad S\u00e6t med 2<\/h2>\n<p>Eberlestock P12 Knee Pad s\u00e6ttet giver essentiel kn\u00e6beskyttelse til langvarige feltoperationer, skydestillinger og taktiske anvendelser. S\u00e6lges som et s\u00e6t med 2, disse kn\u00e6beskyttere er designet til at integrere med kompatible Eberlestock bukser og udstyr og tilbyder letv\u00e6gts komfort og st\u00f8dabsorbering, n\u00e5r du har mest brug for det.<\/p>\n<h3>N\u00f8glefunktioner<\/h3>\n<ul>\n<li>Set of 2 knee pads<\/li>\n<li>Eberlestock pants compatible<\/li>\n<li>Lightweight construction<\/li>\n<li>Impact-absorbing foam<\/li>\n<li>Ergonomic design<\/li>\n<li>Eberlestock Lifetime Warranty<\/li>\n<\/ul>\n<h3>Specifikationer<\/h3>\n<table>\n<tr>\n<td><strong>Antal<\/strong><\/td>\n<td>2<\/td>\n<\/tr>\n<tr>\n<td><strong>Kompatibilitet<\/strong><\/td>\n<td>Eberlestock tactical pants<\/td>\n<\/tr>\n<tr>\n<td><strong>Producent<\/strong><\/td>\n<td>Eberlestock (Veteranejet virksomhed)<\/td>\n<\/tr>\n<\/table>\n","protected":false},"excerpt":{"rendered":"<p>Eberlestock P12 Knee Pad s\u00e6ttet giver essentiel kn\u00e6beskyttelse til langvarige feltoperationer, skydestillinger og taktiske anvendelser. S\u00e6lges som et s\u00e6t med 2, disse kn\u00e6beskyttere er designet til at integrere med kompatible Eberlestock bukser og udstyr og tilbyder letv\u00e6gts komfort og st\u00f8dabsorbering, n\u00e5r du har mest brug for det.<\/p>\n","protected":false},"featured_media":751543,"template":"","meta":{"_acf_changed":false},"product_brand":[15141],"product_cat":[13147],"product_tag":[],"class_list":{"0":"post-751468","1":"product","2":"type-product","3":"status-publish","4":"has-post-thumbnail","6":"product_brand-eberlestock","7":"product_cat-udstyr","9":"first","10":"instock","11":"taxable","12":"shipping-taxable","13":"purchasable","14":"product-type-simple"},"acf":[],"_links":{"self":[{"href":"https:\/\/nbg.eu\/da\/wp-json\/wp\/v2\/product\/751468","targetHints":{"allow":["GET"]}}],"collection":[{"href":"https:\/\/nbg.eu\/da\/wp-json\/wp\/v2\/product"}],"about":[{"href":"https:\/\/nbg.eu\/da\/wp-json\/wp\/v2\/types\/product"}],"wp:featuredmedia":[{"embeddable":true,"href":"https:\/\/nbg.eu\/da\/wp-json\/wp\/v2\/media\/751543"}],"wp:attachment":[{"href":"https:\/\/nbg.eu\/da\/wp-json\/wp\/v2\/media?parent=751468"}],"wp:term":[{"taxonomy":"product_brand","embeddable":true,"href":"https:\/\/nbg.eu\/da\/wp-json\/wp\/v2\/product_brand?post=751468"},{"taxonomy":"product_cat","embeddable":true,"href":"https:\/\/nbg.eu\/da\/wp-json\/wp\/v2\/product_cat?post=751468"},{"taxonomy":"product_tag","embeddable":true,"href":"https:\/\/nbg.eu\/da\/wp-json\/wp\/v2\/product_tag?post=751468"}],"curies":[{"name":"wp","href":"https:\/\/api.w.org\/{rel}","templated":true}]}}