{"id":755424,"date":"2026-05-13T13:36:35","date_gmt":"2026-05-13T10:36:35","guid":{"rendered":"https:\/\/nbg.eu\/product\/magasin-asc-ar-15-223-rem-enhanced-10-skuds\/"},"modified":"2026-05-13T14:49:11","modified_gmt":"2026-05-13T11:49:11","slug":"magasin-asc-ar-15-223-rem-enhanced-10-skuds","status":"publish","type":"product","link":"https:\/\/nbg.eu\/da\/vare\/magasin-asc-ar-15-223-rem-enhanced-10-skuds\/","title":{"rendered":"Magasin ASC AR-15 .223 Rem Enhanced 10-skuds"},"content":{"rendered":"<h2>Magasin ASC AR-15 .223 Rem Enhanced 10-skuds<\/h2>\n<p>Det forbedrede AR-15 magasin fra ASC er fremstillet af rustfrit st\u00e5l 410 med krom-silicium fjeder og h\u00f8jtemperatur polymerf\u00f8lger for p\u00e5lidelig fremf\u00f8ring af .223 Remington. Overholder 10-skuds kapacitetsbegr\u00e6nsning.<\/p>\n<h3>Vigtige funktioner<\/h3>\n<ul>\n<li>10-skuds (lavkapacitet)<\/li>\n<li>Krop i rustfrit st\u00e5l 410<\/li>\n<li>Krom-silicium fjeder<\/li>\n<li>Selvsm\u00f8rende polymerf\u00f8lger<\/li>\n<li>Passer til alle standard AR-15 lower receivers<\/li>\n<\/ul>\n<h3>Specifikationer<\/h3>\n<table>\n<tr>\n<td><strong>Kaliber<\/strong><\/td>\n<td>.223 Remington<\/td>\n<\/tr>\n<tr>\n<td><strong>Kapacitet<\/strong><\/td>\n<td>10 skud<\/td>\n<\/tr>\n<tr>\n<td><strong>Materiale<\/strong><\/td>\n<td>Rustfrit st\u00e5l 410<\/td>\n<\/tr>\n<tr>\n<td><strong>Producent<\/strong><\/td>\n<td>ASC (USA)<\/td>\n<\/tr>\n<\/table>\n","protected":false},"excerpt":{"rendered":"<p>10-skuds AR-15 magasin i .223 Rem fra ASC (Ammunition Storage Components). Forbedret konstruktion i rustfrit st\u00e5l 410 med polymerf\u00f8lger.<\/p>\n","protected":false},"featured_media":755846,"template":"","meta":{"_acf_changed":false},"product_brand":[],"product_cat":[13092,13139,13146],"product_tag":[],"class_list":{"0":"post-755424","1":"product","2":"type-product","3":"status-publish","4":"has-post-thumbnail","6":"product_cat-licenseret","7":"product_cat-riffel","8":"product_cat-riffel-magasiner","10":"first","11":"instock","12":"taxable","13":"shipping-taxable","14":"product-type-simple"},"acf":[],"_links":{"self":[{"href":"https:\/\/nbg.eu\/da\/wp-json\/wp\/v2\/product\/755424","targetHints":{"allow":["GET"]}}],"collection":[{"href":"https:\/\/nbg.eu\/da\/wp-json\/wp\/v2\/product"}],"about":[{"href":"https:\/\/nbg.eu\/da\/wp-json\/wp\/v2\/types\/product"}],"wp:featuredmedia":[{"embeddable":true,"href":"https:\/\/nbg.eu\/da\/wp-json\/wp\/v2\/media\/755846"}],"wp:attachment":[{"href":"https:\/\/nbg.eu\/da\/wp-json\/wp\/v2\/media?parent=755424"}],"wp:term":[{"taxonomy":"product_brand","embeddable":true,"href":"https:\/\/nbg.eu\/da\/wp-json\/wp\/v2\/product_brand?post=755424"},{"taxonomy":"product_cat","embeddable":true,"href":"https:\/\/nbg.eu\/da\/wp-json\/wp\/v2\/product_cat?post=755424"},{"taxonomy":"product_tag","embeddable":true,"href":"https:\/\/nbg.eu\/da\/wp-json\/wp\/v2\/product_tag?post=755424"}],"curies":[{"name":"wp","href":"https:\/\/api.w.org\/{rel}","templated":true}]}}