{"id":134087,"date":"2024-11-27T16:45:20","date_gmt":"2024-11-27T16:45:20","guid":{"rendered":"https:\/\/nbg.eu\/product\/area-419-remington-700-short-action-improved-scope-rail-isr-sa\/"},"modified":"2026-05-16T22:04:07","modified_gmt":"2026-05-16T19:04:07","slug":"area-419-remington-700-short-action-verbesserte-zielfernrohr-schiene-isr-sa","status":"publish","type":"product","link":"https:\/\/nbg.eu\/de\/produkt\/area-419-remington-700-short-action-verbesserte-zielfernrohr-schiene-isr-sa\/","title":{"rendered":"Area 419 Remington 700 Short Action Verbesserte Zielfernrohr Schiene (ISR-SA)"},"content":{"rendered":"<div class=\"product-description\">\n<h2>Area 419 &#8211; Remington 700 Kurzaktion Zielfernrohrschiene (ISR-SA)<\/h2>\n<p>Die Area 419 ISR-SA ist eine Zielfernrohrschiene f\u00fcr Remington 700 Kurzaktion-Gewehre. Aus 7075 Aluminium gefertigt, bietet diese Schiene:<\/p>\n<ul>\n<li>Integrierte R\u00fccksto\u00dfverriegelung f\u00fcr Stabilit\u00e4t<\/li>\n<li>Erh\u00e4ltlich in voll geschlitzter und ARC-Top-Version<\/li>\n<li>Kompatibel mit #6 und #8 Schrauben (im Lieferumfang enthalten)<\/li>\n<li>1:1 Oberfl\u00e4chenbearbeitung f\u00fcr genaue Passform<\/li>\n<li>MIL-STD-1913 konform<\/li>\n<li>Typ III Hart-Eloxiert in Schwarz<\/li>\n<li>Nahtloser Auswurffensterausschnitt f\u00fcr Toplader<\/li>\n<\/ul>\n<p>W\u00e4hlbar zwischen 20 MOA und 30 MOA Optionen. Gewicht: 0,09 kg. Abmessungen: 21 \u00d7 2,5 \u00d7 2,5 cm.<\/p>\n<\/div>\n","protected":false},"excerpt":{"rendered":"<p>Pr\u00e4zisionsgefertigte 7075 Al-Zielfernrohrschiene f\u00fcr Remington 700 SA<\/p>\n","protected":false},"featured_media":108103,"template":"","meta":{"_acf_changed":false},"product_brand":[11037],"product_cat":[12107,12121],"product_tag":[],"class_list":{"0":"post-134087","1":"product","2":"type-product","3":"status-publish","4":"has-post-thumbnail","6":"product_brand-area-419","7":"product_cat-gewehr","8":"product_cat-schienen","10":"first","11":"instock","12":"sale","13":"taxable","14":"shipping-taxable","15":"purchasable","16":"product-type-variable","17":"wvs-archive-product-wrapper"},"acf":[],"_links":{"self":[{"href":"https:\/\/nbg.eu\/de\/wp-json\/wp\/v2\/product\/134087","targetHints":{"allow":["GET"]}}],"collection":[{"href":"https:\/\/nbg.eu\/de\/wp-json\/wp\/v2\/product"}],"about":[{"href":"https:\/\/nbg.eu\/de\/wp-json\/wp\/v2\/types\/product"}],"wp:featuredmedia":[{"embeddable":true,"href":"https:\/\/nbg.eu\/de\/wp-json\/wp\/v2\/media\/108103"}],"wp:attachment":[{"href":"https:\/\/nbg.eu\/de\/wp-json\/wp\/v2\/media?parent=134087"}],"wp:term":[{"taxonomy":"product_brand","embeddable":true,"href":"https:\/\/nbg.eu\/de\/wp-json\/wp\/v2\/product_brand?post=134087"},{"taxonomy":"product_cat","embeddable":true,"href":"https:\/\/nbg.eu\/de\/wp-json\/wp\/v2\/product_cat?post=134087"},{"taxonomy":"product_tag","embeddable":true,"href":"https:\/\/nbg.eu\/de\/wp-json\/wp\/v2\/product_tag?post=134087"}],"curies":[{"name":"wp","href":"https:\/\/api.w.org\/{rel}","templated":true}]}}