{"id":138325,"date":"2025-01-04T04:14:08","date_gmt":"2025-01-04T04:14:08","guid":{"rendered":"https:\/\/nbg.eu\/product\/area-419-remington-700-long-action-improved-scope-rail-isr-la\/"},"modified":"2026-05-16T22:04:12","modified_gmt":"2026-05-16T19:04:12","slug":"area-419-remington-700-long-action-verbesserte-zielfernrohr-schiene-isr-la","status":"publish","type":"product","link":"https:\/\/nbg.eu\/de\/produkt\/area-419-remington-700-long-action-verbesserte-zielfernrohr-schiene-isr-la\/","title":{"rendered":"Area 419 Remington 700 Long Action Verbesserte Zielfernrohr-Schiene (ISR-LA)"},"content":{"rendered":"<div class=\"product-description\">\n<h2>Area 419 &#8211; Remington 700 Long Action Verbesserte Zielfernrohrschiene (ISR-LA)<\/h2>\n<p>Die Area 419 ISR-LA Zielfernrohrschiene ist aus 7075 Aluminium gefertigt und hat folgende Merkmale:<\/p>\n<ul>\n<li>Integrierter R\u00fccksto\u00dfabsatz f\u00fcr Stabilit\u00e4t<\/li>\n<li>Erh\u00e4ltlich in Vollschlitz- und ARC-Top-Ausf\u00fchrungen<\/li>\n<li>Kompatibel mit #6 und #8 Schrauben<\/li>\n<li>20 MOA Winkel<\/li>\n<li>MIL-STD-1913 konform<\/li>\n<li>Typ III Harteloxiert in Schwarz<\/li>\n<\/ul>\n<p>Enth\u00e4lt Befestigungsmaterial und Torx T10 Schl\u00fcssel. W\u00e4hlbar zwischen Vollschlitz f\u00fcr universelle Kompatibilit\u00e4t oder ARC-Top. Abmessungen: 21 cm \u00d7 2,54 cm \u00d7 2,54 cm, Gewicht: 91 g.<\/p>\n<\/div>\n","protected":false},"excerpt":{"rendered":"<p>Pr\u00e4zisionsgefertigte 20 MOA Montageschiene f\u00fcr Remington 700 LA Gewehre.<\/p>\n","protected":false},"featured_media":111604,"template":"","meta":{"_acf_changed":false},"product_brand":[11037],"product_cat":[12107,12121],"product_tag":[],"class_list":{"0":"post-138325","1":"product","2":"type-product","3":"status-publish","4":"has-post-thumbnail","6":"product_brand-area-419","7":"product_cat-gewehr","8":"product_cat-schienen","10":"first","11":"instock","12":"sale","13":"taxable","14":"shipping-taxable","15":"purchasable","16":"product-type-variable","17":"wvs-archive-product-wrapper"},"acf":[],"_links":{"self":[{"href":"https:\/\/nbg.eu\/de\/wp-json\/wp\/v2\/product\/138325","targetHints":{"allow":["GET"]}}],"collection":[{"href":"https:\/\/nbg.eu\/de\/wp-json\/wp\/v2\/product"}],"about":[{"href":"https:\/\/nbg.eu\/de\/wp-json\/wp\/v2\/types\/product"}],"wp:featuredmedia":[{"embeddable":true,"href":"https:\/\/nbg.eu\/de\/wp-json\/wp\/v2\/media\/111604"}],"wp:attachment":[{"href":"https:\/\/nbg.eu\/de\/wp-json\/wp\/v2\/media?parent=138325"}],"wp:term":[{"taxonomy":"product_brand","embeddable":true,"href":"https:\/\/nbg.eu\/de\/wp-json\/wp\/v2\/product_brand?post=138325"},{"taxonomy":"product_cat","embeddable":true,"href":"https:\/\/nbg.eu\/de\/wp-json\/wp\/v2\/product_cat?post=138325"},{"taxonomy":"product_tag","embeddable":true,"href":"https:\/\/nbg.eu\/de\/wp-json\/wp\/v2\/product_tag?post=138325"}],"curies":[{"name":"wp","href":"https:\/\/api.w.org\/{rel}","templated":true}]}}