{"id":141588,"date":"2025-01-01T20:56:43","date_gmt":"2025-01-01T20:56:43","guid":{"rendered":"https:\/\/nbg.eu\/product\/area-419-ruger-american-short-action-scope-base\/"},"modified":"2026-05-13T16:01:56","modified_gmt":"2026-05-13T13:01:56","slug":"area-419-ruger-american-short-action-zielfernrohr-basis","status":"publish","type":"product","link":"https:\/\/nbg.eu\/de\/produkt\/area-419-ruger-american-short-action-zielfernrohr-basis\/","title":{"rendered":"Area 419 Ruger American Short Action Zielfernrohr-Basis"},"content":{"rendered":"<div class=\"product-description\">\n<h2>Area 419 &#8211; Zielfernrohrmontage f\u00fcr Ruger American Kurzwaffen<\/h2>\n<p>Zielfernrohrmontage f\u00fcr Ruger American Gewehre. Aus einem St\u00fcck T7075 Aluminium gefertigt, diese Montage ist:<\/p>\n<ul>\n<li>Hausintern f\u00fcr genaue Passform gefr\u00e4st<\/li>\n<li>Stabil und langlebig<\/li>\n<li>Typ III schwarz harteloxiert<\/li>\n<li>Mit 20MOA Neigung f\u00fcr weitere Sch\u00fcsse konzipiert<\/li>\n<\/ul>\n<p>Enth\u00e4lt einen Schraubenschl\u00fcssel f\u00fcr Klemmschrauben (empfohlen: 15 in\/lb). F\u00fcr Weitsch\u00fcsse geeignet.<\/p>\n<h3>Spezifikationen:<\/h3>\n<ul>\n<li>Gewicht: 0,09 kg<\/li>\n<li>Abmessungen: 21,59 \u00d7 2,54 \u00d7 2,54 cm<\/li>\n<li>Hersteller: Area 419<\/li>\n<li>Gr\u00f6\u00dfe: 20MOA<\/li>\n<\/ul>\n<\/div>\n","protected":false},"excerpt":{"rendered":"<p>Pr\u00e4zisionsgefertigte 20MOA-Zielfernrohrmontage f\u00fcr Ruger American Gewehre.<\/p>\n","protected":false},"featured_media":112123,"template":"","meta":{"_acf_changed":false},"product_brand":[11037],"product_cat":[12107,12121],"product_tag":[],"class_list":{"0":"post-141588","1":"product","2":"type-product","3":"status-publish","4":"has-post-thumbnail","6":"product_brand-area-419","7":"product_cat-gewehr","8":"product_cat-schienen","10":"first","11":"instock","12":"sale","13":"taxable","14":"shipping-taxable","15":"purchasable","16":"product-type-simple"},"acf":[],"_links":{"self":[{"href":"https:\/\/nbg.eu\/de\/wp-json\/wp\/v2\/product\/141588","targetHints":{"allow":["GET"]}}],"collection":[{"href":"https:\/\/nbg.eu\/de\/wp-json\/wp\/v2\/product"}],"about":[{"href":"https:\/\/nbg.eu\/de\/wp-json\/wp\/v2\/types\/product"}],"wp:featuredmedia":[{"embeddable":true,"href":"https:\/\/nbg.eu\/de\/wp-json\/wp\/v2\/media\/112123"}],"wp:attachment":[{"href":"https:\/\/nbg.eu\/de\/wp-json\/wp\/v2\/media?parent=141588"}],"wp:term":[{"taxonomy":"product_brand","embeddable":true,"href":"https:\/\/nbg.eu\/de\/wp-json\/wp\/v2\/product_brand?post=141588"},{"taxonomy":"product_cat","embeddable":true,"href":"https:\/\/nbg.eu\/de\/wp-json\/wp\/v2\/product_cat?post=141588"},{"taxonomy":"product_tag","embeddable":true,"href":"https:\/\/nbg.eu\/de\/wp-json\/wp\/v2\/product_tag?post=141588"}],"curies":[{"name":"wp","href":"https:\/\/api.w.org\/{rel}","templated":true}]}}