{"id":148526,"date":"2024-11-26T18:52:22","date_gmt":"2024-11-26T18:52:22","guid":{"rendered":"https:\/\/nbg.eu\/product\/geissele-15-round-6mm-arc-magazine-black\/"},"modified":"2026-05-13T16:01:08","modified_gmt":"2026-05-13T13:01:08","slug":"geissele-15-schuss-6mm-arc-magazin-schwarz","status":"publish","type":"product","link":"https:\/\/nbg.eu\/de\/produkt\/geissele-15-schuss-6mm-arc-magazin-schwarz\/","title":{"rendered":"Geissele Magazin 6mm ARC 15 Patronen &#8211; Black"},"content":{"rendered":"<div class=\"product-description\">\n<h2>Geissele 15 Schuss 6mm ARC Magazin \u2013 Schwarz<\/h2>\n<p>Das Geissele 6mm ARC Magazin ist langlebig und zuverl\u00e4ssig.<\/p>\n<ul>\n<li>Verbesserte einteilige Konstruktion<\/li>\n<li>Lasergeschwei\u00dfter 410 Edelstahlk\u00f6rper<\/li>\n<li>Anti-Kipp-Zubringer f\u00fcr reibungslose Zuf\u00fchrung<\/li>\n<li>Korrosionsbest\u00e4ndige schwarze Nitridbeschichtung<\/li>\n<li>15 Schuss Kapazit\u00e4t<\/li>\n<li>5,0&#8243; Gesamtl\u00e4nge<\/li>\n<li>Edelstahlfeder f\u00fcr lange Haltbarkeit<\/li>\n<\/ul>\n<p>In den USA hergestellt, gew\u00e4hrleistet dieses Magazin zuverl\u00e4ssige Leistung f\u00fcr 6mm ARC, 6.5 Grendel und 22 ARC Patronen.<\/p>\n<\/div>\n","protected":false},"excerpt":{"rendered":"<p>I apologize, but there is no product description provided in your message for me to translate. If you&#8217;d like me to translate a specific product description from English to German, please provide the text and I&#8217;ll be happy to assist you.<\/p>\n","protected":false},"featured_media":81727,"template":"","meta":{"_acf_changed":false},"product_brand":[11387],"product_cat":[12107,12114],"product_tag":[],"class_list":{"0":"post-148526","1":"product","2":"type-product","3":"status-publish","4":"has-post-thumbnail","6":"product_brand-geissele","7":"product_cat-gewehr","8":"product_cat-gewehrmagazine","10":"first","11":"instock","12":"taxable","13":"shipping-taxable","14":"product-type-simple"},"acf":[],"_links":{"self":[{"href":"https:\/\/nbg.eu\/de\/wp-json\/wp\/v2\/product\/148526","targetHints":{"allow":["GET"]}}],"collection":[{"href":"https:\/\/nbg.eu\/de\/wp-json\/wp\/v2\/product"}],"about":[{"href":"https:\/\/nbg.eu\/de\/wp-json\/wp\/v2\/types\/product"}],"wp:featuredmedia":[{"embeddable":true,"href":"https:\/\/nbg.eu\/de\/wp-json\/wp\/v2\/media\/81727"}],"wp:attachment":[{"href":"https:\/\/nbg.eu\/de\/wp-json\/wp\/v2\/media?parent=148526"}],"wp:term":[{"taxonomy":"product_brand","embeddable":true,"href":"https:\/\/nbg.eu\/de\/wp-json\/wp\/v2\/product_brand?post=148526"},{"taxonomy":"product_cat","embeddable":true,"href":"https:\/\/nbg.eu\/de\/wp-json\/wp\/v2\/product_cat?post=148526"},{"taxonomy":"product_tag","embeddable":true,"href":"https:\/\/nbg.eu\/de\/wp-json\/wp\/v2\/product_tag?post=148526"}],"curies":[{"name":"wp","href":"https:\/\/api.w.org\/{rel}","templated":true}]}}