{"id":211498,"date":"2024-01-24T19:30:39","date_gmt":"2025-02-19T13:02:04","guid":{"rendered":"https:\/\/nbg.eu\/product\/iosso-bolt-carrier-brush\/"},"modified":"2026-05-13T16:51:27","modified_gmt":"2026-05-13T13:51:27","slug":"iosso-verschlusstraegerbuerste","status":"publish","type":"product","link":"https:\/\/nbg.eu\/de\/produkt\/iosso-verschlusstraegerbuerste\/","title":{"rendered":"Iosso Verschlusstr\u00e4gerb\u00fcrste"},"content":{"rendered":"<p style=\"text-align: center\"><strong><span style=\"font-size: 170%\">losso Verschlusstr\u00e4ger-B\u00fcrsten<\/span><\/strong><\/p>\n<p>Dieses Set enth\u00e4lt Packungen mit Verschlusstr\u00e4ger- und Kammerb\u00fcrsten. Sie sind ma\u00dfgenau f\u00fcr pr\u00e4zise Reinigung gefertigt. Sie bestehen aus einer blauen Faser, die dick und steif ist und ihre Form gut beh\u00e4lt. Dies erm\u00f6glicht eine Vor- und Zur\u00fcckbewegung, anders als bei traditionellen Messing- und Bronzeb\u00fcrsten. Sie k\u00f6nnen mehrmals verwendet werden, bevor sie abgenutzt sind.<\/p>\n<table width=\"305\">\n<tbody>\n<tr>\n<td width=\"305\"><strong>AR-15 Verschlusstr\u00e4ger mit Stift, 2er-Pack<\/strong><\/td>\n<\/tr>\n<tr>\n<td><strong>AR.308 Gewehr-Verschlusstr\u00e4ger mit Stift, 2er-Pack<\/strong><\/td>\n<\/tr>\n<\/tbody>\n<\/table>\n","protected":false},"excerpt":{"rendered":"<p><strong>Auf enge Toleranz dimensioniert f\u00fcr pr\u00e4zise Reinigung<\/strong><\/p>\n","protected":false},"featured_media":107707,"template":"","meta":{"_acf_changed":false},"product_brand":[11483],"product_cat":[12066,12049],"product_tag":[],"class_list":{"0":"post-211498","1":"product","2":"type-product","3":"status-publish","4":"has-post-thumbnail","6":"product_brand-iosso","7":"product_cat-buersten","8":"product_cat-waffenreinigung","10":"first","11":"instock","12":"taxable","13":"shipping-taxable","14":"purchasable","15":"product-type-variable","16":"wvs-archive-product-wrapper"},"acf":[],"_links":{"self":[{"href":"https:\/\/nbg.eu\/de\/wp-json\/wp\/v2\/product\/211498","targetHints":{"allow":["GET"]}}],"collection":[{"href":"https:\/\/nbg.eu\/de\/wp-json\/wp\/v2\/product"}],"about":[{"href":"https:\/\/nbg.eu\/de\/wp-json\/wp\/v2\/types\/product"}],"wp:featuredmedia":[{"embeddable":true,"href":"https:\/\/nbg.eu\/de\/wp-json\/wp\/v2\/media\/107707"}],"wp:attachment":[{"href":"https:\/\/nbg.eu\/de\/wp-json\/wp\/v2\/media?parent=211498"}],"wp:term":[{"taxonomy":"product_brand","embeddable":true,"href":"https:\/\/nbg.eu\/de\/wp-json\/wp\/v2\/product_brand?post=211498"},{"taxonomy":"product_cat","embeddable":true,"href":"https:\/\/nbg.eu\/de\/wp-json\/wp\/v2\/product_cat?post=211498"},{"taxonomy":"product_tag","embeddable":true,"href":"https:\/\/nbg.eu\/de\/wp-json\/wp\/v2\/product_tag?post=211498"}],"curies":[{"name":"wp","href":"https:\/\/api.w.org\/{rel}","templated":true}]}}