{"id":275130,"date":"2025-03-03T12:58:09","date_gmt":"2025-03-03T12:58:09","guid":{"rendered":"https:\/\/nbg.eu\/product\/bore-tech-extreme-grease-hd-10ml\/"},"modified":"2026-01-21T11:38:40","modified_gmt":"2026-01-21T08:38:40","slug":"bore-tech-extreme-grease-hd-10ml","status":"publish","type":"product","link":"https:\/\/nbg.eu\/de\/produkt\/bore-tech-extreme-grease-hd-10ml\/","title":{"rendered":"Bore Tech EXTREME GREASE HD 10ml"},"content":{"rendered":"<h2>Bore Tech EXTREME GREASE HD 10ml<\/h2>\n<p>Bore Tech&#8217;s EXTREME GREASE HD ist ein dreifach basiertes synthetisches Fett f\u00fcr den Betrieb von Schusswaffen.<\/p>\n<ul>\n<li>Betriebstemperaturbereich: -65\u00b0C bis +371\u00b0C<\/li>\n<li>Erweiterter Temperaturbereich: bis zu 1093\u00b0C<\/li>\n<li>Nicht verklebende, nicht laufende Formulierung<\/li>\n<li>Schmierung und Fressschutz<\/li>\n<li>Niedriger Reibungskoeffizient<\/li>\n<li>Rostschutzmittel<\/li>\n<li>Nano-keramische Temperaturschmierstoffe<\/li>\n<\/ul>\n<p>Geeignet f\u00fcr Verriegelungswarzen, Rahmenf\u00fchrungen, Scharniere und Nockenmechanismen. F\u00fcr reibungslosen Betrieb, l\u00e4ngere Lebensdauer der Teile und Leistung unter extremen Bedingungen.<\/p>\n<p>10cc Kunststoffr\u00f6hrchen mit Dosierspitze und Schraubverschluss zur einfachen Anwendung.<\/p>\n","protected":false},"excerpt":{"rendered":"<p>Extrem haftendes synthetisches Waffenfett f\u00fcr extreme Bedingungen (-65\u00b0C bis 371\u00b0C)<\/p>\n","protected":false},"featured_media":235473,"template":"","meta":{"_acf_changed":false},"product_brand":[11154],"product_cat":[12062,12049],"product_tag":[],"class_list":{"0":"post-275130","1":"product","2":"type-product","3":"status-publish","4":"has-post-thumbnail","6":"product_brand-boretech","7":"product_cat-schmiermittel","8":"product_cat-waffenreinigung","10":"first","11":"outofstock","12":"taxable","13":"shipping-taxable","14":"purchasable","15":"product-type-simple"},"acf":[],"_links":{"self":[{"href":"https:\/\/nbg.eu\/de\/wp-json\/wp\/v2\/product\/275130","targetHints":{"allow":["GET"]}}],"collection":[{"href":"https:\/\/nbg.eu\/de\/wp-json\/wp\/v2\/product"}],"about":[{"href":"https:\/\/nbg.eu\/de\/wp-json\/wp\/v2\/types\/product"}],"wp:featuredmedia":[{"embeddable":true,"href":"https:\/\/nbg.eu\/de\/wp-json\/wp\/v2\/media\/235473"}],"wp:attachment":[{"href":"https:\/\/nbg.eu\/de\/wp-json\/wp\/v2\/media?parent=275130"}],"wp:term":[{"taxonomy":"product_brand","embeddable":true,"href":"https:\/\/nbg.eu\/de\/wp-json\/wp\/v2\/product_brand?post=275130"},{"taxonomy":"product_cat","embeddable":true,"href":"https:\/\/nbg.eu\/de\/wp-json\/wp\/v2\/product_cat?post=275130"},{"taxonomy":"product_tag","embeddable":true,"href":"https:\/\/nbg.eu\/de\/wp-json\/wp\/v2\/product_tag?post=275130"}],"curies":[{"name":"wp","href":"https:\/\/api.w.org\/{rel}","templated":true}]}}