{"id":275970,"date":"2025-03-03T22:22:36","date_gmt":"2025-03-03T19:22:36","guid":{"rendered":"https:\/\/nbg.eu\/product\/qwik-dri-dry-lubricant-1-oz\/"},"modified":"2026-01-21T11:41:29","modified_gmt":"2026-01-21T08:41:29","slug":"qwik-dri-trockenschmiermittel-1-oz","status":"publish","type":"product","link":"https:\/\/nbg.eu\/de\/produkt\/qwik-dri-trockenschmiermittel-1-oz\/","title":{"rendered":"QWIK-DRI Trockenschmiermittel, 1 Oz"},"content":{"rendered":"<h2>QWIK-DRI TROCKENSCHMIERMITTEL, 30 ml<\/h2>\n<p>Bore Tech Qwik-Dri\u2122 ist ein Trockenschmiermittel mit PTFE-Partikeln in einem schnell verdunstenden Tr\u00e4ger.<\/p>\n<ul>\n<li>Dringt in Metallporen ein<\/li>\n<li>Bildet einen best\u00e4ndigen Trockenfilm<\/li>\n<li>Funktioniert bei Temperaturen von -73\u00b0C bis 316\u00b0C<\/li>\n<li>Reduziert Reibung und Verschlei\u00df<\/li>\n<li>St\u00f6\u00dft Staub und Schmutz ab<\/li>\n<li>Nicht \u00f6lige Anwendung<\/li>\n<\/ul>\n<p>Geeignet f\u00fcr Pistolenschlitten, Abz\u00fcge, Gewehrbolzen, Magazine und mehr. Qwik-Dri\u2122 gew\u00e4hrleistet reibungslose Funktion. F\u00fcr Waffen im Holster geeignet, es hinterl\u00e4sst keine Flecken auf Kleidung. In den USA hergestellt.<\/p>\n<p><strong>W\u00e4hlen Sie Bore Tech Qwik-Dri\u2122.<\/strong><\/p>\n","protected":false},"excerpt":{"rendered":"<p>QWIK-DRI: Schnell trocknender PTFE-Schmierstoff f\u00fcr extreme Temperaturen. St\u00f6\u00dft Schmutz ab.<\/p>\n","protected":false},"featured_media":235676,"template":"","meta":{"_acf_changed":false},"product_brand":[11154],"product_cat":[12122,12062,12049],"product_tag":[],"class_list":{"0":"post-275970","1":"product","2":"type-product","3":"status-publish","4":"has-post-thumbnail","6":"product_brand-boretech","7":"product_cat-reiniger","8":"product_cat-schmiermittel","9":"product_cat-waffenreinigung","11":"first","12":"instock","13":"taxable","14":"shipping-taxable","15":"purchasable","16":"product-type-simple"},"acf":[],"_links":{"self":[{"href":"https:\/\/nbg.eu\/de\/wp-json\/wp\/v2\/product\/275970","targetHints":{"allow":["GET"]}}],"collection":[{"href":"https:\/\/nbg.eu\/de\/wp-json\/wp\/v2\/product"}],"about":[{"href":"https:\/\/nbg.eu\/de\/wp-json\/wp\/v2\/types\/product"}],"wp:featuredmedia":[{"embeddable":true,"href":"https:\/\/nbg.eu\/de\/wp-json\/wp\/v2\/media\/235676"}],"wp:attachment":[{"href":"https:\/\/nbg.eu\/de\/wp-json\/wp\/v2\/media?parent=275970"}],"wp:term":[{"taxonomy":"product_brand","embeddable":true,"href":"https:\/\/nbg.eu\/de\/wp-json\/wp\/v2\/product_brand?post=275970"},{"taxonomy":"product_cat","embeddable":true,"href":"https:\/\/nbg.eu\/de\/wp-json\/wp\/v2\/product_cat?post=275970"},{"taxonomy":"product_tag","embeddable":true,"href":"https:\/\/nbg.eu\/de\/wp-json\/wp\/v2\/product_tag?post=275970"}],"curies":[{"name":"wp","href":"https:\/\/api.w.org\/{rel}","templated":true}]}}