{"id":277916,"date":"2025-03-07T22:09:14","date_gmt":"2025-03-07T19:09:14","guid":{"rendered":"https:\/\/nbg.eu\/product\/vortex-strike-eagle-1-8x24-ffp\/"},"modified":"2026-01-21T11:46:17","modified_gmt":"2026-01-21T08:46:17","slug":"vortex-strike-eagle-1-8x24-ffp","status":"publish","type":"product","link":"https:\/\/nbg.eu\/de\/produkt\/vortex-strike-eagle-1-8x24-ffp\/","title":{"rendered":"Vortex &#8211; Strike Eagle\u00ae &#8211; 1-8&#215;24 FFP"},"content":{"rendered":"<div class=\"product-description\">\n<h1>Vortex &#8211; Strike Eagle\u00ae &#8211; 1-8&#215;24 FFP<\/h1>\n<p>Das Strike Eagle\u00ae ist ein taktisches Zielfernrohr mit vielseitiger Einsetzbarkeit und optischer Leistung. Mit seiner robusten Konstruktion, Glasqualit\u00e4t und fortschrittlichen Funktionen eignet es sich f\u00fcr schnelle Eins\u00e4tze und Langstreckenengagements bis zu 1.000 Yards.<\/p>\n<h2>Hauptmerkmale:<\/h2>\n<ul>\n<li>Vergr\u00f6\u00dferung: 1-8x<\/li>\n<li>Objektivdurchmesser: 24 mm<\/li>\n<li>Erste Bildebene (FFP)<\/li>\n<li>EBR-8 MOA Absehen<\/li>\n<li>Augenabstand: 3,9&#8243;<\/li>\n<li>Sehfeld: 113,6&#8242; &#8211; 14,1&#8242; @ 100 Yards<\/li>\n<li>30 mm Tubendurchmesser<\/li>\n<li>1\/4 MOA Verstellschritte<\/li>\n<li>145 MOA maximale H\u00f6hen- und Seitenverstellung<\/li>\n<li>Gewicht: 23,9 oz<\/li>\n<\/ul>\n<h2>EBR-8 Absehen:<\/h2>\n<p>Das EBR-8 MOA Absehen in der ersten Bildebene, einge\u00e4tzt und beleuchtet, erm\u00f6glicht schnelles Schie\u00dfen von Nahbereich bis 600 Yards mit g\u00e4ngigen .223\/5,56mm und .308\/7,62mm Ladungen. Es kann auch mit anderen Kalibern verwendet werden.<\/p>\n<h2>Haltbarkeit und Klarheit:<\/h2>\n<ul>\n<li>Flugzeugaluminium-Konstruktion<\/li>\n<li>ArmorTek\u00ae kratzfeste Beschichtung<\/li>\n<li>Vollst\u00e4ndig mehrfach verg\u00fctete Linsen<\/li>\n<li>Sto\u00dffestes Design<\/li>\n<\/ul>\n<h2>Zus\u00e4tzliche Funktionen:<\/h2>\n<ul>\n<li>Abgedeckte Verstellt\u00fcrme<\/li>\n<li>25 MOA Verstellung pro Umdrehung<\/li>\n<li>Parallaxeeinstellung: 125 Yards<\/li>\n<li>Inklusive Hebel f\u00fcr schnelle Vergr\u00f6\u00dferungs\u00e4nderungen<\/li>\n<\/ul>\n<p>Das Vortex Strike Eagle\u00ae 1-8&#215;24 FFP ist ein vielseitiges Zielfernrohr f\u00fcr verschiedene Schie\u00dfszenarien, von Nahbereich bis Langstrecke.<\/p>\n<\/div>\n","protected":false},"excerpt":{"rendered":"<p>Vielseitiges 1-8&#215;24 FFP-Zielfernrohr mit EBR-8-Absehen. Robuste, leistungsstarke Optik f\u00fcr taktisches Schie\u00dfen.<\/p>\n","protected":false},"featured_media":249203,"template":"","meta":{"_acf_changed":false},"product_brand":[11954],"product_cat":[12071,12058],"product_tag":[],"class_list":{"0":"post-277916","1":"product","2":"type-product","3":"status-publish","4":"has-post-thumbnail","6":"product_brand-vortex","7":"product_cat-vergroesserungsoptiken","8":"product_cat-zielen","10":"first","11":"outofstock","12":"taxable","13":"shipping-taxable","14":"purchasable","15":"product-type-simple"},"acf":[],"_links":{"self":[{"href":"https:\/\/nbg.eu\/de\/wp-json\/wp\/v2\/product\/277916","targetHints":{"allow":["GET"]}}],"collection":[{"href":"https:\/\/nbg.eu\/de\/wp-json\/wp\/v2\/product"}],"about":[{"href":"https:\/\/nbg.eu\/de\/wp-json\/wp\/v2\/types\/product"}],"wp:featuredmedia":[{"embeddable":true,"href":"https:\/\/nbg.eu\/de\/wp-json\/wp\/v2\/media\/249203"}],"wp:attachment":[{"href":"https:\/\/nbg.eu\/de\/wp-json\/wp\/v2\/media?parent=277916"}],"wp:term":[{"taxonomy":"product_brand","embeddable":true,"href":"https:\/\/nbg.eu\/de\/wp-json\/wp\/v2\/product_brand?post=277916"},{"taxonomy":"product_cat","embeddable":true,"href":"https:\/\/nbg.eu\/de\/wp-json\/wp\/v2\/product_cat?post=277916"},{"taxonomy":"product_tag","embeddable":true,"href":"https:\/\/nbg.eu\/de\/wp-json\/wp\/v2\/product_tag?post=277916"}],"curies":[{"name":"wp","href":"https:\/\/api.w.org\/{rel}","templated":true}]}}