{"id":284899,"date":"2024-01-30T18:08:20","date_gmt":"2024-01-30T18:08:20","guid":{"rendered":"https:\/\/nbg.eu\/product\/area-419-mini-pad-the-gripchanger\/"},"modified":"2026-01-21T12:04:24","modified_gmt":"2026-01-21T09:04:24","slug":"area-419-mini-pad-der-gripchanger","status":"publish","type":"product","link":"https:\/\/nbg.eu\/de\/produkt\/area-419-mini-pad-der-gripchanger\/","title":{"rendered":"Area 419 &#8211; Mini Pad, Der GripChanger"},"content":{"rendered":"<div class=\"product-description\">\n<h2>Area 419 &#8211; Mini Pad, Der GripChanger<\/h2>\n<p>Der GripChanger ist die neueste Erg\u00e4nzung unserer RailChanger-Reihe. Diese kompakte, griffige und dicht gef\u00fcllte Tasche ist f\u00fcr den schnellen Positionsaufbau oder die Verwendung in kleinen \u00d6ffnungen geeignet.<\/p>\n<h3>Merkmale:<\/h3>\n<ul>\n<li>Wiegt circa 450 Gramm<\/li>\n<li>Haftet an jeder Oberfl\u00e4che<\/li>\n<li>Bietet eine stabile Plattform f\u00fcr schnelle Aufbauten<\/li>\n<\/ul>\n<h3>Lieferumfang:<\/h3>\n<ul>\n<li>1 Area 419 GripChanger Tasche<\/li>\n<li>1 ARCALOCK Klemme<\/li>\n<li>1 Area 419 Rail Changer Arm<\/li>\n<\/ul>\n<h3>Spezifikationen:<\/h3>\n<ul>\n<li>Gewicht: 450 Gramm<\/li>\n<li>Abmessungen: 25,4 \u00d7 7,6 \u00d7 5,1 cm<\/li>\n<li>Hersteller: Armageddon Gear<\/li>\n<\/ul>\n<\/div>\n","protected":false},"excerpt":{"rendered":"<p>\u201eKompakter, griffiger 450-Gramm-Beutel f\u00fcr schnelle, stabile Schie\u00dfpositionen. Inklusive Klemme und Arm.&#8220;<\/p>\n","protected":false},"featured_media":233566,"template":"","meta":{"_acf_changed":false},"product_brand":[11037],"product_cat":[12107],"product_tag":[],"class_list":{"0":"post-284899","1":"product","2":"type-product","3":"status-publish","4":"has-post-thumbnail","6":"product_brand-area-419","7":"product_cat-gewehr","9":"first","10":"instock","11":"taxable","12":"shipping-taxable","13":"purchasable","14":"product-type-simple"},"acf":[],"_links":{"self":[{"href":"https:\/\/nbg.eu\/de\/wp-json\/wp\/v2\/product\/284899","targetHints":{"allow":["GET"]}}],"collection":[{"href":"https:\/\/nbg.eu\/de\/wp-json\/wp\/v2\/product"}],"about":[{"href":"https:\/\/nbg.eu\/de\/wp-json\/wp\/v2\/types\/product"}],"wp:featuredmedia":[{"embeddable":true,"href":"https:\/\/nbg.eu\/de\/wp-json\/wp\/v2\/media\/233566"}],"wp:attachment":[{"href":"https:\/\/nbg.eu\/de\/wp-json\/wp\/v2\/media?parent=284899"}],"wp:term":[{"taxonomy":"product_brand","embeddable":true,"href":"https:\/\/nbg.eu\/de\/wp-json\/wp\/v2\/product_brand?post=284899"},{"taxonomy":"product_cat","embeddable":true,"href":"https:\/\/nbg.eu\/de\/wp-json\/wp\/v2\/product_cat?post=284899"},{"taxonomy":"product_tag","embeddable":true,"href":"https:\/\/nbg.eu\/de\/wp-json\/wp\/v2\/product_tag?post=284899"}],"curies":[{"name":"wp","href":"https:\/\/api.w.org\/{rel}","templated":true}]}}