{"id":285397,"date":"2025-03-04T22:02:48","date_gmt":"2025-03-04T19:02:48","guid":{"rendered":"https:\/\/nbg.eu\/product\/magpul-ctr-moe-cheek-riser-0-75\/"},"modified":"2026-05-11T11:49:43","modified_gmt":"2026-05-11T08:49:43","slug":"magpul-ctr-moe-wangenauflage-075","status":"publish","type":"product","link":"https:\/\/nbg.eu\/de\/produkt\/magpul-ctr-moe-wangenauflage-075\/","title":{"rendered":"Magpul CTR \/ MOE Wangenauflage &#8211; 0.75&#8243;"},"content":{"rendered":"<div class=\"product-description\">\n<h2>Magpul &#8211; CTR \/ MOE Wangenauflage &#8211; 0,75&#8243;<\/h2>\n<p>Die Magpul CTR \/ MOE Wangenauflage ist ein Clip-on-Zubeh\u00f6r, das die Wangenlage um 1,9 cm erh\u00f6ht und eine verbesserte Sichtausrichtung f\u00fcr verschiedene Waffenarten erm\u00f6glicht.<\/p>\n<ul>\n<li>Kompatibel mit CTR, MOE\u00ae, DT und PR Karabinerkolben<\/li>\n<li>Geeignet f\u00fcr Nicht-AR15\/M4-Systeme, wie M14-Karabinerkolbenumbauten<\/li>\n<li>Einfache Clip-on-Montage<\/li>\n<li>Hergestellt in den USA<\/li>\n<li>NSN: MAG327-BLK 1005-01-591-6041<\/li>\n<\/ul>\n<p><strong>Hinweis:<\/strong> Kann die Funktion des Ladehebels bei AR15\/M4-Plattformen beeintr\u00e4chtigen, es sei denn, der Schaft ist vollst\u00e4ndig ausgefahren.<\/p>\n<\/div>\n","protected":false},"excerpt":{"rendered":"<p>\u201eAufsteckbarer 19 mm Wangenauflage f\u00fcr verbesserten Komfort und Pr\u00e4zision.&#8220;<\/p>\n","protected":false},"featured_media":237150,"template":"","meta":{"_acf_changed":false},"product_brand":[11556],"product_cat":[16246,12068,12103],"product_tag":[],"class_list":{"0":"post-285397","1":"product","2":"type-product","3":"status-publish","4":"has-post-thumbnail","6":"product_brand-magpul","7":"product_cat-cheek-risers-de","8":"product_cat-gewehr-tuning","9":"product_cat-gewehrschaefte","11":"first","12":"instock","13":"taxable","14":"shipping-taxable","15":"purchasable","16":"product-type-variable","17":"wvs-archive-product-wrapper"},"acf":[],"_links":{"self":[{"href":"https:\/\/nbg.eu\/de\/wp-json\/wp\/v2\/product\/285397","targetHints":{"allow":["GET"]}}],"collection":[{"href":"https:\/\/nbg.eu\/de\/wp-json\/wp\/v2\/product"}],"about":[{"href":"https:\/\/nbg.eu\/de\/wp-json\/wp\/v2\/types\/product"}],"wp:featuredmedia":[{"embeddable":true,"href":"https:\/\/nbg.eu\/de\/wp-json\/wp\/v2\/media\/237150"}],"wp:attachment":[{"href":"https:\/\/nbg.eu\/de\/wp-json\/wp\/v2\/media?parent=285397"}],"wp:term":[{"taxonomy":"product_brand","embeddable":true,"href":"https:\/\/nbg.eu\/de\/wp-json\/wp\/v2\/product_brand?post=285397"},{"taxonomy":"product_cat","embeddable":true,"href":"https:\/\/nbg.eu\/de\/wp-json\/wp\/v2\/product_cat?post=285397"},{"taxonomy":"product_tag","embeddable":true,"href":"https:\/\/nbg.eu\/de\/wp-json\/wp\/v2\/product_tag?post=285397"}],"curies":[{"name":"wp","href":"https:\/\/api.w.org\/{rel}","templated":true}]}}