{"id":287685,"date":"2025-03-05T11:33:07","date_gmt":"2025-03-05T11:33:07","guid":{"rendered":"https:\/\/nbg.eu\/prodcut\/clawgear-ak47-medium-slick-handguard-m-lok\/"},"modified":"2026-01-21T11:45:39","modified_gmt":"2026-01-21T08:45:39","slug":"clawgear-ak47-mittel-slick-handschutz-m-lok","status":"publish","type":"product","link":"https:\/\/nbg.eu\/de\/produkt\/clawgear-ak47-mittel-slick-handschutz-m-lok\/","title":{"rendered":"Clawgear AK47 Mittel Slick Handschutz M-LOK"},"content":{"rendered":"<div class=\"product-description\">\n<h2>Clawgear AK47 Medium Slick Handschutz M-LOK<\/h2>\n<p>Handschutz f\u00fcr AK47 von Clawgear. Mit matter schwarzer Oberfl\u00e4chenbeschichtung zur Reduzierung von Reflexionen. M-LOK-Montagesystem f\u00fcr Zubeh\u00f6r und QD-Riemenbefestigungspunkt.<\/p>\n<ul>\n<li>Kompatibel mit gestanzten und gefr\u00e4sten Geh\u00e4usen<\/li>\n<li>Aus 6061 Aluminium<\/li>\n<li>MIL-SPEC Typ III harteloxierte Oberfl\u00e4che<\/li>\n<li>Gewicht: 0,15 kg<\/li>\n<li>Abmessungen: 26,2 cm (L) x 4,3 cm (B) x 4,3 cm (H)<\/li>\n<\/ul>\n<p>Handschutz zur Verbesserung der Funktionalit\u00e4t und Optik des AK47.<\/p>\n<\/div>\n","protected":false},"excerpt":{"rendered":"<p>Leichter M-LOK AK47 Handschutz mit QD-Riemenpunkt und matter Oberfl\u00e4che.<\/p>\n","protected":false},"featured_media":239646,"template":"","meta":{"_acf_changed":false},"product_brand":[11226],"product_cat":[12107,12068,14955,12121,12043],"product_tag":[],"class_list":{"0":"post-287685","1":"product","2":"type-product","3":"status-publish","4":"has-post-thumbnail","6":"product_brand-clawgear","7":"product_cat-gewehr","8":"product_cat-gewehr-tuning","9":"product_cat-m-lok-rail-systems-de","10":"product_cat-schienen","11":"product_cat-trageriemen","13":"first","14":"instock","15":"taxable","16":"shipping-taxable","17":"purchasable","18":"product-type-simple"},"acf":[],"_links":{"self":[{"href":"https:\/\/nbg.eu\/de\/wp-json\/wp\/v2\/product\/287685","targetHints":{"allow":["GET"]}}],"collection":[{"href":"https:\/\/nbg.eu\/de\/wp-json\/wp\/v2\/product"}],"about":[{"href":"https:\/\/nbg.eu\/de\/wp-json\/wp\/v2\/types\/product"}],"wp:featuredmedia":[{"embeddable":true,"href":"https:\/\/nbg.eu\/de\/wp-json\/wp\/v2\/media\/239646"}],"wp:attachment":[{"href":"https:\/\/nbg.eu\/de\/wp-json\/wp\/v2\/media?parent=287685"}],"wp:term":[{"taxonomy":"product_brand","embeddable":true,"href":"https:\/\/nbg.eu\/de\/wp-json\/wp\/v2\/product_brand?post=287685"},{"taxonomy":"product_cat","embeddable":true,"href":"https:\/\/nbg.eu\/de\/wp-json\/wp\/v2\/product_cat?post=287685"},{"taxonomy":"product_tag","embeddable":true,"href":"https:\/\/nbg.eu\/de\/wp-json\/wp\/v2\/product_tag?post=287685"}],"curies":[{"name":"wp","href":"https:\/\/api.w.org\/{rel}","templated":true}]}}