{"id":288699,"date":"2025-03-05T11:15:00","date_gmt":"2025-03-05T08:15:00","guid":{"rendered":"https:\/\/nbg.eu\/prodcut\/magpul-prs-lite-precision-adjustable-stock\/"},"modified":"2026-05-11T11:49:09","modified_gmt":"2026-05-11T08:49:09","slug":"magpul-prs-lite-praezisions-verstellbarer-schaft","status":"publish","type":"product","link":"https:\/\/nbg.eu\/de\/produkt\/magpul-prs-lite-praezisions-verstellbarer-schaft\/","title":{"rendered":"Magpul PRS Lite Pr\u00e4zisions-Verstellbarer Schaft"},"content":{"rendered":"<div class=\"product-description\">\n<h2>Magpul PRS Lite Pr\u00e4zisions-Einstellbare Schulterst\u00fctze<\/h2>\n<p>Die Magpul PRS Lite bietet Pr\u00e4zisionseinstellbarkeit bei einem Gewicht von 530 g. Kompatibel mit Mil-Spec USGI Carbine\/SR25 zusammenklappbaren\/A5 Verl\u00e4ngerungsrohren f\u00fcr .223 und .308 Empf\u00e4nger-Muster Gewehre.<\/p>\n<h3>Hauptmerkmale:<\/h3>\n<ul>\n<li>Konstruktion aus Polymer und Metall<\/li>\n<li>Einstellbare Kammh\u00f6he (0-20,3 mm in 2,54 mm Schritten)<\/li>\n<li>Einstellbare Zugl\u00e4nge (351,8-387,4 mm in 3,56 mm Schritten)<\/li>\n<li>H\u00f6hen- und neigungsverstellbare rutschfeste Gummischaftkappe<\/li>\n<li>Mehrere Befestigungsm\u00f6glichkeiten f\u00fcr Trageriemen<\/li>\n<\/ul>\n<p>Die PRS Lite wurde nach milit\u00e4rischen Standards entwickelt. Die Schulterst\u00fctze verf\u00fcgt \u00fcber eine flache Gummischaftkappe f\u00fcr Stabilit\u00e4t und verschiedene Befestigungsm\u00f6glichkeiten f\u00fcr Trageriemen.<\/p>\n<p><strong>Hergestellt in den USA<\/strong><\/p>\n<\/div>\n","protected":false},"excerpt":{"rendered":"<p>Leichter, verstellbarer AR-Schaft. Pr\u00e4zise Kontrolle von Schaftkappe und L\u00e4ngenverstellung.<\/p>\n","protected":false},"featured_media":238454,"template":"","meta":{"_acf_changed":false},"product_brand":[11556],"product_cat":[16244,12107,12068,12103],"product_tag":[],"class_list":{"0":"post-288699","1":"product","2":"type-product","3":"status-publish","4":"has-post-thumbnail","6":"product_brand-magpul","7":"product_cat-adjustable-stocks-de","8":"product_cat-gewehr","9":"product_cat-gewehr-tuning","10":"product_cat-gewehrschaefte","12":"first","13":"instock","14":"taxable","15":"shipping-taxable","16":"purchasable","17":"product-type-variable","18":"wvs-archive-product-wrapper"},"acf":[],"_links":{"self":[{"href":"https:\/\/nbg.eu\/de\/wp-json\/wp\/v2\/product\/288699","targetHints":{"allow":["GET"]}}],"collection":[{"href":"https:\/\/nbg.eu\/de\/wp-json\/wp\/v2\/product"}],"about":[{"href":"https:\/\/nbg.eu\/de\/wp-json\/wp\/v2\/types\/product"}],"wp:featuredmedia":[{"embeddable":true,"href":"https:\/\/nbg.eu\/de\/wp-json\/wp\/v2\/media\/238454"}],"wp:attachment":[{"href":"https:\/\/nbg.eu\/de\/wp-json\/wp\/v2\/media?parent=288699"}],"wp:term":[{"taxonomy":"product_brand","embeddable":true,"href":"https:\/\/nbg.eu\/de\/wp-json\/wp\/v2\/product_brand?post=288699"},{"taxonomy":"product_cat","embeddable":true,"href":"https:\/\/nbg.eu\/de\/wp-json\/wp\/v2\/product_cat?post=288699"},{"taxonomy":"product_tag","embeddable":true,"href":"https:\/\/nbg.eu\/de\/wp-json\/wp\/v2\/product_tag?post=288699"}],"curies":[{"name":"wp","href":"https:\/\/api.w.org\/{rel}","templated":true}]}}