{"id":36293,"date":"2024-07-30T21:55:35","date_gmt":"2024-07-30T18:55:35","guid":{"rendered":"https:\/\/nbg.eu\/product\/helium-whisper-zippered-accessory-pouch\/"},"modified":"2026-05-11T15:28:36","modified_gmt":"2026-05-11T12:28:36","slug":"helium-whisper-zubehoertasche-mit-reissverschluss","status":"publish","type":"product","link":"https:\/\/nbg.eu\/de\/produkt\/helium-whisper-zubehoertasche-mit-reissverschluss\/","title":{"rendered":"BFG HELIUM WHISPER ZUBEH\u00d6RTASCHE MIT REISSVERSCHLUSS"},"content":{"rendered":"<p>\nDer HELIUM WHISPER\u00ae REISSVERSCHLUSS-ZUBEH\u00d6RBEUTEL von BlueForceGear ist eine vielseitige und leichte Aufbewahrungsl\u00f6sung f\u00fcr Ihre taktische Ausr\u00fcstung. Er bietet:<\/p>\n<ul>\n<li>Ultraleichtes ULTRAcomp\u00ae-Material f\u00fcr Haltbarkeit und Wasserbest\u00e4ndigkeit<\/li>\n<li>MOLLE-kompatibles Helium Whisper\u00ae Befestigungssystem f\u00fcr einfache Integration<\/li>\n<li>Hauptfach mit Rei\u00dfverschluss f\u00fcr sichere Aufbewahrung<\/li>\n<li>Interne elastische Organisationsschlaufen f\u00fcr kleine Gegenst\u00e4nde<\/li>\n<li>Erh\u00e4ltlich in verschiedenen Farben, passend zu Ihrer Ausr\u00fcstung<\/li>\n<\/ul>\n<p>Perfekt f\u00fcr die Aufbewahrung von medizinischem Zubeh\u00f6r, Elektronik oder anderen wichtigen Gegenst\u00e4nden, vereint dieser Beutel Funktionalit\u00e4t mit BlueForceGears innovativem Design f\u00fcr optimale Leistung in jeder Umgebung.<\/p>\n","protected":false},"excerpt":{"rendered":"<p>Leichte, vielseitige Tasche f\u00fcr sichere Aufbewahrung von Ausr\u00fcstung unterwegs.<\/p>\n","protected":false},"featured_media":21148,"template":"","meta":{"_acf_changed":false},"product_brand":[11129],"product_cat":[12115,12105],"product_tag":[],"class_list":{"0":"post-36293","1":"product","2":"type-product","3":"status-publish","4":"has-post-thumbnail","6":"product_brand-blue-force-gear","7":"product_cat-ausruestung","8":"product_cat-taschen","10":"first","11":"instock","12":"taxable","13":"shipping-taxable","14":"purchasable","15":"product-type-variable","16":"wvs-archive-product-wrapper"},"acf":[],"_links":{"self":[{"href":"https:\/\/nbg.eu\/de\/wp-json\/wp\/v2\/product\/36293","targetHints":{"allow":["GET"]}}],"collection":[{"href":"https:\/\/nbg.eu\/de\/wp-json\/wp\/v2\/product"}],"about":[{"href":"https:\/\/nbg.eu\/de\/wp-json\/wp\/v2\/types\/product"}],"wp:featuredmedia":[{"embeddable":true,"href":"https:\/\/nbg.eu\/de\/wp-json\/wp\/v2\/media\/21148"}],"wp:attachment":[{"href":"https:\/\/nbg.eu\/de\/wp-json\/wp\/v2\/media?parent=36293"}],"wp:term":[{"taxonomy":"product_brand","embeddable":true,"href":"https:\/\/nbg.eu\/de\/wp-json\/wp\/v2\/product_brand?post=36293"},{"taxonomy":"product_cat","embeddable":true,"href":"https:\/\/nbg.eu\/de\/wp-json\/wp\/v2\/product_cat?post=36293"},{"taxonomy":"product_tag","embeddable":true,"href":"https:\/\/nbg.eu\/de\/wp-json\/wp\/v2\/product_tag?post=36293"}],"curies":[{"name":"wp","href":"https:\/\/api.w.org\/{rel}","templated":true}]}}