{"id":404790,"date":"2025-05-10T12:31:51","date_gmt":"2025-05-10T09:31:51","guid":{"rendered":"https:\/\/nbg.eu\/product\/ammunition-sb-cal-357-mag-fmj-10-25g\/"},"modified":"2026-01-21T11:52:06","modified_gmt":"2026-01-21T08:52:06","slug":"munition-sb-kal-357-mag-fmj-1025g","status":"publish","type":"product","link":"https:\/\/nbg.eu\/de\/produkt\/munition-sb-kal-357-mag-fmj-1025g\/","title":{"rendered":"MUNITION S&#038;B Kal. 357 Mag FMJ 10.25g"},"content":{"rendered":"<div class=\"product-description\">\n<h2>S&amp;B FMJ .357 Magnum 10,25g<\/h2>\n<p>Sellier &amp; Bellot Vollmantelgeschoss .357 Magnum Patrone. Diese Munition ist f\u00fcr Revolver geeignet.<\/p>\n<h3>Hauptmerkmale:<\/h3>\n<ul>\n<li>Kaliber: .357 Magnum<\/li>\n<li>Geschossgewicht: 158gr\/10,25g Vollmantelgeschoss (FMJ)<\/li>\n<li>M\u00fcndungsgeschwindigkeit: 385 m\/s<\/li>\n<li>Ballistischer Koeffizient: 0,184<\/li>\n<li>Leistungsfaktor: 199,6<\/li>\n<li>Packungsgr\u00f6\u00dfe: 50 Schuss<\/li>\n<\/ul>\n<p>Hergestellt von Sellier &amp; Bellot, einem Munitionshersteller seit 1825. Diese Patrone ist f\u00fcr Training, Wettk\u00e4mpfe oder andere Schie\u00dfaktivit\u00e4ten geeignet.<\/p>\n<p>Diese Munition wird von Zivilisten und Milit\u00e4rpersonal weltweit verwendet. S&amp;B .357 Magnum Munition bietet Genauigkeit und Zuverl\u00e4ssigkeit.<\/p>\n<\/div>\n","protected":false},"excerpt":{"rendered":"<p>S&amp;B .357 Mag Vollmantel 10,25g: Leistungsstarke, pr\u00e4zise Revolvermunition f\u00fcr das Training<\/p>\n","protected":false},"featured_media":359125,"template":"","meta":{"_acf_changed":false},"product_brand":[11774],"product_cat":[12060,12110],"product_tag":[],"class_list":{"0":"post-404790","1":"product","2":"type-product","3":"status-publish","4":"has-post-thumbnail","6":"product_brand-sellier-and-bellot","7":"product_cat-lizenziert","8":"product_cat-munition","10":"first","11":"instock","12":"taxable","13":"shipping-taxable","14":"purchasable","15":"product-type-simple"},"acf":[],"_links":{"self":[{"href":"https:\/\/nbg.eu\/de\/wp-json\/wp\/v2\/product\/404790","targetHints":{"allow":["GET"]}}],"collection":[{"href":"https:\/\/nbg.eu\/de\/wp-json\/wp\/v2\/product"}],"about":[{"href":"https:\/\/nbg.eu\/de\/wp-json\/wp\/v2\/types\/product"}],"wp:featuredmedia":[{"embeddable":true,"href":"https:\/\/nbg.eu\/de\/wp-json\/wp\/v2\/media\/359125"}],"wp:attachment":[{"href":"https:\/\/nbg.eu\/de\/wp-json\/wp\/v2\/media?parent=404790"}],"wp:term":[{"taxonomy":"product_brand","embeddable":true,"href":"https:\/\/nbg.eu\/de\/wp-json\/wp\/v2\/product_brand?post=404790"},{"taxonomy":"product_cat","embeddable":true,"href":"https:\/\/nbg.eu\/de\/wp-json\/wp\/v2\/product_cat?post=404790"},{"taxonomy":"product_tag","embeddable":true,"href":"https:\/\/nbg.eu\/de\/wp-json\/wp\/v2\/product_tag?post=404790"}],"curies":[{"name":"wp","href":"https:\/\/api.w.org\/{rel}","templated":true}]}}