{"id":44318,"date":"2024-08-18T19:23:04","date_gmt":"2024-08-18T19:23:04","guid":{"rendered":"https:\/\/nbg.eu\/product\/d%d0%b0%d0%b0-ratchet-inner-belt\/"},"modified":"2026-05-11T15:20:07","modified_gmt":"2026-05-11T12:20:07","slug":"daa-ratsche-innenguertel","status":"publish","type":"product","link":"https:\/\/nbg.eu\/de\/produkt\/daa-ratsche-innenguertel\/","title":{"rendered":"DAA Ratsche Inneng\u00fcrtel"},"content":{"rendered":"<h2>DAA Ratchet Inneng\u00fcrtel<\/h2>\n<p>Erleben Sie unvergleichlichen Komfort mit dem innovativen DAA Ratchet Inneng\u00fcrtel. Mit einem einzigartigen zusammenklappbaren Abschnitt, der unter dem Ratschensystem sitzt, eliminiert dieser G\u00fcrtel unangenehme Druckpunkte beim Festziehen und Verk\u00fcrzen des Au\u00dfeng\u00fcrtels.<\/p>\n<ul>\n<li>Zusammenklappbarer Abschnitt ohne Plastikkern oder Klettverschluss f\u00fcr einfaches Falten<\/li>\n<li>Spitze Enden f\u00fcr m\u00fcheloses Einf\u00e4deln durch Hosenschlaufen<\/li>\n<li>\u00dcberlegener Komfort im Vergleich zu herk\u00f6mmlichen Inneng\u00fcrteln<\/li>\n<li>Hergestellt aus den gleichen hochwertigen Materialien wie Standard-DAA-Inneng\u00fcrtel<\/li>\n<\/ul>\n<p>Verabschieden Sie sich von Unbehagen, das durch harte Materialien verursacht wird, die sich nicht leicht falten lassen. Der DAA Ratchet Inneng\u00fcrtel sorgt f\u00fcr eine perfekte Passform, ohne Kompromisse beim Komfort einzugehen, und ist damit die perfekte Wahl f\u00fcr anspruchsvolle Benutzer, die das Beste in G\u00fcrteltechnologie verlangen.<\/p>\n","protected":false},"excerpt":{"rendered":"<p>Komfortabler Inneng\u00fcrtel mit zusammenklappbarem Abschnitt f\u00fcr Ratschenschnallen.<\/p>\n","protected":false},"featured_media":29054,"template":"","meta":{"_acf_changed":false},"product_brand":[11263],"product_cat":[12041],"product_tag":[],"class_list":{"0":"post-44318","1":"product","2":"type-product","3":"status-publish","4":"has-post-thumbnail","6":"product_brand-doublealpha","7":"product_cat-sportguertel","9":"first","10":"instock","11":"taxable","12":"shipping-taxable","13":"purchasable","14":"product-type-variable","15":"wvs-archive-product-wrapper"},"acf":[],"_links":{"self":[{"href":"https:\/\/nbg.eu\/de\/wp-json\/wp\/v2\/product\/44318","targetHints":{"allow":["GET"]}}],"collection":[{"href":"https:\/\/nbg.eu\/de\/wp-json\/wp\/v2\/product"}],"about":[{"href":"https:\/\/nbg.eu\/de\/wp-json\/wp\/v2\/types\/product"}],"wp:featuredmedia":[{"embeddable":true,"href":"https:\/\/nbg.eu\/de\/wp-json\/wp\/v2\/media\/29054"}],"wp:attachment":[{"href":"https:\/\/nbg.eu\/de\/wp-json\/wp\/v2\/media?parent=44318"}],"wp:term":[{"taxonomy":"product_brand","embeddable":true,"href":"https:\/\/nbg.eu\/de\/wp-json\/wp\/v2\/product_brand?post=44318"},{"taxonomy":"product_cat","embeddable":true,"href":"https:\/\/nbg.eu\/de\/wp-json\/wp\/v2\/product_cat?post=44318"},{"taxonomy":"product_tag","embeddable":true,"href":"https:\/\/nbg.eu\/de\/wp-json\/wp\/v2\/product_tag?post=44318"}],"curies":[{"name":"wp","href":"https:\/\/api.w.org\/{rel}","templated":true}]}}