{"id":44823,"date":"2024-08-18T09:34:28","date_gmt":"2024-08-18T09:34:28","guid":{"rendered":"https:\/\/nbg.eu\/product\/daa-magnet-with-m5-screw-for-rm-pouch\/"},"modified":"2026-05-11T15:25:19","modified_gmt":"2026-05-11T12:25:19","slug":"daa-magnet-mit-m5-schraube","status":"publish","type":"product","link":"https:\/\/nbg.eu\/de\/produkt\/daa-magnet-mit-m5-schraube\/","title":{"rendered":"Double Alpha Academy Magnet mit M5 Schraube"},"content":{"rendered":"<h2>DAA Super-Starker Magnet f\u00fcr Alpha-Xi\/X und Race Master Magazintasche<\/h2>\n<p>Verbessern Sie Ihre Schie\u00dfausr\u00fcstung mit unseren leistungsstarken DAA Super-Starken Magneten, entwickelt f\u00fcr Alpha-Xi, Alpha-X und Race Master Magazintaschen.<\/p>\n<ul>\n<li>Verzinkt f\u00fcr Langlebigkeit<\/li>\n<li>Beeindruckende Zugkraft von 87 kg<\/li>\n<li>50 mm Durchmesser, 12 mm dick (einschlie\u00dflich Geh\u00e4use)<\/li>\n<li>Sichere Befestigung mit M5-Schraube<\/li>\n<\/ul>\n<p>Die Installation ist einfach:<\/p>\n<ol>\n<li>Bohren Sie das 4,2 mm Loch in der Taschenvorderseite mit einem M5-Gewindebohrer<\/li>\n<li>Schrauben Sie den Magneten vorsichtig ein<\/li>\n<li>Sichern Sie ihn mit LockTite f\u00fcr zus\u00e4tzliche Stabilit\u00e4t<\/li>\n<\/ol>\n<p>Erleben Sie eine sichere Magazinplatzierung und -haltung w\u00e4hrend dynamischer Bewegungen. R\u00fcsten Sie Ihre Magazintasche noch heute auf f\u00fcr eine verbesserte Leistung!<\/p>\n","protected":false},"excerpt":{"rendered":"<p>Starker M5-Schraubmagnet f\u00fcr Alpha-Xi\/X- und Race Master-Taschen.<\/p>\n","protected":false},"featured_media":27329,"template":"","meta":{"_acf_changed":false},"product_brand":[11263],"product_cat":[12113,12088,12094],"product_tag":[],"class_list":{"0":"post-44823","1":"product","2":"type-product","3":"status-publish","4":"has-post-thumbnail","6":"product_brand-doublealpha","7":"product_cat-holster","8":"product_cat-holster-zubehoer","9":"product_cat-sport-holster","11":"first","12":"instock","13":"taxable","14":"shipping-taxable","15":"purchasable","16":"product-type-simple"},"acf":[],"_links":{"self":[{"href":"https:\/\/nbg.eu\/de\/wp-json\/wp\/v2\/product\/44823","targetHints":{"allow":["GET"]}}],"collection":[{"href":"https:\/\/nbg.eu\/de\/wp-json\/wp\/v2\/product"}],"about":[{"href":"https:\/\/nbg.eu\/de\/wp-json\/wp\/v2\/types\/product"}],"wp:featuredmedia":[{"embeddable":true,"href":"https:\/\/nbg.eu\/de\/wp-json\/wp\/v2\/media\/27329"}],"wp:attachment":[{"href":"https:\/\/nbg.eu\/de\/wp-json\/wp\/v2\/media?parent=44823"}],"wp:term":[{"taxonomy":"product_brand","embeddable":true,"href":"https:\/\/nbg.eu\/de\/wp-json\/wp\/v2\/product_brand?post=44823"},{"taxonomy":"product_cat","embeddable":true,"href":"https:\/\/nbg.eu\/de\/wp-json\/wp\/v2\/product_cat?post=44823"},{"taxonomy":"product_tag","embeddable":true,"href":"https:\/\/nbg.eu\/de\/wp-json\/wp\/v2\/product_tag?post=44823"}],"curies":[{"name":"wp","href":"https:\/\/api.w.org\/{rel}","templated":true}]}}