{"id":45450,"date":"2024-08-16T17:59:54","date_gmt":"2024-09-10T14:24:07","guid":{"rendered":"https:\/\/nbg.eu\/product\/clips-ulticlip-xl\/"},"modified":"2026-05-13T16:02:51","modified_gmt":"2026-05-13T13:02:51","slug":"clips-ulticlip-xl","status":"publish","type":"product","link":"https:\/\/nbg.eu\/de\/produkt\/clips-ulticlip-xl\/","title":{"rendered":"Clips Ulticlip XL"},"content":{"rendered":"<div class=\"product-description\">\n<h2>Clips Ulticlip XL: Der ultimative Multifunktions-Holsterclip<\/h2>\n<p>Wir pr\u00e4sentieren den Ulticlip XL, den weltweit ersten Multifunktions-Holsterclip und verschlie\u00dfbaren Stahlg\u00fcrtelschlaufe in einem. Dieses innovative Ger\u00e4t bietet unvergleichliche Vielseitigkeit zum Tragen von Holstern, Messerscheiden und Zubeh\u00f6r.<\/p>\n<ul>\n<li>Doppelte Funktionalit\u00e4t: Verwendbar als Holsterclip oder G\u00fcrtelschlaufe<\/li>\n<li>Kompatibel mit IWB- und OWB-Trageweisen<\/li>\n<li>Integrierter Multifunktionsschl\u00fcssel (1\/4&#8243;, 5\/16&#8243;, 3\/8&#8243;) und Flachschraubendreher<\/li>\n<li>Mehrere Befestigungspunkte f\u00fcr verschiedene Produkte<\/li>\n<li>Verschlie\u00dfbare Stahlg\u00fcrtelschlaufe f\u00fcr 1,5&#8243; breite G\u00fcrtel (bis zu 3\/8&#8243; dick)<\/li>\n<li>Schwarze Oxidbeschichtung in Milit\u00e4rqualit\u00e4t<\/li>\n<li>W\u00e4rmebehandelter 1075 &amp; 1050 Federstahl-Konstruktion<\/li>\n<li>Gr\u00f6\u00dfe: 3,5&#8243; x 7\/8&#8243;, Gewicht: 1,37 oz.<\/li>\n<\/ul>\n<p>Erleben Sie die ultimative Tragel\u00f6sung mit dem Ulticlip XL!<\/p>\n<\/div>\n","protected":false},"excerpt":{"rendered":"<p>Ulticlip XL: Multifunktionaler Holsterclip und arretierbarer G\u00fcrtelschlaufe f\u00fcr vielseitiges Tragen.<\/p>\n","protected":false},"featured_media":22994,"template":"","meta":{"_acf_changed":false},"product_brand":[14636],"product_cat":[12115,12088],"product_tag":[],"class_list":{"0":"post-45450","1":"product","2":"type-product","3":"status-publish","4":"has-post-thumbnail","6":"product_brand-ulticlip","7":"product_cat-ausruestung","8":"product_cat-holster-zubehoer","10":"first","11":"instock","12":"taxable","13":"shipping-taxable","14":"purchasable","15":"product-type-simple"},"acf":[],"_links":{"self":[{"href":"https:\/\/nbg.eu\/de\/wp-json\/wp\/v2\/product\/45450","targetHints":{"allow":["GET"]}}],"collection":[{"href":"https:\/\/nbg.eu\/de\/wp-json\/wp\/v2\/product"}],"about":[{"href":"https:\/\/nbg.eu\/de\/wp-json\/wp\/v2\/types\/product"}],"wp:featuredmedia":[{"embeddable":true,"href":"https:\/\/nbg.eu\/de\/wp-json\/wp\/v2\/media\/22994"}],"wp:attachment":[{"href":"https:\/\/nbg.eu\/de\/wp-json\/wp\/v2\/media?parent=45450"}],"wp:term":[{"taxonomy":"product_brand","embeddable":true,"href":"https:\/\/nbg.eu\/de\/wp-json\/wp\/v2\/product_brand?post=45450"},{"taxonomy":"product_cat","embeddable":true,"href":"https:\/\/nbg.eu\/de\/wp-json\/wp\/v2\/product_cat?post=45450"},{"taxonomy":"product_tag","embeddable":true,"href":"https:\/\/nbg.eu\/de\/wp-json\/wp\/v2\/product_tag?post=45450"}],"curies":[{"name":"wp","href":"https:\/\/api.w.org\/{rel}","templated":true}]}}