{"id":45494,"date":"2024-08-16T17:52:19","date_gmt":"2024-08-16T17:52:19","guid":{"rendered":"https:\/\/nbg.eu\/product\/rhh-backpack\/"},"modified":"2026-01-21T12:01:46","modified_gmt":"2026-01-21T09:01:46","slug":"rhh-rucksack","status":"publish","type":"product","link":"https:\/\/nbg.eu\/de\/produkt\/rhh-rucksack\/","title":{"rendered":"RHH Rucksack"},"content":{"rendered":"<div class=\"product-description\">\n<h2>RHH Schie\u00dfrucksack<\/h2>\n<p>Von Sch\u00fctzen f\u00fcr Sch\u00fctzen entwickelt, ist der RHH Rucksack perfekt f\u00fcr mehrt\u00e4gige Wettk\u00e4mpfe, egal ob Sie eine oder zwei Waffen verwenden.<\/p>\n<ul>\n<li>Hauptwaffenfach mit Verriegelungssystem f\u00fcr einfachen Zugriff<\/li>\n<li>Entspricht den IPSC-Regeln<\/li>\n<li>Klettverschlusspanel und MOLLE-Befestigung f\u00fcr Zubeh\u00f6r<\/li>\n<li>Gro\u00dfz\u00fcgiger Stauraum mit organisierten F\u00e4chern<\/li>\n<li>Magazinfach f\u00fcr 30-Schuss-Magazine mit verl\u00e4ngerten Bodenplatten<\/li>\n<li>Abnehmbare Gurte dienen auch als Schie\u00dfauflage<\/li>\n<\/ul>\n<p>Gr\u00f6\u00dfe: 100cm x 40cm x 20cm<br \/>\n  Gewehrfach: bis zu 95cm<br \/>\n  Gewicht: 2,9 kg<\/p>\n<p>Packen Sie intelligent, schie\u00dfen Sie besser mit dem RHH Schie\u00dfrucksack!<\/p>\n<\/div>\n","protected":false},"excerpt":{"rendered":"<p>RHH Rucksack: Von Sch\u00fctzen entworfen, vielseitig, bereit f\u00fcr mehrt\u00e4gige Wettk\u00e4mpfe.<\/p>\n","protected":false},"featured_media":22672,"template":"","meta":{"_acf_changed":false},"product_brand":[11634],"product_cat":[12051],"product_tag":[],"class_list":{"0":"post-45494","1":"product","2":"type-product","3":"status-publish","4":"has-post-thumbnail","6":"product_brand-rh-holsters","7":"product_cat-rucksaecke","9":"first","10":"instock","11":"taxable","12":"shipping-taxable","13":"purchasable","14":"product-type-simple"},"acf":[],"_links":{"self":[{"href":"https:\/\/nbg.eu\/de\/wp-json\/wp\/v2\/product\/45494","targetHints":{"allow":["GET"]}}],"collection":[{"href":"https:\/\/nbg.eu\/de\/wp-json\/wp\/v2\/product"}],"about":[{"href":"https:\/\/nbg.eu\/de\/wp-json\/wp\/v2\/types\/product"}],"wp:featuredmedia":[{"embeddable":true,"href":"https:\/\/nbg.eu\/de\/wp-json\/wp\/v2\/media\/22672"}],"wp:attachment":[{"href":"https:\/\/nbg.eu\/de\/wp-json\/wp\/v2\/media?parent=45494"}],"wp:term":[{"taxonomy":"product_brand","embeddable":true,"href":"https:\/\/nbg.eu\/de\/wp-json\/wp\/v2\/product_brand?post=45494"},{"taxonomy":"product_cat","embeddable":true,"href":"https:\/\/nbg.eu\/de\/wp-json\/wp\/v2\/product_cat?post=45494"},{"taxonomy":"product_tag","embeddable":true,"href":"https:\/\/nbg.eu\/de\/wp-json\/wp\/v2\/product_tag?post=45494"}],"curies":[{"name":"wp","href":"https:\/\/api.w.org\/{rel}","templated":true}]}}