{"id":46434,"date":"2024-07-31T20:54:52","date_gmt":"2024-07-31T20:54:52","guid":{"rendered":"https:\/\/nbg.eu\/product\/shotgun-brush\/"},"modified":"2026-05-13T15:12:04","modified_gmt":"2026-05-13T12:12:04","slug":"schrotflinten-buerste","status":"publish","type":"product","link":"https:\/\/nbg.eu\/de\/produkt\/schrotflinten-buerste\/","title":{"rendered":"Iosso Schrotflinten B\u00fcrste"},"content":{"rendered":"<p>\nKobaltblauer Schrotflintenb\u00fcrste von Iosso Products. Eigenschaften:<\/p>\n<ul>\n<li>Dickere, steifere Fasern f\u00fcr Reinigung in beide Richtungen<\/li>\n<li>Eng gewickelt mit mehr Fasern pro Zoll<\/li>\n<li>Mehrfach verwendbar<\/li>\n<li>Geeignet f\u00fcr die Verwendung mit Iosso Laufreiniger<\/li>\n<li>Entfernt alle Arten von Verschmutzungen<\/li>\n<li>Verk\u00fcrzt die Reinigungszeit<\/li>\n<\/ul>\n<p>F\u00fcr effiziente Laufreinigung.<\/p>\n","protected":false},"excerpt":{"rendered":"<p>Hochwertiger kobaltblauer Laufb\u00fcrstenkopf f\u00fcr effizientes und gr\u00fcndliches Reinigen von Schrotflinten.<\/p>\n","protected":false},"featured_media":20902,"template":"","meta":{"_acf_changed":false},"product_brand":[11483],"product_cat":[12066,12049],"product_tag":[],"class_list":{"0":"post-46434","1":"product","2":"type-product","3":"status-publish","4":"has-post-thumbnail","6":"product_brand-iosso","7":"product_cat-buersten","8":"product_cat-waffenreinigung","10":"first","11":"instock","12":"taxable","13":"shipping-taxable","14":"purchasable","15":"product-type-variable","16":"wvs-archive-product-wrapper"},"acf":[],"_links":{"self":[{"href":"https:\/\/nbg.eu\/de\/wp-json\/wp\/v2\/product\/46434","targetHints":{"allow":["GET"]}}],"collection":[{"href":"https:\/\/nbg.eu\/de\/wp-json\/wp\/v2\/product"}],"about":[{"href":"https:\/\/nbg.eu\/de\/wp-json\/wp\/v2\/types\/product"}],"wp:featuredmedia":[{"embeddable":true,"href":"https:\/\/nbg.eu\/de\/wp-json\/wp\/v2\/media\/20902"}],"wp:attachment":[{"href":"https:\/\/nbg.eu\/de\/wp-json\/wp\/v2\/media?parent=46434"}],"wp:term":[{"taxonomy":"product_brand","embeddable":true,"href":"https:\/\/nbg.eu\/de\/wp-json\/wp\/v2\/product_brand?post=46434"},{"taxonomy":"product_cat","embeddable":true,"href":"https:\/\/nbg.eu\/de\/wp-json\/wp\/v2\/product_cat?post=46434"},{"taxonomy":"product_tag","embeddable":true,"href":"https:\/\/nbg.eu\/de\/wp-json\/wp\/v2\/product_tag?post=46434"}],"curies":[{"name":"wp","href":"https:\/\/api.w.org\/{rel}","templated":true}]}}