{"id":47310,"date":"2024-07-30T18:47:47","date_gmt":"2024-07-30T18:47:47","guid":{"rendered":"https:\/\/nbg.eu\/product\/surefire-maxvision-tactician-e2t-mv\/"},"modified":"2026-02-27T15:51:14","modified_gmt":"2026-02-27T12:51:14","slug":"surefire-maxvision-tactician-e2t-mv","status":"publish","type":"product","link":"https:\/\/nbg.eu\/de\/produkt\/surefire-maxvision-tactician-e2t-mv\/","title":{"rendered":"SureFire MAXVISION Tactician E2T-MV"},"content":{"rendered":"<div class=\"product-description\">\n<h2>SureFire MAXVISION Tactician E2T-MV<\/h2>\n<p>Der SureFire MAXVISION Tactician E2T-MV ist eine tragbare Taschenlampe, die auch als improvisierte Waffenlampe verwendet werden kann.<\/p>\n<ul>\n<li>LED mit zwei Leuchtstufen und MaxVision Beam\u00ae Reflektor<\/li>\n<li>800 Lumen auf hoher Stufe<\/li>\n<li>5 Lumen auf niedriger Stufe (95 Stunden Laufzeit)<\/li>\n<li>Taktischer Endkappenschalter f\u00fcr momentane oder dauerhafte Aktivierung<\/li>\n<li>Kompakte L\u00e4nge von 12,7 cm und Gewicht von 99 g<\/li>\n<li>Aluminiumkonstruktion mit Mil-Spec Hart-Eloxierung<\/li>\n<li>IPX7 Wasserdichtigkeitsklasse<\/li>\n<li>Betrieb mit zwei mitgelieferten 123A-Batterien<\/li>\n<\/ul>\n<p>Der Lampenkopf erm\u00f6glicht eine schnelle Anpassung der Leuchtst\u00e4rke: Im Uhrzeigersinn drehen f\u00fcr maximale Leistung, gegen den Uhrzeigersinn f\u00fcr niedrige Leistung. Die Lampe hat eine Spitzenstrahlintensit\u00e4t von 3.200 Candela und eine Leuchtweite von 115 Metern.<\/p>\n<\/div>\n","protected":false},"excerpt":{"rendered":"<p>Vielseitige 800-Lumen-Taktiklampe mit Dual-Output und MaxVision Beam\u00ae.<\/p>\n","protected":false},"featured_media":21264,"template":"","meta":{"_acf_changed":false},"product_brand":[11870],"product_cat":[12092,12069,12038],"product_tag":[],"class_list":{"0":"post-47310","1":"product","2":"type-product","3":"status-publish","4":"has-post-thumbnail","6":"product_brand-surefire","7":"product_cat-edc","8":"product_cat-edc-lichter","9":"product_cat-lichter","11":"first","12":"instock","13":"taxable","14":"shipping-taxable","15":"purchasable","16":"product-type-simple"},"acf":[],"_links":{"self":[{"href":"https:\/\/nbg.eu\/de\/wp-json\/wp\/v2\/product\/47310","targetHints":{"allow":["GET"]}}],"collection":[{"href":"https:\/\/nbg.eu\/de\/wp-json\/wp\/v2\/product"}],"about":[{"href":"https:\/\/nbg.eu\/de\/wp-json\/wp\/v2\/types\/product"}],"wp:featuredmedia":[{"embeddable":true,"href":"https:\/\/nbg.eu\/de\/wp-json\/wp\/v2\/media\/21264"}],"wp:attachment":[{"href":"https:\/\/nbg.eu\/de\/wp-json\/wp\/v2\/media?parent=47310"}],"wp:term":[{"taxonomy":"product_brand","embeddable":true,"href":"https:\/\/nbg.eu\/de\/wp-json\/wp\/v2\/product_brand?post=47310"},{"taxonomy":"product_cat","embeddable":true,"href":"https:\/\/nbg.eu\/de\/wp-json\/wp\/v2\/product_cat?post=47310"},{"taxonomy":"product_tag","embeddable":true,"href":"https:\/\/nbg.eu\/de\/wp-json\/wp\/v2\/product_tag?post=47310"}],"curies":[{"name":"wp","href":"https:\/\/api.w.org\/{rel}","templated":true}]}}