{"id":49164,"date":"2024-07-29T21:45:25","date_gmt":"2024-07-29T18:45:25","guid":{"rendered":"https:\/\/nbg.eu\/product\/ten-speed-single-m4-mag-pouch\/"},"modified":"2026-05-11T15:34:29","modified_gmt":"2026-05-11T12:34:29","slug":"ten-speed-einzelne-m4-magazintasche","status":"publish","type":"product","link":"https:\/\/nbg.eu\/de\/produkt\/ten-speed-einzelne-m4-magazintasche\/","title":{"rendered":"BFG Ten-Speed Einzelne M4 Magazintasche"},"content":{"rendered":"<div class=\"product-description\">\n<h2>Ten-Speed\u00ae Einzel-M4-Magazintasche<\/h2>\n<p>Diese leichte Tasche fasst ein M4-Magazin oder \u00e4hnlich gro\u00dfe Gegenst\u00e4nde. Sie ist mit elastischem Material und ULTRAcomp\u2122 ausgestattet und liegt flach an, wenn sie leer ist.<\/p>\n<h3>Hauptmerkmale:<\/h3>\n<ul>\n<li>Helium Whisper\u00ae Befestigungssystem<\/li>\n<li>MOLLE-kompatibel<\/li>\n<li>60% leichter als herk\u00f6mmliche Taschen<\/li>\n<li>Langlebiges Hochleistungslaminat<\/li>\n<li>Optimierte Halterung und Haltbarkeit<\/li>\n<\/ul>\n<h3>Spezifikationen:<\/h3>\n<ul>\n<li>Gr\u00f6\u00dfe: 0,32 cm x 7,62 cm x 15,24 cm<\/li>\n<li>MOLLE-Feld: 3 x 2<\/li>\n<li>Materialien: Ten-Speed\u00ae Elastik, ULTRAcomp\u2122 Laminat<\/li>\n<\/ul>\n<p>Diese Tasche ist f\u00fcr Milit\u00e4r, Strafverfolgungsbeh\u00f6rden und taktische Anwender geeignet.<\/p>\n<\/div>\n","protected":false},"excerpt":{"rendered":"<p>Leichtes, sicheres M4-Magazintasche. Schneller Zugriff, flaches Profil.<\/p>\n","protected":false},"featured_media":21580,"template":"","meta":{"_acf_changed":false},"product_brand":[11129],"product_cat":[12115,12098,12105],"product_tag":[],"class_list":{"0":"post-49164","1":"product","2":"type-product","3":"status-publish","4":"has-post-thumbnail","6":"product_brand-blue-force-gear","7":"product_cat-ausruestung","8":"product_cat-magazinhalter","9":"product_cat-taschen","11":"first","12":"instock","13":"taxable","14":"shipping-taxable","15":"purchasable","16":"product-type-variable","17":"wvs-archive-product-wrapper"},"acf":[],"_links":{"self":[{"href":"https:\/\/nbg.eu\/de\/wp-json\/wp\/v2\/product\/49164","targetHints":{"allow":["GET"]}}],"collection":[{"href":"https:\/\/nbg.eu\/de\/wp-json\/wp\/v2\/product"}],"about":[{"href":"https:\/\/nbg.eu\/de\/wp-json\/wp\/v2\/types\/product"}],"wp:featuredmedia":[{"embeddable":true,"href":"https:\/\/nbg.eu\/de\/wp-json\/wp\/v2\/media\/21580"}],"wp:attachment":[{"href":"https:\/\/nbg.eu\/de\/wp-json\/wp\/v2\/media?parent=49164"}],"wp:term":[{"taxonomy":"product_brand","embeddable":true,"href":"https:\/\/nbg.eu\/de\/wp-json\/wp\/v2\/product_brand?post=49164"},{"taxonomy":"product_cat","embeddable":true,"href":"https:\/\/nbg.eu\/de\/wp-json\/wp\/v2\/product_cat?post=49164"},{"taxonomy":"product_tag","embeddable":true,"href":"https:\/\/nbg.eu\/de\/wp-json\/wp\/v2\/product_tag?post=49164"}],"curies":[{"name":"wp","href":"https:\/\/api.w.org\/{rel}","templated":true}]}}