{"id":49574,"date":"2024-07-29T16:10:43","date_gmt":"2024-07-29T13:10:43","guid":{"rendered":"https:\/\/nbg.eu\/product\/cobra-buckle-conversion-kit\/"},"modified":"2026-05-13T17:04:41","modified_gmt":"2026-05-13T14:04:41","slug":"cobra-schnallen-umbausatz","status":"publish","type":"product","link":"https:\/\/nbg.eu\/de\/produkt\/cobra-schnallen-umbausatz\/","title":{"rendered":"COBRA Schnallen Umbausatz"},"content":{"rendered":"<div class=\"product-description\">\n<h2>COBRA\u00ae Schnallen-Umr\u00fcstungsset f\u00fcr GRID\u2122 G\u00fcrtel<\/h2>\n<p>R\u00fcsten Sie Ihren GRID\u2122 G\u00fcrtel mit unserem COBRA\u00ae Schnallen-Umr\u00fcstungsset auf, das die patentierte COBRA\u00ae ProStyle Schnalle der n\u00e4chsten Generation enth\u00e4lt. Dieses Set f\u00fcgt Ihrem G\u00fcrtel eine Schnellverschluss-Funktion hinzu.<\/p>\n<h3>Hauptmerkmale:<\/h3>\n<ul>\n<li>Angepasster Stab-Verschluss f\u00fcr reibungsloses Verriegeln und Verhinderung unbeabsichtigten \u00d6ffnens<\/li>\n<li>Erf\u00fcllt ANSI- und CSA-Standards<\/li>\n<li>Zertifiziert f\u00fcr Salzspr\u00fchnebel- und Sandstrahltests<\/li>\n<li>Schnellverschluss-Funktion f\u00fcr zus\u00e4tzliche Bequemlichkeit<\/li>\n<\/ul>\n<p><strong>Hinweis:<\/strong> Dieses Umr\u00fcstungsset erh\u00f6ht nicht die Belastbarkeit des GRID G\u00fcrtels. F\u00fcr lasttragende Optionen betrachten Sie bitte unseren CHLK G\u00fcrtel.<\/p>\n<\/div>\n","protected":false},"excerpt":{"rendered":"<p>COBRA\u00ae Schnallenset: Schnellverschluss-Upgrade f\u00fcr den GRID\u2122 G\u00fcrtel. Sicher, stilvoll.<\/p>\n","protected":false},"featured_media":21637,"template":"","meta":{"_acf_changed":false},"product_brand":[14544],"product_cat":[12115,12116],"product_tag":[],"class_list":{"0":"post-49574","1":"product","2":"type-product","3":"status-publish","4":"has-post-thumbnail","6":"product_brand-skedco","7":"product_cat-ausruestung","8":"product_cat-taktische-guertel","10":"first","11":"instock","12":"taxable","13":"shipping-taxable","14":"purchasable","15":"product-type-variable","16":"wvs-archive-product-wrapper"},"acf":[],"_links":{"self":[{"href":"https:\/\/nbg.eu\/de\/wp-json\/wp\/v2\/product\/49574","targetHints":{"allow":["GET"]}}],"collection":[{"href":"https:\/\/nbg.eu\/de\/wp-json\/wp\/v2\/product"}],"about":[{"href":"https:\/\/nbg.eu\/de\/wp-json\/wp\/v2\/types\/product"}],"wp:featuredmedia":[{"embeddable":true,"href":"https:\/\/nbg.eu\/de\/wp-json\/wp\/v2\/media\/21637"}],"wp:attachment":[{"href":"https:\/\/nbg.eu\/de\/wp-json\/wp\/v2\/media?parent=49574"}],"wp:term":[{"taxonomy":"product_brand","embeddable":true,"href":"https:\/\/nbg.eu\/de\/wp-json\/wp\/v2\/product_brand?post=49574"},{"taxonomy":"product_cat","embeddable":true,"href":"https:\/\/nbg.eu\/de\/wp-json\/wp\/v2\/product_cat?post=49574"},{"taxonomy":"product_tag","embeddable":true,"href":"https:\/\/nbg.eu\/de\/wp-json\/wp\/v2\/product_tag?post=49574"}],"curies":[{"name":"wp","href":"https:\/\/api.w.org\/{rel}","templated":true}]}}