{"id":50948,"date":"2024-01-30T18:05:11","date_gmt":"2024-01-30T18:05:11","guid":{"rendered":"https:\/\/nbg.eu\/product\/blue-force-gear-vickers-padded-sling\/"},"modified":"2026-01-21T12:31:29","modified_gmt":"2026-01-21T09:31:29","slug":"blue-force-gear-vickers-gepolsterter-trageriemen","status":"publish","type":"product","link":"https:\/\/nbg.eu\/de\/produkt\/blue-force-gear-vickers-gepolsterter-trageriemen\/","title":{"rendered":"Blue Force Gear Vickers Gepolsterter Trageriemen"},"content":{"rendered":"<h2>Blue Force Gear Vickers Gepolsterter Gewehrriemen<\/h2>\n<p>Der patentierte Vickers gepolsterte Gewehrriemen f\u00fcr Kampfanwendungen wurde in Zusammenarbeit mit Larry Vickers, einem ehemaligen Mitglied der 1st SFOD-Delta, entwickelt. Dieser schnell verstellbare taktische Riemen wird vom US-Milit\u00e4r verwendet.<\/p>\n<h2>Hauptmerkmale:<\/h2>\n<ul>\n<li>5 cm breite Polsterung f\u00fcr zus\u00e4tzlichen Komfort<\/li>\n<li>Konstruktion aus geschlossenzelligem Schaumstoff<\/li>\n<li>Schnellversteller f\u00fcr sofortige L\u00e4ngen\u00e4nderungen<\/li>\n<li>\u00dcbergang vom Tragen zur Einsatzbereitschaft<\/li>\n<li>In den USA aus hochwertigen Materialien hergestellt<\/li>\n<\/ul>\n<p>Der Vickers gepolsterte Riemen bietet Komfort und Funktionalit\u00e4t.<\/p>\n","protected":false},"excerpt":{"rendered":"<p>Schnell verstellbarer taktischer Gewehrriemen mit gepolstertem Komfort f\u00fcr Gewehre.<\/p>\n","protected":false},"featured_media":20142,"template":"","meta":{"_acf_changed":false},"product_brand":[11129],"product_cat":[12115,12043],"product_tag":[],"class_list":{"0":"post-50948","1":"product","2":"type-product","3":"status-publish","4":"has-post-thumbnail","6":"product_brand-blue-force-gear","7":"product_cat-ausruestung","8":"product_cat-trageriemen","10":"first","11":"instock","12":"taxable","13":"shipping-taxable","14":"purchasable","15":"product-type-variable","16":"wvs-archive-product-wrapper"},"acf":[],"_links":{"self":[{"href":"https:\/\/nbg.eu\/de\/wp-json\/wp\/v2\/product\/50948","targetHints":{"allow":["GET"]}}],"collection":[{"href":"https:\/\/nbg.eu\/de\/wp-json\/wp\/v2\/product"}],"about":[{"href":"https:\/\/nbg.eu\/de\/wp-json\/wp\/v2\/types\/product"}],"wp:featuredmedia":[{"embeddable":true,"href":"https:\/\/nbg.eu\/de\/wp-json\/wp\/v2\/media\/20142"}],"wp:attachment":[{"href":"https:\/\/nbg.eu\/de\/wp-json\/wp\/v2\/media?parent=50948"}],"wp:term":[{"taxonomy":"product_brand","embeddable":true,"href":"https:\/\/nbg.eu\/de\/wp-json\/wp\/v2\/product_brand?post=50948"},{"taxonomy":"product_cat","embeddable":true,"href":"https:\/\/nbg.eu\/de\/wp-json\/wp\/v2\/product_cat?post=50948"},{"taxonomy":"product_tag","embeddable":true,"href":"https:\/\/nbg.eu\/de\/wp-json\/wp\/v2\/product_tag?post=50948"}],"curies":[{"name":"wp","href":"https:\/\/api.w.org\/{rel}","templated":true}]}}