{"id":51795,"date":"2024-03-13T08:48:23","date_gmt":"2024-03-13T05:48:23","guid":{"rendered":"https:\/\/nbg.eu\/product\/bore-tech-c4-carbon-remover-4-oz\/"},"modified":"2026-05-13T15:05:34","modified_gmt":"2026-05-13T12:05:34","slug":"bore-tech-c4-kohlenstoffentferner-4-oz","status":"publish","type":"product","link":"https:\/\/nbg.eu\/de\/produkt\/bore-tech-c4-kohlenstoffentferner-4-oz\/","title":{"rendered":"Bore Tech C4 Kohlenstoffentferner"},"content":{"rendered":"<div class=\"product-description\">\n<h2>Bore Tech C4 Kohleentferner<\/h2>\n<p>Bore Tech C4 Kohleentferner entfernt Kohlenstoffablagerungen. Die Formel beseitigt starke Kohlenstoffverschmutzungen ohne Gefahrstoffe, Giftstoffe oder Ger\u00fcche. Sie ist f\u00fcr L\u00e4ufe sicher, ungef\u00e4hrlich und ammoniakfrei. Geeignet f\u00fcr L\u00e4ufe, Verschlusstr\u00e4ger und andere Teile.<\/p>\n<\/div>\n","protected":false},"excerpt":{"rendered":"<p>Leistungsstarker, sicherer Kohler\u00fcckstandsentferner f\u00fcr Schusswaffen. Schnell und effektiv.<\/p>\n","protected":false},"featured_media":745834,"template":"","meta":{"_acf_changed":false},"product_brand":[11154],"product_cat":[12122,12049],"product_tag":[],"class_list":{"0":"post-51795","1":"product","2":"type-product","3":"status-publish","4":"has-post-thumbnail","6":"product_brand-boretech","7":"product_cat-reiniger","8":"product_cat-waffenreinigung","10":"first","11":"instock","12":"taxable","13":"shipping-taxable","14":"purchasable","15":"product-type-variable","16":"wvs-archive-product-wrapper"},"acf":[],"_links":{"self":[{"href":"https:\/\/nbg.eu\/de\/wp-json\/wp\/v2\/product\/51795","targetHints":{"allow":["GET"]}}],"collection":[{"href":"https:\/\/nbg.eu\/de\/wp-json\/wp\/v2\/product"}],"about":[{"href":"https:\/\/nbg.eu\/de\/wp-json\/wp\/v2\/types\/product"}],"wp:featuredmedia":[{"embeddable":true,"href":"https:\/\/nbg.eu\/de\/wp-json\/wp\/v2\/media\/745834"}],"wp:attachment":[{"href":"https:\/\/nbg.eu\/de\/wp-json\/wp\/v2\/media?parent=51795"}],"wp:term":[{"taxonomy":"product_brand","embeddable":true,"href":"https:\/\/nbg.eu\/de\/wp-json\/wp\/v2\/product_brand?post=51795"},{"taxonomy":"product_cat","embeddable":true,"href":"https:\/\/nbg.eu\/de\/wp-json\/wp\/v2\/product_cat?post=51795"},{"taxonomy":"product_tag","embeddable":true,"href":"https:\/\/nbg.eu\/de\/wp-json\/wp\/v2\/product_tag?post=51795"}],"curies":[{"name":"wp","href":"https:\/\/api.w.org\/{rel}","templated":true}]}}