{"id":526413,"date":"2025-08-20T17:48:48","date_gmt":"2025-08-20T14:48:48","guid":{"rendered":"https:\/\/nbg.eu\/product\/recoil-spring-ismi-15-lb-spring-for-glock-17-gl15\/"},"modified":"2026-01-21T11:39:14","modified_gmt":"2026-01-21T08:39:14","slug":"recoil-spring-ismi-15-lb-spring-for-glock-17-gl15","status":"publish","type":"product","link":"https:\/\/nbg.eu\/de\/produkt\/recoil-spring-ismi-15-lb-spring-for-glock-17-gl15\/","title":{"rendered":"Recoil spring ISMI 15 lb. Spring for Glock 17 (GL15)"},"content":{"rendered":"<div class=\"product-description\">\n<h2>ISMI 15 lb. Flachdraht-R\u00fccksto\u00dffeder f\u00fcr Glock 17 (GL15)<\/h2>\n<p>R\u00fccksto\u00dffeder von ISMI f\u00fcr die Glock 17. Diese 15 lb. Flachdrahtfeder ist aus Chrom-Vanadium-Legierung hergestellt und passt auf F\u00fchrungsstangen mit Werksdurchmesser von 0,250&#8243; oder weniger.<\/p>\n<ul>\n<li>CAD-entwickelt und nach Luftfahrtspezifikationen gebaut<\/li>\n<li>W\u00e4rmebehandelt, kugelgestrahlt und spannungsfrei gegl\u00fcht<\/li>\n<li>F\u00fcr gleichm\u00e4\u00dfige und zuverl\u00e4ssige Funktion<\/li>\n<li>Kompatibel mit Glock 17, 17L, 20, 21, 22, 24, 31, 35<\/li>\n<li>Hergestellt in den USA<\/li>\n<\/ul>\n<p>R\u00fccksto\u00dffeder von ISMI f\u00fcr verbesserte Zuverl\u00e4ssigkeit und Leistung der Glock.<\/p>\n<\/div>\n","protected":false},"excerpt":{"rendered":"<p>Pr\u00e4zisions-15lb-Flachdraht-R\u00fccksto\u00dffeder f\u00fcr Glock 17. In den USA hergestellt, verbessert die Leistung.<\/p>\n","protected":false},"featured_media":470571,"template":"","meta":{"_acf_changed":false},"product_brand":[11407],"product_cat":[12075,12057],"product_tag":[],"class_list":{"0":"post-526413","1":"product","2":"type-product","3":"status-publish","4":"has-post-thumbnail","6":"product_brand-glock","7":"product_cat-federn","8":"product_cat-kmr-teile","10":"first","11":"outofstock","12":"taxable","13":"shipping-taxable","14":"purchasable","15":"product-type-simple"},"acf":[],"_links":{"self":[{"href":"https:\/\/nbg.eu\/de\/wp-json\/wp\/v2\/product\/526413","targetHints":{"allow":["GET"]}}],"collection":[{"href":"https:\/\/nbg.eu\/de\/wp-json\/wp\/v2\/product"}],"about":[{"href":"https:\/\/nbg.eu\/de\/wp-json\/wp\/v2\/types\/product"}],"wp:featuredmedia":[{"embeddable":true,"href":"https:\/\/nbg.eu\/de\/wp-json\/wp\/v2\/media\/470571"}],"wp:attachment":[{"href":"https:\/\/nbg.eu\/de\/wp-json\/wp\/v2\/media?parent=526413"}],"wp:term":[{"taxonomy":"product_brand","embeddable":true,"href":"https:\/\/nbg.eu\/de\/wp-json\/wp\/v2\/product_brand?post=526413"},{"taxonomy":"product_cat","embeddable":true,"href":"https:\/\/nbg.eu\/de\/wp-json\/wp\/v2\/product_cat?post=526413"},{"taxonomy":"product_tag","embeddable":true,"href":"https:\/\/nbg.eu\/de\/wp-json\/wp\/v2\/product_tag?post=526413"}],"curies":[{"name":"wp","href":"https:\/\/api.w.org\/{rel}","templated":true}]}}