{"id":527188,"date":"2025-09-02T20:11:34","date_gmt":"2025-09-02T17:11:34","guid":{"rendered":"https:\/\/nbg.eu\/product\/ftcs-enlarged-magazine-catch-ak-platform-graphite-black-h-146-nr-29\/"},"modified":"2026-01-21T12:01:49","modified_gmt":"2026-01-21T09:01:49","slug":"ftcs-enlarged-magazine-catch-ak-platform-graphite-black-h-146-nr-29","status":"publish","type":"product","link":"https:\/\/nbg.eu\/de\/produkt\/ftcs-enlarged-magazine-catch-ak-platform-graphite-black-h-146-nr-29\/","title":{"rendered":"FTCS &#8211; Enlarged Magazine Catch &#8211; AK Platform &#8211; Graphite Black H-146 &#8211; Nr. 29"},"content":{"rendered":"<div class=\"product-description\">\n<h1>FTCS &#8211; Vergr\u00f6\u00dferter Magazinhalter &#8211; AK-Plattform<\/h1>\n<h2>Graphitschwarz H-146 &#8211; Nr. 29<\/h2>\n<p>Vergr\u00f6\u00dferter Magazinhalter von FTCS f\u00fcr AK-Plattform-Karabiner. Entwickelt f\u00fcr einfacheres Entfernen des Magazins.<\/p>\n<ul>\n<li>Kompatibel mit den meisten AK\/AKM\/AK-74 Waffen<\/li>\n<li>Aus Stahl mit Cerakote-Beschichtung<\/li>\n<li>Graphitschwarz H-146 Farbe<\/li>\n<li>Gerippte Zunge f\u00fcr besseren Griff<\/li>\n<li>Abmessungen: 51 x 16 x 14 mm<\/li>\n<li>Gewicht: 20 g<\/li>\n<\/ul>\n<p>Erm\u00f6glicht die Magazinfreigabe mit dem Daumen oder einem zweiten Magazin. Die Cerakote-Beschichtung sorgt f\u00fcr Haltbarkeit.<\/p>\n<\/div>\n","protected":false},"excerpt":{"rendered":"<p>Vergr\u00f6\u00dferter AK-Magazinhalter. Einfache Freigabe. Stahl, Cerakote-Beschichtung. Graphitschwarz.<\/p>\n","protected":false},"featured_media":0,"template":"","meta":{"_acf_changed":false},"product_brand":[],"product_cat":[12123],"product_tag":[],"class_list":{"0":"post-527188","1":"product","2":"type-product","3":"status-publish","5":"product_cat-unkategorisiert","7":"first","8":"instock","9":"taxable","10":"shipping-taxable","11":"purchasable","12":"product-type-simple"},"acf":[],"_links":{"self":[{"href":"https:\/\/nbg.eu\/de\/wp-json\/wp\/v2\/product\/527188","targetHints":{"allow":["GET"]}}],"collection":[{"href":"https:\/\/nbg.eu\/de\/wp-json\/wp\/v2\/product"}],"about":[{"href":"https:\/\/nbg.eu\/de\/wp-json\/wp\/v2\/types\/product"}],"wp:attachment":[{"href":"https:\/\/nbg.eu\/de\/wp-json\/wp\/v2\/media?parent=527188"}],"wp:term":[{"taxonomy":"product_brand","embeddable":true,"href":"https:\/\/nbg.eu\/de\/wp-json\/wp\/v2\/product_brand?post=527188"},{"taxonomy":"product_cat","embeddable":true,"href":"https:\/\/nbg.eu\/de\/wp-json\/wp\/v2\/product_cat?post=527188"},{"taxonomy":"product_tag","embeddable":true,"href":"https:\/\/nbg.eu\/de\/wp-json\/wp\/v2\/product_tag?post=527188"}],"curies":[{"name":"wp","href":"https:\/\/api.w.org\/{rel}","templated":true}]}}