{"id":534509,"date":"2025-09-04T20:13:16","date_gmt":"2025-09-04T17:13:16","guid":{"rendered":"https:\/\/nbg.eu\/product\/ismi-17-lb-pruzhina-za-glock-17-gl17\/"},"modified":"2026-02-27T15:51:50","modified_gmt":"2026-02-27T12:51:50","slug":"ismi-17-lb-pruzhina-za-glock-17-gl17","status":"publish","type":"product","link":"https:\/\/nbg.eu\/de\/produkt\/ismi-17-lb-pruzhina-za-glock-17-gl17\/","title":{"rendered":"ISMI 17 lb. \u041f\u0440\u0443\u0436\u0438\u043d\u0430 \u0437\u0430 Glock 17 (GL17)"},"content":{"rendered":"<div class=\"product-description\">\n<h2>ISMI 17 lb. Feder f\u00fcr Glock 17 (GL17)<\/h2>\n<p>Diese 17 lb R\u00fccksto\u00dffeder f\u00fcr Ihre Glock 17 wird in den USA nach Luftfahrtspezifikationen hergestellt und bietet:<\/p>\n<ul>\n<li>CAD-Design f\u00fcr pr\u00e4zise Passform<\/li>\n<li>Hergestellt aus Chrom-Silizium, rostfreiem Stahl oder Chrom-Vanadium<\/li>\n<li>W\u00e4rmebehandelt, kugelgestrahlt und spannungsarm gegl\u00fcht f\u00fcr Haltbarkeit<\/li>\n<li>Flachdrahtdesign f\u00fcr reibungslosen Betrieb<\/li>\n<li>Passt auf werkseitige F\u00fchrungsstangen (.250&#8243; oder weniger)<\/li>\n<li>Kompatibel mit Glock 17, 17L, 20, 21, 22, 24, 31, 35<\/li>\n<\/ul>\n<p>Diese korrosionsbest\u00e4ndige Feder ist f\u00fcr die Anforderungen Ihrer Glock 17 konzipiert.<\/p>\n<\/div>\n","protected":false},"excerpt":{"rendered":"<p>17 lb R\u00fcckholfeder f\u00fcr Glock 17. In den USA hergestellt, langlebig und zuverl\u00e4ssig.<\/p>\n","protected":false},"featured_media":495347,"template":"","meta":{"_acf_changed":false},"product_brand":[],"product_cat":[12075,12053],"product_tag":[],"class_list":{"0":"post-534509","1":"product","2":"type-product","3":"status-publish","4":"has-post-thumbnail","6":"product_cat-federn","7":"product_cat-pistolenteile","9":"first","10":"outofstock","11":"taxable","12":"shipping-taxable","13":"purchasable","14":"product-type-simple"},"acf":[],"_links":{"self":[{"href":"https:\/\/nbg.eu\/de\/wp-json\/wp\/v2\/product\/534509","targetHints":{"allow":["GET"]}}],"collection":[{"href":"https:\/\/nbg.eu\/de\/wp-json\/wp\/v2\/product"}],"about":[{"href":"https:\/\/nbg.eu\/de\/wp-json\/wp\/v2\/types\/product"}],"wp:featuredmedia":[{"embeddable":true,"href":"https:\/\/nbg.eu\/de\/wp-json\/wp\/v2\/media\/495347"}],"wp:attachment":[{"href":"https:\/\/nbg.eu\/de\/wp-json\/wp\/v2\/media?parent=534509"}],"wp:term":[{"taxonomy":"product_brand","embeddable":true,"href":"https:\/\/nbg.eu\/de\/wp-json\/wp\/v2\/product_brand?post=534509"},{"taxonomy":"product_cat","embeddable":true,"href":"https:\/\/nbg.eu\/de\/wp-json\/wp\/v2\/product_cat?post=534509"},{"taxonomy":"product_tag","embeddable":true,"href":"https:\/\/nbg.eu\/de\/wp-json\/wp\/v2\/product_tag?post=534509"}],"curies":[{"name":"wp","href":"https:\/\/api.w.org\/{rel}","templated":true}]}}