{"id":534957,"date":"2025-09-04T20:17:18","date_gmt":"2025-09-04T17:17:18","guid":{"rendered":"https:\/\/nbg.eu\/product\/sprinco-usa-ar-308-buferna-pruzhina-25004-cherveno\/"},"modified":"2026-01-21T12:05:00","modified_gmt":"2026-01-21T09:05:00","slug":"sprinco-usa-ar-308-bufferfeder-25004-rot","status":"publish","type":"product","link":"https:\/\/nbg.eu\/de\/produkt\/sprinco-usa-ar-308-bufferfeder-25004-rot\/","title":{"rendered":"SPRINCO USA AR .308 Bufferfeder (25004) Rot"},"content":{"rendered":"<div class=\"product-description\">\n<h2>SPRINCO USA AR .308 Pufferfeder (25004) Rot<\/h2>\n<p>Die SPRINCO USA AR .308 Pufferfeder (25004) Rot f\u00fcr AR-Plattform-Feuerwaffen bietet:<\/p>\n<ul>\n<li>H\u00f6here Haltbarkeit und Langlebigkeit im Vergleich zu Standardfedern<\/li>\n<li>Verbesserte Zuverl\u00e4ssigkeit und Zyklus, besonders in \u00fcberm\u00e4\u00dfig mit Gas betriebenen Systemen<\/li>\n<li>Reduziertes Verschlussprellen f\u00fcr gleichm\u00e4\u00dfigeren Betrieb<\/li>\n<li>Verbesserte R\u00fccksto\u00dfkontrolle<\/li>\n<li>Kompatibilit\u00e4t mit Feuerwaffen mit Schalld\u00e4mpfer<\/li>\n<\/ul>\n<p>Diese Feder wurde speziell f\u00fcr M4- und CAR-15-Karabiner-Puffersysteme entwickelt. Sie hat eine rote Farbe zur einfachen Identifikation. Die Feder wird in einem sch\u00fctzenden Hartrohr verpackt geliefert und ist f\u00fcr AR-15-Plattform-Karabiner geeignet.<\/p>\n<\/div>\n","protected":false},"excerpt":{"rendered":"<p>Hochleistungs-AR .308 Pufferfeder. Rote Farbe, erh\u00f6ht die Zuverl\u00e4ssigkeit.<\/p>\n","protected":false},"featured_media":495522,"template":"","meta":{"_acf_changed":false},"product_brand":[14587],"product_cat":[12075,12057],"product_tag":[],"class_list":{"0":"post-534957","1":"product","2":"type-product","3":"status-publish","4":"has-post-thumbnail","6":"product_brand-sprinco-usa","7":"product_cat-federn","8":"product_cat-kmr-teile","10":"first","11":"instock","12":"taxable","13":"shipping-taxable","14":"purchasable","15":"product-type-simple"},"acf":[],"_links":{"self":[{"href":"https:\/\/nbg.eu\/de\/wp-json\/wp\/v2\/product\/534957","targetHints":{"allow":["GET"]}}],"collection":[{"href":"https:\/\/nbg.eu\/de\/wp-json\/wp\/v2\/product"}],"about":[{"href":"https:\/\/nbg.eu\/de\/wp-json\/wp\/v2\/types\/product"}],"wp:featuredmedia":[{"embeddable":true,"href":"https:\/\/nbg.eu\/de\/wp-json\/wp\/v2\/media\/495522"}],"wp:attachment":[{"href":"https:\/\/nbg.eu\/de\/wp-json\/wp\/v2\/media?parent=534957"}],"wp:term":[{"taxonomy":"product_brand","embeddable":true,"href":"https:\/\/nbg.eu\/de\/wp-json\/wp\/v2\/product_brand?post=534957"},{"taxonomy":"product_cat","embeddable":true,"href":"https:\/\/nbg.eu\/de\/wp-json\/wp\/v2\/product_cat?post=534957"},{"taxonomy":"product_tag","embeddable":true,"href":"https:\/\/nbg.eu\/de\/wp-json\/wp\/v2\/product_tag?post=534957"}],"curies":[{"name":"wp","href":"https:\/\/api.w.org\/{rel}","templated":true}]}}